{"id":9930,"date":"2023-05-15T14:05:45","date_gmt":"2023-05-15T14:05:45","guid":{"rendered":"https:\/\/mamposteriacarrascoy.es\/?page_id=9930"},"modified":"2023-06-05T13:37:48","modified_gmt":"2023-06-05T13:37:48","slug":"piedra-la-nucia","status":"publish","type":"page","link":"https:\/\/mamposteriacarrascoy.es\/index.php\/piedra-la-nucia\/","title":{"rendered":"Piedra La Nucia"},"content":{"rendered":"\t\t<div data-elementor-type=\"wp-page\" data-elementor-id=\"9930\" class=\"elementor elementor-9930\">\n\t\t\t\t\t\t\t\t\t<section class=\"elementor-section elementor-top-section elementor-element elementor-element-a40d22d elementor-section-boxed elementor-section-height-default elementor-section-height-default\" data-id=\"a40d22d\" data-element_type=\"section\">\n\t\t\t\t\t\t<div class=\"elementor-container elementor-column-gap-default\">\n\t\t\t\t\t<div class=\"elementor-column elementor-col-100 elementor-top-column elementor-element elementor-element-48a08d2 ot-flex-column-vertical\" data-id=\"48a08d2\" data-element_type=\"column\">\n\t\t\t<div class=\"elementor-widget-wrap elementor-element-populated\">\n\t\t\t\t\t\t\t\t<div class=\"elementor-element elementor-element-d8f8f7b elementor-widget elementor-widget-heading\" data-id=\"d8f8f7b\" data-element_type=\"widget\" data-widget_type=\"heading.default\">\n\t\t\t\t<div class=\"elementor-widget-container\">\n\t\t\t<style>\/*! elementor - v3.13.3 - 28-05-2023 *\/\n.elementor-heading-title{padding:0;margin:0;line-height:1}.elementor-widget-heading .elementor-heading-title[class*=elementor-size-]>a{color:inherit;font-size:inherit;line-height:inherit}.elementor-widget-heading .elementor-heading-title.elementor-size-small{font-size:15px}.elementor-widget-heading .elementor-heading-title.elementor-size-medium{font-size:19px}.elementor-widget-heading .elementor-heading-title.elementor-size-large{font-size:29px}.elementor-widget-heading .elementor-heading-title.elementor-size-xl{font-size:39px}.elementor-widget-heading .elementor-heading-title.elementor-size-xxl{font-size:59px}<\/style><h2 class=\"elementor-heading-title elementor-size-default\">Piedras La Nucia<\/h2>\t\t<\/div>\n\t\t\t\t<\/div>\n\t\t\t\t<div class=\"elementor-element elementor-element-aca147c elementor-widget elementor-widget-text-editor\" data-id=\"aca147c\" data-element_type=\"widget\" data-widget_type=\"text-editor.default\">\n\t\t\t\t<div class=\"elementor-widget-container\">\n\t\t\t<style>\/*! elementor - v3.13.3 - 28-05-2023 *\/\n.elementor-widget-text-editor.elementor-drop-cap-view-stacked .elementor-drop-cap{background-color:#69727d;color:#fff}.elementor-widget-text-editor.elementor-drop-cap-view-framed .elementor-drop-cap{color:#69727d;border:3px solid;background-color:transparent}.elementor-widget-text-editor:not(.elementor-drop-cap-view-default) .elementor-drop-cap{margin-top:8px}.elementor-widget-text-editor:not(.elementor-drop-cap-view-default) .elementor-drop-cap-letter{width:1em;height:1em}.elementor-widget-text-editor .elementor-drop-cap{float:left;text-align:center;line-height:1;font-size:50px}.elementor-widget-text-editor .elementor-drop-cap-letter{display:inline-block}<\/style>\t\t\t\t<p>La piedra La Nucia es una elecci\u00f3n popular en la mamposter\u00eda debido a su belleza natural y su versatilidad en aplicaciones de construcci\u00f3n y dise\u00f1o. Originaria de la localidad de La Nucia, en Espa\u00f1a, esta piedra se destaca por su apariencia distintiva y sus propiedades duraderas.<\/p><p>La piedra La Nucia presenta una combinaci\u00f3n de tonalidades claras y c\u00e1lidas, que van desde el beige suave hasta el crema y el blanco roto. Estos colores suaves y neutros le brindan a esta piedra una elegancia atemporal y la hacen adecuada para una amplia variedad de estilos arquitect\u00f3nicos y decorativos.<\/p><p>Adem\u00e1s de su atractivo est\u00e9tico, la piedra La Nucia es apreciada por su durabilidad y resistencia. Esta piedra natural es capaz de resistir los elementos clim\u00e1ticos, as\u00ed como el desgaste y los impactos diarios, manteniendo su integridad y belleza con el paso del tiempo. Esto la convierte en una opci\u00f3n ideal para revestimientos de fachadas, muros exteriores e interiores, y elementos decorativos en proyectos de mamposter\u00eda.<\/p><p>La piedra La Nucia ofrece una amplia gama de posibilidades de dise\u00f1o debido a su textura y forma variadas. Puede presentarse en formas irregulares o en cortes m\u00e1s regulares, lo que permite adaptarse a diferentes estilos y preferencias est\u00e9ticas. Adem\u00e1s, su textura natural aporta una sensaci\u00f3n de autenticidad y calidez a cualquier espacio.<\/p><p>Dentro de las piedras La Nucia podemos encontrar varios tipos de piedras seg\u00fan su forma\u00a0<\/p>\t\t\t\t\t\t<\/div>\n\t\t\t\t<\/div>\n\t\t\t\t\t<\/div>\n\t\t<\/div>\n\t\t\t\t\t\t\t<\/div>\n\t\t<\/section>\n\t\t\t\t<section class=\"elementor-section elementor-top-section elementor-element elementor-element-8b519b0 elementor-reverse-mobile elementor-section-boxed elementor-section-height-default elementor-section-height-default\" data-id=\"8b519b0\" data-element_type=\"section\">\n\t\t\t\t\t\t<div class=\"elementor-container elementor-column-gap-default\">\n\t\t\t\t\t<div class=\"elementor-column elementor-col-50 elementor-top-column elementor-element elementor-element-8355a74 ot-column-items-center ot-flex-column-vertical\" data-id=\"8355a74\" data-element_type=\"column\">\n\t\t\t<div class=\"elementor-widget-wrap elementor-element-populated\">\n\t\t\t\t\t\t\t\t<div class=\"elementor-element elementor-element-a2ed580 elementor-widget elementor-widget-heading\" data-id=\"a2ed580\" data-element_type=\"widget\" data-widget_type=\"heading.default\">\n\t\t\t\t<div class=\"elementor-widget-container\">\n\t\t\t<h2 class=\"elementor-heading-title elementor-size-default\">TRESBOLILLO<\/h2>\t\t<\/div>\n\t\t\t\t<\/div>\n\t\t\t\t<div class=\"elementor-element elementor-element-ca3a434 elementor-widget elementor-widget-text-editor\" data-id=\"ca3a434\" data-element_type=\"widget\" data-widget_type=\"text-editor.default\">\n\t\t\t\t<div class=\"elementor-widget-container\">\n\t\t\t\t\t\t\t<p>El \u00abtresbolillo\u00bb es un patr\u00f3n de mamposter\u00eda en el que las piedras se colocan formando grupos de tres en forma de tr\u00e9bol. Esta disposici\u00f3n ofrece una est\u00e9tica distintiva al muro. Dentro del patr\u00f3n tresbolillo, se pueden encontrar diferentes ajustes, como el ajuste ajustado, muy ajustado, a mano levantada con junta sin tapar y a mano levantada con junta tapada. Estos ajustes ofrecen variedad est\u00e9tica y se adaptan a diferentes preferencias en la construcci\u00f3n de muros de mamposter\u00eda. El patr\u00f3n tresbolillo es una elecci\u00f3n popular que brinda un aspecto \u00fanico y atractivo a los muros.<\/p>\t\t\t\t\t\t<\/div>\n\t\t\t\t<\/div>\n\t\t\t\t<div class=\"elementor-element elementor-element-9e9828f elementor-align-center elementor-widget elementor-widget-ibutton\" data-id=\"9e9828f\" data-element_type=\"widget\" id=\"botonLaNunciaTresbolillo\" data-widget_type=\"ibutton.default\">\n\t\t\t\t<div class=\"elementor-widget-container\">\n\t\t\t\t\t<div class=\"ot-button\">\r\n\t\t\t<a class=\"octf-btn octf-btn-dark\">Ver ajustes<\/a>\r\n\t    <\/div>\r\n\t    \t\t<\/div>\n\t\t\t\t<\/div>\n\t\t\t\t\t<\/div>\n\t\t<\/div>\n\t\t\t\t<div class=\"elementor-column elementor-col-50 elementor-top-column elementor-element elementor-element-9848fe7 ot-flex-column-vertical\" data-id=\"9848fe7\" data-element_type=\"column\">\n\t\t\t<div class=\"elementor-widget-wrap elementor-element-populated\">\n\t\t\t\t\t\t\t\t<div class=\"elementor-element elementor-element-7408f55 elementor-widget elementor-widget-image\" data-id=\"7408f55\" data-element_type=\"widget\" data-widget_type=\"image.default\">\n\t\t\t\t<div class=\"elementor-widget-container\">\n\t\t\t<style>\/*! elementor - v3.13.3 - 28-05-2023 *\/\n.elementor-widget-image{text-align:center}.elementor-widget-image a{display:inline-block}.elementor-widget-image a img[src$=\".svg\"]{width:48px}.elementor-widget-image img{vertical-align:middle;display:inline-block}<\/style>\t\t\t\t\t\t\t\t\t\t\t\t<img loading=\"lazy\" decoding=\"async\" width=\"720\" height=\"720\" src=\"https:\/\/mamposteriacarrascoy.es\/wp-content\/uploads\/2023\/05\/muro-la-nucia-ajustado-tresbolillo.jpg\" class=\"attachment-large size-large wp-image-10162\" alt=\"\" srcset=\"https:\/\/mamposteriacarrascoy.es\/wp-content\/uploads\/2023\/05\/muro-la-nucia-ajustado-tresbolillo.jpg 720w, https:\/\/mamposteriacarrascoy.es\/wp-content\/uploads\/2023\/05\/muro-la-nucia-ajustado-tresbolillo-300x300.jpg 300w, https:\/\/mamposteriacarrascoy.es\/wp-content\/uploads\/2023\/05\/muro-la-nucia-ajustado-tresbolillo-150x150.jpg 150w\" sizes=\"(max-width: 720px) 100vw, 720px\" \/>\t\t\t\t\t\t\t\t\t\t\t\t\t\t\t<\/div>\n\t\t\t\t<\/div>\n\t\t\t\t\t<\/div>\n\t\t<\/div>\n\t\t\t\t\t\t\t<\/div>\n\t\t<\/section>\n\t\t\t\t<section class=\"elementor-section elementor-top-section elementor-element elementor-element-589cd31 elementor-section-boxed elementor-section-height-default elementor-section-height-default\" data-id=\"589cd31\" data-element_type=\"section\" id=\"seccionLaNunciaTresbolillo\">\n\t\t\t\t\t\t<div class=\"elementor-container elementor-column-gap-wide\">\n\t\t\t\t\t<div class=\"elementor-column elementor-col-33 elementor-top-column elementor-element elementor-element-f6424f6 ot-flex-column-vertical\" data-id=\"f6424f6\" data-element_type=\"column\">\n\t\t\t<div class=\"elementor-widget-wrap\">\n\t\t\t\t\t\t\t\t\t<\/div>\n\t\t<\/div>\n\t\t\t\t<div class=\"elementor-column elementor-col-33 elementor-top-column elementor-element elementor-element-520daa0 ot-flex-column-vertical\" data-id=\"520daa0\" data-element_type=\"column\">\n\t\t\t<div class=\"elementor-widget-wrap elementor-element-populated\">\n\t\t\t\t\t\t\t\t<div class=\"elementor-element elementor-element-858aaeb elementor-widget elementor-widget-theratio-service-box\" data-id=\"858aaeb\" data-element_type=\"widget\" data-widget_type=\"theratio-service-box.default\">\n\t\t\t\t<div class=\"elementor-widget-container\">\n\t\t\t\t\t<div class=\"service-box\">\r\n\t        <div class=\"box-content\">\r\n\t       \t\t\t       \t\t<div class=\"image-box img-lgpopup\">\r\n\t       \t\t\t<div data-src=\"https:\/\/mamposteriacarrascoy.es\/wp-content\/uploads\/2023\/05\/muro-la-nucia-ajustado-tresbolillo.jpg\"><img loading=\"lazy\" decoding=\"async\" width=\"720\" height=\"720\" src=\"https:\/\/mamposteriacarrascoy.es\/wp-content\/uploads\/2023\/05\/muro-la-nucia-ajustado-tresbolillo.jpg\" class=\"attachment-full size-full wp-image-10162\" alt=\"\" srcset=\"https:\/\/mamposteriacarrascoy.es\/wp-content\/uploads\/2023\/05\/muro-la-nucia-ajustado-tresbolillo.jpg 720w, https:\/\/mamposteriacarrascoy.es\/wp-content\/uploads\/2023\/05\/muro-la-nucia-ajustado-tresbolillo-300x300.jpg 300w, https:\/\/mamposteriacarrascoy.es\/wp-content\/uploads\/2023\/05\/muro-la-nucia-ajustado-tresbolillo-150x150.jpg 150w\" sizes=\"(max-width: 720px) 100vw, 720px\" \/>\t       \t\t\t\t<span class=\"overlay\"><i class=\"ot-flaticon-add\"><\/i><\/span>\r\n\t       \t\t\t<\/div>\r\n\t\t\t\t<\/div>\r\n\t\t\t\t\t\t\t\t<div class=\"info-box\">\r\n\t\t\t\t\t<h4>Ajustado<\/h4>\t\t\t\t\t<p>Colocaci\u00f3n precisa y uniforme de las piedras, creando un aspecto ordenado y sim\u00e9trico en el muro.<\/p>\r\n\t\t\t\t\t\t\t\t\t<\/div>\r\n\t\t\t<\/div>\r\n\t    <\/div>\r\n\t    \t\t<\/div>\n\t\t\t\t<\/div>\n\t\t\t\t\t<\/div>\n\t\t<\/div>\n\t\t\t\t<div class=\"elementor-column elementor-col-33 elementor-top-column elementor-element elementor-element-75b069c ot-flex-column-vertical\" data-id=\"75b069c\" data-element_type=\"column\">\n\t\t\t<div class=\"elementor-widget-wrap\">\n\t\t\t\t\t\t\t\t\t<\/div>\n\t\t<\/div>\n\t\t\t\t\t\t\t<\/div>\n\t\t<\/section>\n\t\t\t\t<section class=\"elementor-section elementor-top-section elementor-element elementor-element-7e44621 elementor-section-boxed elementor-section-height-default elementor-section-height-default\" data-id=\"7e44621\" data-element_type=\"section\">\n\t\t\t\t\t\t<div class=\"elementor-container elementor-column-gap-default\">\n\t\t\t\t\t<div class=\"elementor-column elementor-col-50 elementor-top-column elementor-element elementor-element-fb58c62 ot-flex-column-vertical\" data-id=\"fb58c62\" data-element_type=\"column\">\n\t\t\t<div class=\"elementor-widget-wrap elementor-element-populated\">\n\t\t\t\t\t\t\t\t<div class=\"elementor-element elementor-element-6ae3b88 elementor-widget elementor-widget-image\" data-id=\"6ae3b88\" data-element_type=\"widget\" data-widget_type=\"image.default\">\n\t\t\t\t<div class=\"elementor-widget-container\">\n\t\t\t\t\t\t\t\t\t\t\t\t\t\t\t<img loading=\"lazy\" decoding=\"async\" width=\"720\" height=\"720\" src=\"https:\/\/mamposteriacarrascoy.es\/wp-content\/uploads\/2023\/05\/muro-la-nucia-ajustado-taqueado.jpg\" class=\"attachment-large size-large wp-image-10163\" alt=\"\" srcset=\"https:\/\/mamposteriacarrascoy.es\/wp-content\/uploads\/2023\/05\/muro-la-nucia-ajustado-taqueado.jpg 720w, https:\/\/mamposteriacarrascoy.es\/wp-content\/uploads\/2023\/05\/muro-la-nucia-ajustado-taqueado-300x300.jpg 300w, https:\/\/mamposteriacarrascoy.es\/wp-content\/uploads\/2023\/05\/muro-la-nucia-ajustado-taqueado-150x150.jpg 150w\" sizes=\"(max-width: 720px) 100vw, 720px\" \/>\t\t\t\t\t\t\t\t\t\t\t\t\t\t\t<\/div>\n\t\t\t\t<\/div>\n\t\t\t\t\t<\/div>\n\t\t<\/div>\n\t\t\t\t<div class=\"elementor-column elementor-col-50 elementor-top-column elementor-element elementor-element-32be551 ot-column-items-center ot-flex-column-vertical\" data-id=\"32be551\" data-element_type=\"column\">\n\t\t\t<div class=\"elementor-widget-wrap elementor-element-populated\">\n\t\t\t\t\t\t\t\t<div class=\"elementor-element elementor-element-3bd8d4e elementor-widget elementor-widget-heading\" data-id=\"3bd8d4e\" data-element_type=\"widget\" data-widget_type=\"heading.default\">\n\t\t\t\t<div class=\"elementor-widget-container\">\n\t\t\t<h2 class=\"elementor-heading-title elementor-size-default\">TAQUEADO<\/h2>\t\t<\/div>\n\t\t\t\t<\/div>\n\t\t\t\t<div class=\"elementor-element elementor-element-d02215b elementor-widget elementor-widget-text-editor\" data-id=\"d02215b\" data-element_type=\"widget\" data-widget_type=\"text-editor.default\">\n\t\t\t\t<div class=\"elementor-widget-container\">\n\t\t\t\t\t\t\t<p>La forma \u00abtaqueada\u00bb es un patr\u00f3n ampliamente utilizado en la construcci\u00f3n de muros de mamposter\u00eda que ofrece un dise\u00f1o \u00fanico y distintivo. En este patr\u00f3n, las piedras se disponen de manera estrat\u00e9gica, creando peque\u00f1as \u00e1reas o taqueles en el muro.<\/p><p>La disposici\u00f3n taqueada de las piedras no solo brinda una apariencia visualmente atractiva, sino que tambi\u00e9n a\u00f1ade textura y profundidad al muro. Cada taquel se convierte en un elemento individual que se destaca dentro del conjunto, creando un patr\u00f3n que rompe con la uniformidad tradicional de los muros de mamposter\u00eda.<\/p>\t\t\t\t\t\t<\/div>\n\t\t\t\t<\/div>\n\t\t\t\t<div class=\"elementor-element elementor-element-1c60238 elementor-align-center elementor-widget elementor-widget-ibutton\" data-id=\"1c60238\" data-element_type=\"widget\" id=\"botonLaNunciaTaqueado\" data-widget_type=\"ibutton.default\">\n\t\t\t\t<div class=\"elementor-widget-container\">\n\t\t\t\t\t<div class=\"ot-button\">\r\n\t\t\t<a class=\"octf-btn octf-btn-dark\">Ver ajustes<\/a>\r\n\t    <\/div>\r\n\t    \t\t<\/div>\n\t\t\t\t<\/div>\n\t\t\t\t\t<\/div>\n\t\t<\/div>\n\t\t\t\t\t\t\t<\/div>\n\t\t<\/section>\n\t\t\t\t<section class=\"elementor-section elementor-top-section elementor-element elementor-element-71aa7f7 elementor-section-boxed elementor-section-height-default elementor-section-height-default\" data-id=\"71aa7f7\" data-element_type=\"section\" id=\"seccionLaNunciaTaqueado\">\n\t\t\t\t\t\t<div class=\"elementor-container elementor-column-gap-wide\">\n\t\t\t\t\t<div class=\"elementor-column elementor-col-25 elementor-top-column elementor-element elementor-element-0fedfdd ot-flex-column-vertical\" data-id=\"0fedfdd\" data-element_type=\"column\">\n\t\t\t<div class=\"elementor-widget-wrap\">\n\t\t\t\t\t\t\t\t\t<\/div>\n\t\t<\/div>\n\t\t\t\t<div class=\"elementor-column elementor-col-25 elementor-top-column elementor-element elementor-element-dd98f1a ot-flex-column-horizontal\" data-id=\"dd98f1a\" data-element_type=\"column\">\n\t\t\t<div class=\"elementor-widget-wrap elementor-element-populated\">\n\t\t\t\t\t\t\t\t<div class=\"elementor-element elementor-element-7c0e52e elementor-widget elementor-widget-theratio-service-box\" data-id=\"7c0e52e\" data-element_type=\"widget\" data-widget_type=\"theratio-service-box.default\">\n\t\t\t\t<div class=\"elementor-widget-container\">\n\t\t\t\t\t<div class=\"service-box\">\r\n\t        <div class=\"box-content\">\r\n\t       \t\t\t       \t\t<div class=\"image-box img-lgpopup\">\r\n\t       \t\t\t<div data-src=\"https:\/\/mamposteriacarrascoy.es\/wp-content\/uploads\/2023\/05\/muro-la-nucia-ajustado-taqueado.jpg\"><img loading=\"lazy\" decoding=\"async\" width=\"720\" height=\"720\" src=\"https:\/\/mamposteriacarrascoy.es\/wp-content\/uploads\/2023\/05\/muro-la-nucia-ajustado-taqueado.jpg\" class=\"attachment-full size-full wp-image-10163\" alt=\"\" srcset=\"https:\/\/mamposteriacarrascoy.es\/wp-content\/uploads\/2023\/05\/muro-la-nucia-ajustado-taqueado.jpg 720w, https:\/\/mamposteriacarrascoy.es\/wp-content\/uploads\/2023\/05\/muro-la-nucia-ajustado-taqueado-300x300.jpg 300w, https:\/\/mamposteriacarrascoy.es\/wp-content\/uploads\/2023\/05\/muro-la-nucia-ajustado-taqueado-150x150.jpg 150w\" sizes=\"(max-width: 720px) 100vw, 720px\" \/>\t       \t\t\t\t<span class=\"overlay\"><i class=\"ot-flaticon-add\"><\/i><\/span>\r\n\t       \t\t\t<\/div>\r\n\t\t\t\t<\/div>\r\n\t\t\t\t\t\t\t\t<div class=\"info-box\">\r\n\t\t\t\t\t<h4>Ajustado<\/h4>\t\t\t\t\t<p>Colocaci\u00f3n precisa y uniforme de las piedras, creando un aspecto ordenado y sim\u00e9trico en el muro.<\/p>\r\n\t\t\t\t\t\t\t\t\t<\/div>\r\n\t\t\t<\/div>\r\n\t    <\/div>\r\n\t    \t\t<\/div>\n\t\t\t\t<\/div>\n\t\t\t\t\t<\/div>\n\t\t<\/div>\n\t\t\t\t<div class=\"elementor-column elementor-col-25 elementor-top-column elementor-element elementor-element-d4007f9 ot-flex-column-horizontal\" data-id=\"d4007f9\" data-element_type=\"column\">\n\t\t\t<div class=\"elementor-widget-wrap elementor-element-populated\">\n\t\t\t\t\t\t\t\t<div class=\"elementor-element elementor-element-0b612bf elementor-widget elementor-widget-theratio-service-box\" data-id=\"0b612bf\" data-element_type=\"widget\" data-widget_type=\"theratio-service-box.default\">\n\t\t\t\t<div class=\"elementor-widget-container\">\n\t\t\t\t\t<div class=\"service-box\">\r\n\t        <div class=\"box-content\">\r\n\t       \t\t\t       \t\t<div class=\"image-box img-lgpopup\">\r\n\t       \t\t\t<div data-src=\"https:\/\/mamposteriacarrascoy.es\/wp-content\/uploads\/2023\/05\/muro-la-nucia-muy-ajustado-taqueado.jpg\"><img loading=\"lazy\" decoding=\"async\" width=\"720\" height=\"720\" src=\"https:\/\/mamposteriacarrascoy.es\/wp-content\/uploads\/2023\/05\/muro-la-nucia-muy-ajustado-taqueado.jpg\" class=\"attachment-full size-full wp-image-10164\" alt=\"\" srcset=\"https:\/\/mamposteriacarrascoy.es\/wp-content\/uploads\/2023\/05\/muro-la-nucia-muy-ajustado-taqueado.jpg 720w, https:\/\/mamposteriacarrascoy.es\/wp-content\/uploads\/2023\/05\/muro-la-nucia-muy-ajustado-taqueado-300x300.jpg 300w, https:\/\/mamposteriacarrascoy.es\/wp-content\/uploads\/2023\/05\/muro-la-nucia-muy-ajustado-taqueado-150x150.jpg 150w\" sizes=\"(max-width: 720px) 100vw, 720px\" \/>\t       \t\t\t\t<span class=\"overlay\"><i class=\"ot-flaticon-add\"><\/i><\/span>\r\n\t       \t\t\t<\/div>\r\n\t\t\t\t<\/div>\r\n\t\t\t\t\t\t\t\t<div class=\"info-box\">\r\n\t\t\t\t\t<h4>Muy Ajustado<\/h4>\t\t\t\t\t<p>Colocaci\u00f3n extremadamente precisa de las piedras, minimizando las separaciones y obteniendo un aspecto altamente uniforme en el muro.<\/p>\r\n\t\t\t\t\t\t\t\t\t<\/div>\r\n\t\t\t<\/div>\r\n\t    <\/div>\r\n\t    \t\t<\/div>\n\t\t\t\t<\/div>\n\t\t\t\t\t<\/div>\n\t\t<\/div>\n\t\t\t\t<div class=\"elementor-column elementor-col-25 elementor-top-column elementor-element elementor-element-abf5c97 ot-flex-column-vertical\" data-id=\"abf5c97\" data-element_type=\"column\">\n\t\t\t<div class=\"elementor-widget-wrap\">\n\t\t\t\t\t\t\t\t\t<\/div>\n\t\t<\/div>\n\t\t\t\t\t\t\t<\/div>\n\t\t<\/section>\n\t\t\t\t\t\t\t<\/div>\n\t\t","protected":false},"excerpt":{"rendered":"<p>Piedras La Nucia La piedra La Nucia es una elecci\u00f3n popular en la mamposter\u00eda debido a su belleza natural y su versatilidad en aplicaciones de construcci\u00f3n y dise\u00f1o. Originaria de la localidad de La Nucia, en Espa\u00f1a, esta piedra se destaca por su apariencia distintiva y sus propiedades duraderas. La piedra La Nucia presenta una [&hellip;]<\/p>\n","protected":false},"author":1,"featured_media":0,"parent":0,"menu_order":0,"comment_status":"closed","ping_status":"closed","template":"","meta":{"footnotes":""},"yoast_head":"<!-- This site is optimized with the Yoast SEO plugin v20.6 - https:\/\/yoast.com\/wordpress\/plugins\/seo\/ -->\n<title>Piedra La Nucia - Mamposteria Carrascoy<\/title>\n<meta name=\"robots\" content=\"index, follow, max-snippet:-1, max-image-preview:large, max-video-preview:-1\" \/>\n<link rel=\"canonical\" href=\"https:\/\/mamposteriacarrascoy.es\/index.php\/piedra-la-nucia\/\" \/>\n<meta property=\"og:locale\" content=\"es_ES\" \/>\n<meta property=\"og:type\" content=\"article\" \/>\n<meta property=\"og:title\" content=\"Piedra La Nucia - Mamposteria Carrascoy\" \/>\n<meta property=\"og:description\" content=\"Piedras La Nucia La piedra La Nucia es una elecci\u00f3n popular en la mamposter\u00eda debido a su belleza natural y su versatilidad en aplicaciones de construcci\u00f3n y dise\u00f1o. Originaria de la localidad de La Nucia, en Espa\u00f1a, esta piedra se destaca por su apariencia distintiva y sus propiedades duraderas. La piedra La Nucia presenta una [&hellip;]\" \/>\n<meta property=\"og:url\" content=\"https:\/\/mamposteriacarrascoy.es\/index.php\/piedra-la-nucia\/\" \/>\n<meta property=\"og:site_name\" content=\"Mamposteria Carrascoy\" \/>\n<meta property=\"article:modified_time\" content=\"2023-06-05T13:37:48+00:00\" \/>\n<meta property=\"og:image\" content=\"https:\/\/mamposteriacarrascoy.es\/wp-content\/uploads\/2023\/05\/muro-la-nucia-ajustado-tresbolillo.jpg\" \/>\n<meta name=\"twitter:card\" content=\"summary_large_image\" \/>\n<meta name=\"twitter:label1\" content=\"Tiempo de lectura\" \/>\n\t<meta name=\"twitter:data1\" content=\"4 minutos\" \/>\n<script type=\"application\/ld+json\" class=\"yoast-schema-graph\">{\"@context\":\"https:\/\/schema.org\",\"@graph\":[{\"@type\":\"WebPage\",\"@id\":\"https:\/\/mamposteriacarrascoy.es\/index.php\/piedra-la-nucia\/\",\"url\":\"https:\/\/mamposteriacarrascoy.es\/index.php\/piedra-la-nucia\/\",\"name\":\"Piedra La Nucia - Mamposteria Carrascoy\",\"isPartOf\":{\"@id\":\"https:\/\/mamposteriacarrascoy.es\/#website\"},\"datePublished\":\"2023-05-15T14:05:45+00:00\",\"dateModified\":\"2023-06-05T13:37:48+00:00\",\"breadcrumb\":{\"@id\":\"https:\/\/mamposteriacarrascoy.es\/index.php\/piedra-la-nucia\/#breadcrumb\"},\"inLanguage\":\"es\",\"potentialAction\":[{\"@type\":\"ReadAction\",\"target\":[\"https:\/\/mamposteriacarrascoy.es\/index.php\/piedra-la-nucia\/\"]}]},{\"@type\":\"BreadcrumbList\",\"@id\":\"https:\/\/mamposteriacarrascoy.es\/index.php\/piedra-la-nucia\/#breadcrumb\",\"itemListElement\":[{\"@type\":\"ListItem\",\"position\":1,\"name\":\"Portada\",\"item\":\"https:\/\/mamposteriacarrascoy.es\/\"},{\"@type\":\"ListItem\",\"position\":2,\"name\":\"Piedra La Nucia\"}]},{\"@type\":\"WebSite\",\"@id\":\"https:\/\/mamposteriacarrascoy.es\/#website\",\"url\":\"https:\/\/mamposteriacarrascoy.es\/\",\"name\":\"Mamposteria Carrascoy\",\"description\":\"Mamposteria\",\"potentialAction\":[{\"@type\":\"SearchAction\",\"target\":{\"@type\":\"EntryPoint\",\"urlTemplate\":\"https:\/\/mamposteriacarrascoy.es\/?s={search_term_string}\"},\"query-input\":\"required name=search_term_string\"}],\"inLanguage\":\"es\"}]}<\/script>\n<!-- \/ Yoast SEO plugin. -->","yoast_head_json":{"title":"Piedra La Nucia - Mamposteria Carrascoy","robots":{"index":"index","follow":"follow","max-snippet":"max-snippet:-1","max-image-preview":"max-image-preview:large","max-video-preview":"max-video-preview:-1"},"canonical":"https:\/\/mamposteriacarrascoy.es\/index.php\/piedra-la-nucia\/","og_locale":"es_ES","og_type":"article","og_title":"Piedra La Nucia - Mamposteria Carrascoy","og_description":"Piedras La Nucia La piedra La Nucia es una elecci\u00f3n popular en la mamposter\u00eda debido a su belleza natural y su versatilidad en aplicaciones de construcci\u00f3n y dise\u00f1o. Originaria de la localidad de La Nucia, en Espa\u00f1a, esta piedra se destaca por su apariencia distintiva y sus propiedades duraderas. La piedra La Nucia presenta una [&hellip;]","og_url":"https:\/\/mamposteriacarrascoy.es\/index.php\/piedra-la-nucia\/","og_site_name":"Mamposteria Carrascoy","article_modified_time":"2023-06-05T13:37:48+00:00","og_image":[{"url":"https:\/\/mamposteriacarrascoy.es\/wp-content\/uploads\/2023\/05\/muro-la-nucia-ajustado-tresbolillo.jpg"}],"twitter_card":"summary_large_image","twitter_misc":{"Tiempo de lectura":"4 minutos"},"schema":{"@context":"https:\/\/schema.org","@graph":[{"@type":"WebPage","@id":"https:\/\/mamposteriacarrascoy.es\/index.php\/piedra-la-nucia\/","url":"https:\/\/mamposteriacarrascoy.es\/index.php\/piedra-la-nucia\/","name":"Piedra La Nucia - Mamposteria Carrascoy","isPartOf":{"@id":"https:\/\/mamposteriacarrascoy.es\/#website"},"datePublished":"2023-05-15T14:05:45+00:00","dateModified":"2023-06-05T13:37:48+00:00","breadcrumb":{"@id":"https:\/\/mamposteriacarrascoy.es\/index.php\/piedra-la-nucia\/#breadcrumb"},"inLanguage":"es","potentialAction":[{"@type":"ReadAction","target":["https:\/\/mamposteriacarrascoy.es\/index.php\/piedra-la-nucia\/"]}]},{"@type":"BreadcrumbList","@id":"https:\/\/mamposteriacarrascoy.es\/index.php\/piedra-la-nucia\/#breadcrumb","itemListElement":[{"@type":"ListItem","position":1,"name":"Portada","item":"https:\/\/mamposteriacarrascoy.es\/"},{"@type":"ListItem","position":2,"name":"Piedra La Nucia"}]},{"@type":"WebSite","@id":"https:\/\/mamposteriacarrascoy.es\/#website","url":"https:\/\/mamposteriacarrascoy.es\/","name":"Mamposteria Carrascoy","description":"Mamposteria","potentialAction":[{"@type":"SearchAction","target":{"@type":"EntryPoint","urlTemplate":"https:\/\/mamposteriacarrascoy.es\/?s={search_term_string}"},"query-input":"required name=search_term_string"}],"inLanguage":"es"}]}},"_links":{"self":[{"href":"https:\/\/mamposteriacarrascoy.es\/index.php\/wp-json\/wp\/v2\/pages\/9930"}],"collection":[{"href":"https:\/\/mamposteriacarrascoy.es\/index.php\/wp-json\/wp\/v2\/pages"}],"about":[{"href":"https:\/\/mamposteriacarrascoy.es\/index.php\/wp-json\/wp\/v2\/types\/page"}],"author":[{"embeddable":true,"href":"https:\/\/mamposteriacarrascoy.es\/index.php\/wp-json\/wp\/v2\/users\/1"}],"replies":[{"embeddable":true,"href":"https:\/\/mamposteriacarrascoy.es\/index.php\/wp-json\/wp\/v2\/comments?post=9930"}],"version-history":[{"count":40,"href":"https:\/\/mamposteriacarrascoy.es\/index.php\/wp-json\/wp\/v2\/pages\/9930\/revisions"}],"predecessor-version":[{"id":11717,"href":"https:\/\/mamposteriacarrascoy.es\/index.php\/wp-json\/wp\/v2\/pages\/9930\/revisions\/11717"}],"wp:attachment":[{"href":"https:\/\/mamposteriacarrascoy.es\/index.php\/wp-json\/wp\/v2\/media?parent=9930"}],"curies":[{"name":"wp","href":"https:\/\/api.w.org\/{rel}","templated":true}]}}