{"id":9927,"date":"2023-05-15T14:05:45","date_gmt":"2023-05-15T14:05:45","guid":{"rendered":"https:\/\/mamposteriacarrascoy.es\/?page_id=9927"},"modified":"2024-05-09T06:28:13","modified_gmt":"2024-05-09T06:28:13","slug":"piedra-roja","status":"publish","type":"page","link":"https:\/\/mamposteriacarrascoy.es\/index.php\/piedra-roja\/","title":{"rendered":"Piedra Roja"},"content":{"rendered":"\t\t<div data-elementor-type=\"wp-page\" data-elementor-id=\"9927\" class=\"elementor elementor-9927\">\n\t\t\t\t\t\t\t\t\t<section class=\"elementor-section elementor-top-section elementor-element elementor-element-9efabdc elementor-section-boxed elementor-section-height-default elementor-section-height-default\" data-id=\"9efabdc\" data-element_type=\"section\">\n\t\t\t\t\t\t<div class=\"elementor-container elementor-column-gap-default\">\n\t\t\t\t\t<div class=\"elementor-column elementor-col-100 elementor-top-column elementor-element elementor-element-3e0eb70 ot-flex-column-vertical\" data-id=\"3e0eb70\" data-element_type=\"column\">\n\t\t\t<div class=\"elementor-widget-wrap elementor-element-populated\">\n\t\t\t\t\t\t\t\t<div class=\"elementor-element elementor-element-ce6e5a5 elementor-widget elementor-widget-heading\" data-id=\"ce6e5a5\" data-element_type=\"widget\" data-widget_type=\"heading.default\">\n\t\t\t\t<div class=\"elementor-widget-container\">\n\t\t\t<style>\/*! elementor - v3.13.3 - 28-05-2023 *\/\n.elementor-heading-title{padding:0;margin:0;line-height:1}.elementor-widget-heading .elementor-heading-title[class*=elementor-size-]>a{color:inherit;font-size:inherit;line-height:inherit}.elementor-widget-heading .elementor-heading-title.elementor-size-small{font-size:15px}.elementor-widget-heading .elementor-heading-title.elementor-size-medium{font-size:19px}.elementor-widget-heading .elementor-heading-title.elementor-size-large{font-size:29px}.elementor-widget-heading .elementor-heading-title.elementor-size-xl{font-size:39px}.elementor-widget-heading .elementor-heading-title.elementor-size-xxl{font-size:59px}<\/style><h2 class=\"elementor-heading-title elementor-size-default\">Las piedras Rojas<\/h2>\t\t<\/div>\n\t\t\t\t<\/div>\n\t\t\t\t<div class=\"elementor-element elementor-element-c8daea9 elementor-widget elementor-widget-text-editor\" data-id=\"c8daea9\" data-element_type=\"widget\" data-widget_type=\"text-editor.default\">\n\t\t\t\t<div class=\"elementor-widget-container\">\n\t\t\t<style>\/*! elementor - v3.13.3 - 28-05-2023 *\/\n.elementor-widget-text-editor.elementor-drop-cap-view-stacked .elementor-drop-cap{background-color:#69727d;color:#fff}.elementor-widget-text-editor.elementor-drop-cap-view-framed .elementor-drop-cap{color:#69727d;border:3px solid;background-color:transparent}.elementor-widget-text-editor:not(.elementor-drop-cap-view-default) .elementor-drop-cap{margin-top:8px}.elementor-widget-text-editor:not(.elementor-drop-cap-view-default) .elementor-drop-cap-letter{width:1em;height:1em}.elementor-widget-text-editor .elementor-drop-cap{float:left;text-align:center;line-height:1;font-size:50px}.elementor-widget-text-editor .elementor-drop-cap-letter{display:inline-block}<\/style>\t\t\t\t<p>Las piedras rojas son una elecci\u00f3n impactante en el \u00e1mbito de la mamposter\u00eda debido a su vibrante color y su capacidad para agregar energ\u00eda y calidez a cualquier espacio. Con su tonalidad roja intensa y su textura natural, estas piedras son ideales para crear acentos llamativos y atractivos en diversos proyectos de construcci\u00f3n y dise\u00f1o.<\/p><p>Las piedras rojas se encuentran en una amplia variedad de tonos rojizos, desde tonos m\u00e1s oscuros y profundos hasta tonos m\u00e1s claros y brillantes. Su coloraci\u00f3n rica y c\u00e1lida evoca una sensaci\u00f3n de pasi\u00f3n y vitalidad, convirti\u00e9ndolas en una elecci\u00f3n popular para crear puntos focales impactantes en fachadas, muros, chimeneas y otros elementos de mamposter\u00eda.<\/p><p>Adem\u00e1s de su impacto visual, las piedras rojas tambi\u00e9n son conocidas por su durabilidad y resistencia. Estas piedras naturales son capaces de resistir las inclemencias del tiempo y el desgaste diario sin perder su apariencia y calidad. Son una opci\u00f3n ideal para espacios interiores y exteriores que requieren una superficie robusta y de larga duraci\u00f3n.<\/p><p>Dentro de las piedras Rojas podemos encontrar varios tipos de piedras seg\u00fan su forma\u00a0<\/p>\t\t\t\t\t\t<\/div>\n\t\t\t\t<\/div>\n\t\t\t\t\t<\/div>\n\t\t<\/div>\n\t\t\t\t\t\t\t<\/div>\n\t\t<\/section>\n\t\t\t\t<section class=\"elementor-section elementor-top-section elementor-element elementor-element-8200b88 elementor-reverse-mobile elementor-section-boxed elementor-section-height-default elementor-section-height-default\" data-id=\"8200b88\" data-element_type=\"section\">\n\t\t\t\t\t\t<div class=\"elementor-container elementor-column-gap-default\">\n\t\t\t\t\t<div class=\"elementor-column elementor-col-50 elementor-top-column elementor-element elementor-element-113722b ot-column-items-center ot-flex-column-vertical\" data-id=\"113722b\" data-element_type=\"column\">\n\t\t\t<div class=\"elementor-widget-wrap elementor-element-populated\">\n\t\t\t\t\t\t\t\t<div class=\"elementor-element elementor-element-88f7cfd elementor-widget elementor-widget-heading\" data-id=\"88f7cfd\" data-element_type=\"widget\" data-widget_type=\"heading.default\">\n\t\t\t\t<div class=\"elementor-widget-container\">\n\t\t\t<h2 class=\"elementor-heading-title elementor-size-default\">ACOSTADO<\/h2>\t\t<\/div>\n\t\t\t\t<\/div>\n\t\t\t\t<div class=\"elementor-element elementor-element-a7d44c0 elementor-widget elementor-widget-text-editor\" data-id=\"a7d44c0\" data-element_type=\"widget\" data-widget_type=\"text-editor.default\">\n\t\t\t\t<div class=\"elementor-widget-container\">\n\t\t\t\t\t\t\t<p>El t\u00e9rmino \u00abacostado\u00bb hace referencia a un patr\u00f3n utilizado en la construcci\u00f3n de muros de mamposter\u00eda, donde las piedras se colocan en posici\u00f3n horizontal, creando una apariencia alargada y lineal en la estructura. Este patr\u00f3n distintivo ofrece un aspecto est\u00e9ticamente agradable y ordenado al muro.<\/p><p>El patr\u00f3n \u00abacostado\u00bb es ampliamente utilizado en la construcci\u00f3n debido a su versatilidad y capacidad para adaptarse a diversos estilos arquitect\u00f3nicos. Las piedras se disponen horizontalmente, una al lado de la otra, formando filas paralelas en toda la superficie del muro. Esta disposici\u00f3n lineal crea un efecto visual que enfatiza la longitud y el movimiento a lo largo del muro, brindando una sensaci\u00f3n de fluidez y continuidad.<\/p>\t\t\t\t\t\t<\/div>\n\t\t\t\t<\/div>\n\t\t\t\t<div class=\"elementor-element elementor-element-9ffbf5b elementor-align-center elementor-widget elementor-widget-ibutton\" data-id=\"9ffbf5b\" data-element_type=\"widget\" id=\"botonRojaAcostada\" data-widget_type=\"ibutton.default\">\n\t\t\t\t<div class=\"elementor-widget-container\">\n\t\t\t\t\t<div class=\"ot-button\">\r\n\t\t\t<a class=\"octf-btn octf-btn-dark\">Ver ajustes<\/a>\r\n\t    <\/div>\r\n\t    \t\t<\/div>\n\t\t\t\t<\/div>\n\t\t\t\t\t<\/div>\n\t\t<\/div>\n\t\t\t\t<div class=\"elementor-column elementor-col-50 elementor-top-column elementor-element elementor-element-94df8b9 ot-flex-column-vertical\" data-id=\"94df8b9\" data-element_type=\"column\">\n\t\t\t<div class=\"elementor-widget-wrap elementor-element-populated\">\n\t\t\t\t\t\t\t\t<div class=\"elementor-element elementor-element-1956a4e elementor-widget elementor-widget-image\" data-id=\"1956a4e\" data-element_type=\"widget\" data-widget_type=\"image.default\">\n\t\t\t\t<div class=\"elementor-widget-container\">\n\t\t\t<style>\/*! elementor - v3.13.3 - 28-05-2023 *\/\n.elementor-widget-image{text-align:center}.elementor-widget-image a{display:inline-block}.elementor-widget-image a img[src$=\".svg\"]{width:48px}.elementor-widget-image img{vertical-align:middle;display:inline-block}<\/style>\t\t\t\t\t\t\t\t\t\t\t\t<img loading=\"lazy\" decoding=\"async\" width=\"720\" height=\"720\" src=\"https:\/\/mamposteriacarrascoy.es\/wp-content\/uploads\/2023\/05\/muro-rojo-carrascoy-a-mano-levantada-acostado.jpg\" class=\"attachment-large size-large wp-image-10126\" alt=\"\" srcset=\"https:\/\/mamposteriacarrascoy.es\/wp-content\/uploads\/2023\/05\/muro-rojo-carrascoy-a-mano-levantada-acostado.jpg 720w, https:\/\/mamposteriacarrascoy.es\/wp-content\/uploads\/2023\/05\/muro-rojo-carrascoy-a-mano-levantada-acostado-300x300.jpg 300w, https:\/\/mamposteriacarrascoy.es\/wp-content\/uploads\/2023\/05\/muro-rojo-carrascoy-a-mano-levantada-acostado-150x150.jpg 150w\" sizes=\"(max-width: 720px) 100vw, 720px\" \/>\t\t\t\t\t\t\t\t\t\t\t\t\t\t\t<\/div>\n\t\t\t\t<\/div>\n\t\t\t\t\t<\/div>\n\t\t<\/div>\n\t\t\t\t\t\t\t<\/div>\n\t\t<\/section>\n\t\t\t\t<section class=\"elementor-section elementor-top-section elementor-element elementor-element-746c8e1 elementor-section-boxed elementor-section-height-default elementor-section-height-default\" data-id=\"746c8e1\" data-element_type=\"section\" id=\"seccionRojaAcostada\">\n\t\t\t\t\t\t<div class=\"elementor-container elementor-column-gap-wide\">\n\t\t\t\t\t<div class=\"elementor-column elementor-col-20 elementor-top-column elementor-element elementor-element-7b397ae ot-flex-column-horizontal\" data-id=\"7b397ae\" data-element_type=\"column\">\n\t\t\t<div class=\"elementor-widget-wrap\">\n\t\t\t\t\t\t\t\t\t<\/div>\n\t\t<\/div>\n\t\t\t\t<div class=\"elementor-column elementor-col-20 elementor-top-column elementor-element elementor-element-aba997b ot-flex-column-horizontal\" data-id=\"aba997b\" data-element_type=\"column\">\n\t\t\t<div class=\"elementor-widget-wrap elementor-element-populated\">\n\t\t\t\t\t\t\t\t<div class=\"elementor-element elementor-element-1481780 elementor-widget elementor-widget-theratio-service-box\" data-id=\"1481780\" data-element_type=\"widget\" data-widget_type=\"theratio-service-box.default\">\n\t\t\t\t<div class=\"elementor-widget-container\">\n\t\t\t\t\t<div class=\"service-box\">\r\n\t        <div class=\"box-content\">\r\n\t       \t\t\t       \t\t<div class=\"image-box img-lgpopup\">\r\n\t       \t\t\t<div data-src=\"https:\/\/mamposteriacarrascoy.es\/wp-content\/uploads\/2023\/05\/muro-rojo-carrascoy-a-mano-levantada-acostado-1.jpg\"><img loading=\"lazy\" decoding=\"async\" width=\"720\" height=\"720\" src=\"https:\/\/mamposteriacarrascoy.es\/wp-content\/uploads\/2023\/05\/muro-rojo-carrascoy-a-mano-levantada-acostado-1.jpg\" class=\"attachment-full size-full wp-image-10130\" alt=\"\" srcset=\"https:\/\/mamposteriacarrascoy.es\/wp-content\/uploads\/2023\/05\/muro-rojo-carrascoy-a-mano-levantada-acostado-1.jpg 720w, https:\/\/mamposteriacarrascoy.es\/wp-content\/uploads\/2023\/05\/muro-rojo-carrascoy-a-mano-levantada-acostado-1-300x300.jpg 300w, https:\/\/mamposteriacarrascoy.es\/wp-content\/uploads\/2023\/05\/muro-rojo-carrascoy-a-mano-levantada-acostado-1-150x150.jpg 150w\" sizes=\"(max-width: 720px) 100vw, 720px\" \/>\t       \t\t\t\t<span class=\"overlay\"><i class=\"ot-flaticon-add\"><\/i><\/span>\r\n\t       \t\t\t<\/div>\r\n\t\t\t\t<\/div>\r\n\t\t\t\t\t\t\t\t<div class=\"info-box\">\r\n\t\t\t\t\t<h4>A Mano Levantada<\/h4>\t\t\t\t\t<p>Las piedras se colocan de forma artesanal y manual, brindando un aspecto r\u00fastico y natural al muro.<\/p>\r\n\t\t\t\t\t\t\t\t\t<\/div>\r\n\t\t\t<\/div>\r\n\t    <\/div>\r\n\t    \t\t<\/div>\n\t\t\t\t<\/div>\n\t\t\t\t\t<\/div>\n\t\t<\/div>\n\t\t\t\t<div class=\"elementor-column elementor-col-20 elementor-top-column elementor-element elementor-element-abcea45 ot-flex-column-horizontal\" data-id=\"abcea45\" data-element_type=\"column\">\n\t\t\t<div class=\"elementor-widget-wrap elementor-element-populated\">\n\t\t\t\t\t\t\t\t<div class=\"elementor-element elementor-element-f1d455e elementor-widget elementor-widget-theratio-service-box\" data-id=\"f1d455e\" data-element_type=\"widget\" data-widget_type=\"theratio-service-box.default\">\n\t\t\t\t<div class=\"elementor-widget-container\">\n\t\t\t\t\t<div class=\"service-box\">\r\n\t        <div class=\"box-content\">\r\n\t       \t\t\t       \t\t<div class=\"image-box img-lgpopup\">\r\n\t       \t\t\t<div data-src=\"https:\/\/mamposteriacarrascoy.es\/wp-content\/uploads\/2023\/05\/muro-rojo-carrascoy-muy-ajustado-acostado.jpg\"><img loading=\"lazy\" decoding=\"async\" width=\"720\" height=\"720\" src=\"https:\/\/mamposteriacarrascoy.es\/wp-content\/uploads\/2023\/05\/muro-rojo-carrascoy-muy-ajustado-acostado.jpg\" class=\"attachment-full size-full wp-image-10131\" alt=\"\" srcset=\"https:\/\/mamposteriacarrascoy.es\/wp-content\/uploads\/2023\/05\/muro-rojo-carrascoy-muy-ajustado-acostado.jpg 720w, https:\/\/mamposteriacarrascoy.es\/wp-content\/uploads\/2023\/05\/muro-rojo-carrascoy-muy-ajustado-acostado-300x300.jpg 300w, https:\/\/mamposteriacarrascoy.es\/wp-content\/uploads\/2023\/05\/muro-rojo-carrascoy-muy-ajustado-acostado-150x150.jpg 150w\" sizes=\"(max-width: 720px) 100vw, 720px\" \/>\t       \t\t\t\t<span class=\"overlay\"><i class=\"ot-flaticon-add\"><\/i><\/span>\r\n\t       \t\t\t<\/div>\r\n\t\t\t\t<\/div>\r\n\t\t\t\t\t\t\t\t<div class=\"info-box\">\r\n\t\t\t\t\t<h4>Ajustado<\/h4>\t\t\t\t\t<p>Colocaci\u00f3n precisa y uniforme de las piedras, creando un aspecto ordenado y sim\u00e9trico en el muro.<\/p>\r\n\t\t\t\t\t\t\t\t\t<\/div>\r\n\t\t\t<\/div>\r\n\t    <\/div>\r\n\t    \t\t<\/div>\n\t\t\t\t<\/div>\n\t\t\t\t\t<\/div>\n\t\t<\/div>\n\t\t\t\t<div class=\"elementor-column elementor-col-20 elementor-top-column elementor-element elementor-element-6da01f9 ot-flex-column-horizontal\" data-id=\"6da01f9\" data-element_type=\"column\">\n\t\t\t<div class=\"elementor-widget-wrap elementor-element-populated\">\n\t\t\t\t\t\t\t\t<div class=\"elementor-element elementor-element-616dc9f elementor-widget elementor-widget-theratio-service-box\" data-id=\"616dc9f\" data-element_type=\"widget\" data-widget_type=\"theratio-service-box.default\">\n\t\t\t\t<div class=\"elementor-widget-container\">\n\t\t\t\t\t<div class=\"service-box\">\r\n\t        <div class=\"box-content\">\r\n\t       \t\t\t       \t\t<div class=\"image-box img-lgpopup\">\r\n\t       \t\t\t<div data-src=\"https:\/\/mamposteriacarrascoy.es\/wp-content\/uploads\/2023\/05\/muro-rojo-carrascoy-ajustado-acostado.jpg\"><img loading=\"lazy\" decoding=\"async\" width=\"720\" height=\"720\" src=\"https:\/\/mamposteriacarrascoy.es\/wp-content\/uploads\/2023\/05\/muro-rojo-carrascoy-ajustado-acostado.jpg\" class=\"attachment-full size-full wp-image-10132\" alt=\"\" srcset=\"https:\/\/mamposteriacarrascoy.es\/wp-content\/uploads\/2023\/05\/muro-rojo-carrascoy-ajustado-acostado.jpg 720w, https:\/\/mamposteriacarrascoy.es\/wp-content\/uploads\/2023\/05\/muro-rojo-carrascoy-ajustado-acostado-300x300.jpg 300w, https:\/\/mamposteriacarrascoy.es\/wp-content\/uploads\/2023\/05\/muro-rojo-carrascoy-ajustado-acostado-150x150.jpg 150w\" sizes=\"(max-width: 720px) 100vw, 720px\" \/>\t       \t\t\t\t<span class=\"overlay\"><i class=\"ot-flaticon-add\"><\/i><\/span>\r\n\t       \t\t\t<\/div>\r\n\t\t\t\t<\/div>\r\n\t\t\t\t\t\t\t\t<div class=\"info-box\">\r\n\t\t\t\t\t<h4>Muy Ajustado<\/h4>\t\t\t\t\t<p>Colocaci\u00f3n extremadamente precisa de las piedras, minimizando las separaciones y obteniendo un aspecto altamente uniforme en el muro.<\/p>\r\n\t\t\t\t\t\t\t\t\t<\/div>\r\n\t\t\t<\/div>\r\n\t    <\/div>\r\n\t    \t\t<\/div>\n\t\t\t\t<\/div>\n\t\t\t\t\t<\/div>\n\t\t<\/div>\n\t\t\t\t<div class=\"elementor-column elementor-col-20 elementor-top-column elementor-element elementor-element-db51897 ot-flex-column-horizontal\" data-id=\"db51897\" data-element_type=\"column\">\n\t\t\t<div class=\"elementor-widget-wrap\">\n\t\t\t\t\t\t\t\t\t<\/div>\n\t\t<\/div>\n\t\t\t\t\t\t\t<\/div>\n\t\t<\/section>\n\t\t\t\t<section class=\"elementor-section elementor-top-section elementor-element elementor-element-a7884e0 elementor-section-boxed elementor-section-height-default elementor-section-height-default\" data-id=\"a7884e0\" data-element_type=\"section\">\n\t\t\t\t\t\t<div class=\"elementor-container elementor-column-gap-default\">\n\t\t\t\t\t<div class=\"elementor-column elementor-col-100 elementor-top-column elementor-element elementor-element-8ef331f ot-flex-column-vertical\" data-id=\"8ef331f\" data-element_type=\"column\">\n\t\t\t<div class=\"elementor-widget-wrap elementor-element-populated\">\n\t\t\t\t\t\t\t\t<div class=\"elementor-element elementor-element-1acdcb2 elementor-widget elementor-widget-read-more\" data-id=\"1acdcb2\" data-element_type=\"widget\" data-widget_type=\"read-more.default\">\n\t\t\t\t<div class=\"elementor-widget-container\">\n\t\t\t<\/div><\/div><\/div><\/div><\/div><\/section><\/div> <a href=\"https:\/\/mamposteriacarrascoy.es\/index.php\/piedra-roja\/#more-9927\" class=\"more-link elementor-more-link\"><span aria-label=\"Sigue leyendo Piedra Roja\">Sigue leyendo<\/span><\/a>","protected":false},"excerpt":{"rendered":"<p>Las piedras Rojas Las piedras rojas son una elecci\u00f3n impactante en el \u00e1mbito de la mamposter\u00eda debido a su vibrante color y su capacidad para agregar energ\u00eda y calidez a cualquier espacio. Con su tonalidad roja intensa y su textura natural, estas piedras son ideales para crear acentos llamativos y atractivos en diversos proyectos de [&hellip;]<\/p>\n","protected":false},"author":1,"featured_media":0,"parent":0,"menu_order":0,"comment_status":"closed","ping_status":"closed","template":"","meta":{"footnotes":""},"yoast_head":"<!-- This site is optimized with the Yoast SEO plugin v20.6 - https:\/\/yoast.com\/wordpress\/plugins\/seo\/ -->\n<title>Piedra Roja - Mamposteria Carrascoy<\/title>\n<meta name=\"robots\" content=\"index, follow, max-snippet:-1, max-image-preview:large, max-video-preview:-1\" \/>\n<link rel=\"canonical\" href=\"https:\/\/mamposteriacarrascoy.es\/index.php\/piedra-roja\/\" \/>\n<meta property=\"og:locale\" content=\"es_ES\" \/>\n<meta property=\"og:type\" content=\"article\" \/>\n<meta property=\"og:title\" content=\"Piedra Roja - Mamposteria Carrascoy\" \/>\n<meta property=\"og:description\" content=\"Las piedras Rojas Las piedras rojas son una elecci\u00f3n impactante en el \u00e1mbito de la mamposter\u00eda debido a su vibrante color y su capacidad para agregar energ\u00eda y calidez a cualquier espacio. Con su tonalidad roja intensa y su textura natural, estas piedras son ideales para crear acentos llamativos y atractivos en diversos proyectos de [&hellip;]\" \/>\n<meta property=\"og:url\" content=\"https:\/\/mamposteriacarrascoy.es\/index.php\/piedra-roja\/\" \/>\n<meta property=\"og:site_name\" content=\"Mamposteria Carrascoy\" \/>\n<meta property=\"article:modified_time\" content=\"2024-05-09T06:28:13+00:00\" \/>\n<meta property=\"og:image\" content=\"https:\/\/mamposteriacarrascoy.es\/wp-content\/uploads\/2023\/05\/muro-rojo-carrascoy-a-mano-levantada-acostado.jpg\" \/>\n<meta name=\"twitter:card\" content=\"summary_large_image\" \/>\n<meta name=\"twitter:label1\" content=\"Tiempo de lectura\" \/>\n\t<meta name=\"twitter:data1\" content=\"3 minutos\" \/>\n<script type=\"application\/ld+json\" class=\"yoast-schema-graph\">{\"@context\":\"https:\/\/schema.org\",\"@graph\":[{\"@type\":\"WebPage\",\"@id\":\"https:\/\/mamposteriacarrascoy.es\/index.php\/piedra-roja\/\",\"url\":\"https:\/\/mamposteriacarrascoy.es\/index.php\/piedra-roja\/\",\"name\":\"Piedra Roja - Mamposteria Carrascoy\",\"isPartOf\":{\"@id\":\"https:\/\/mamposteriacarrascoy.es\/#website\"},\"datePublished\":\"2023-05-15T14:05:45+00:00\",\"dateModified\":\"2024-05-09T06:28:13+00:00\",\"breadcrumb\":{\"@id\":\"https:\/\/mamposteriacarrascoy.es\/index.php\/piedra-roja\/#breadcrumb\"},\"inLanguage\":\"es\",\"potentialAction\":[{\"@type\":\"ReadAction\",\"target\":[\"https:\/\/mamposteriacarrascoy.es\/index.php\/piedra-roja\/\"]}]},{\"@type\":\"BreadcrumbList\",\"@id\":\"https:\/\/mamposteriacarrascoy.es\/index.php\/piedra-roja\/#breadcrumb\",\"itemListElement\":[{\"@type\":\"ListItem\",\"position\":1,\"name\":\"Portada\",\"item\":\"https:\/\/mamposteriacarrascoy.es\/\"},{\"@type\":\"ListItem\",\"position\":2,\"name\":\"Piedra Roja\"}]},{\"@type\":\"WebSite\",\"@id\":\"https:\/\/mamposteriacarrascoy.es\/#website\",\"url\":\"https:\/\/mamposteriacarrascoy.es\/\",\"name\":\"Mamposteria Carrascoy\",\"description\":\"Mamposteria\",\"potentialAction\":[{\"@type\":\"SearchAction\",\"target\":{\"@type\":\"EntryPoint\",\"urlTemplate\":\"https:\/\/mamposteriacarrascoy.es\/?s={search_term_string}\"},\"query-input\":\"required name=search_term_string\"}],\"inLanguage\":\"es\"}]}<\/script>\n<!-- \/ Yoast SEO plugin. -->","yoast_head_json":{"title":"Piedra Roja - Mamposteria Carrascoy","robots":{"index":"index","follow":"follow","max-snippet":"max-snippet:-1","max-image-preview":"max-image-preview:large","max-video-preview":"max-video-preview:-1"},"canonical":"https:\/\/mamposteriacarrascoy.es\/index.php\/piedra-roja\/","og_locale":"es_ES","og_type":"article","og_title":"Piedra Roja - Mamposteria Carrascoy","og_description":"Las piedras Rojas Las piedras rojas son una elecci\u00f3n impactante en el \u00e1mbito de la mamposter\u00eda debido a su vibrante color y su capacidad para agregar energ\u00eda y calidez a cualquier espacio. Con su tonalidad roja intensa y su textura natural, estas piedras son ideales para crear acentos llamativos y atractivos en diversos proyectos de [&hellip;]","og_url":"https:\/\/mamposteriacarrascoy.es\/index.php\/piedra-roja\/","og_site_name":"Mamposteria Carrascoy","article_modified_time":"2024-05-09T06:28:13+00:00","og_image":[{"url":"https:\/\/mamposteriacarrascoy.es\/wp-content\/uploads\/2023\/05\/muro-rojo-carrascoy-a-mano-levantada-acostado.jpg"}],"twitter_card":"summary_large_image","twitter_misc":{"Tiempo de lectura":"3 minutos"},"schema":{"@context":"https:\/\/schema.org","@graph":[{"@type":"WebPage","@id":"https:\/\/mamposteriacarrascoy.es\/index.php\/piedra-roja\/","url":"https:\/\/mamposteriacarrascoy.es\/index.php\/piedra-roja\/","name":"Piedra Roja - Mamposteria Carrascoy","isPartOf":{"@id":"https:\/\/mamposteriacarrascoy.es\/#website"},"datePublished":"2023-05-15T14:05:45+00:00","dateModified":"2024-05-09T06:28:13+00:00","breadcrumb":{"@id":"https:\/\/mamposteriacarrascoy.es\/index.php\/piedra-roja\/#breadcrumb"},"inLanguage":"es","potentialAction":[{"@type":"ReadAction","target":["https:\/\/mamposteriacarrascoy.es\/index.php\/piedra-roja\/"]}]},{"@type":"BreadcrumbList","@id":"https:\/\/mamposteriacarrascoy.es\/index.php\/piedra-roja\/#breadcrumb","itemListElement":[{"@type":"ListItem","position":1,"name":"Portada","item":"https:\/\/mamposteriacarrascoy.es\/"},{"@type":"ListItem","position":2,"name":"Piedra Roja"}]},{"@type":"WebSite","@id":"https:\/\/mamposteriacarrascoy.es\/#website","url":"https:\/\/mamposteriacarrascoy.es\/","name":"Mamposteria Carrascoy","description":"Mamposteria","potentialAction":[{"@type":"SearchAction","target":{"@type":"EntryPoint","urlTemplate":"https:\/\/mamposteriacarrascoy.es\/?s={search_term_string}"},"query-input":"required name=search_term_string"}],"inLanguage":"es"}]}},"_links":{"self":[{"href":"https:\/\/mamposteriacarrascoy.es\/index.php\/wp-json\/wp\/v2\/pages\/9927"}],"collection":[{"href":"https:\/\/mamposteriacarrascoy.es\/index.php\/wp-json\/wp\/v2\/pages"}],"about":[{"href":"https:\/\/mamposteriacarrascoy.es\/index.php\/wp-json\/wp\/v2\/types\/page"}],"author":[{"embeddable":true,"href":"https:\/\/mamposteriacarrascoy.es\/index.php\/wp-json\/wp\/v2\/users\/1"}],"replies":[{"embeddable":true,"href":"https:\/\/mamposteriacarrascoy.es\/index.php\/wp-json\/wp\/v2\/comments?post=9927"}],"version-history":[{"count":83,"href":"https:\/\/mamposteriacarrascoy.es\/index.php\/wp-json\/wp\/v2\/pages\/9927\/revisions"}],"predecessor-version":[{"id":11777,"href":"https:\/\/mamposteriacarrascoy.es\/index.php\/wp-json\/wp\/v2\/pages\/9927\/revisions\/11777"}],"wp:attachment":[{"href":"https:\/\/mamposteriacarrascoy.es\/index.php\/wp-json\/wp\/v2\/media?parent=9927"}],"curies":[{"name":"wp","href":"https:\/\/api.w.org\/{rel}","templated":true}]}}