{"id":9926,"date":"2023-05-15T14:05:45","date_gmt":"2023-05-15T14:05:45","guid":{"rendered":"https:\/\/mamposteriacarrascoy.es\/?page_id=9926"},"modified":"2023-06-05T14:18:43","modified_gmt":"2023-06-05T14:18:43","slug":"gris","status":"publish","type":"page","link":"https:\/\/mamposteriacarrascoy.es\/index.php\/gris\/","title":{"rendered":"Piedra Gris"},"content":{"rendered":"\t\t<div data-elementor-type=\"wp-page\" data-elementor-id=\"9926\" class=\"elementor elementor-9926\">\n\t\t\t\t\t\t\t\t\t<section class=\"elementor-section elementor-top-section elementor-element elementor-element-cf1ea8d elementor-section-boxed elementor-section-height-default elementor-section-height-default\" data-id=\"cf1ea8d\" data-element_type=\"section\">\n\t\t\t\t\t\t<div class=\"elementor-container elementor-column-gap-default\">\n\t\t\t\t\t<div class=\"elementor-column elementor-col-100 elementor-top-column elementor-element elementor-element-0c26146 ot-flex-column-vertical\" data-id=\"0c26146\" data-element_type=\"column\">\n\t\t\t<div class=\"elementor-widget-wrap elementor-element-populated\">\n\t\t\t\t\t\t\t\t<div class=\"elementor-element elementor-element-1669b49 elementor-widget elementor-widget-heading\" data-id=\"1669b49\" data-element_type=\"widget\" data-widget_type=\"heading.default\">\n\t\t\t\t<div class=\"elementor-widget-container\">\n\t\t\t<style>\/*! elementor - v3.13.3 - 28-05-2023 *\/\n.elementor-heading-title{padding:0;margin:0;line-height:1}.elementor-widget-heading .elementor-heading-title[class*=elementor-size-]>a{color:inherit;font-size:inherit;line-height:inherit}.elementor-widget-heading .elementor-heading-title.elementor-size-small{font-size:15px}.elementor-widget-heading .elementor-heading-title.elementor-size-medium{font-size:19px}.elementor-widget-heading .elementor-heading-title.elementor-size-large{font-size:29px}.elementor-widget-heading .elementor-heading-title.elementor-size-xl{font-size:39px}.elementor-widget-heading .elementor-heading-title.elementor-size-xxl{font-size:59px}<\/style><h2 class=\"elementor-heading-title elementor-size-default\">Las piedras Grises<\/h2>\t\t<\/div>\n\t\t\t\t<\/div>\n\t\t\t\t<div class=\"elementor-element elementor-element-ce0627b elementor-widget elementor-widget-text-editor\" data-id=\"ce0627b\" data-element_type=\"widget\" data-widget_type=\"text-editor.default\">\n\t\t\t\t<div class=\"elementor-widget-container\">\n\t\t\t<style>\/*! elementor - v3.13.3 - 28-05-2023 *\/\n.elementor-widget-text-editor.elementor-drop-cap-view-stacked .elementor-drop-cap{background-color:#69727d;color:#fff}.elementor-widget-text-editor.elementor-drop-cap-view-framed .elementor-drop-cap{color:#69727d;border:3px solid;background-color:transparent}.elementor-widget-text-editor:not(.elementor-drop-cap-view-default) .elementor-drop-cap{margin-top:8px}.elementor-widget-text-editor:not(.elementor-drop-cap-view-default) .elementor-drop-cap-letter{width:1em;height:1em}.elementor-widget-text-editor .elementor-drop-cap{float:left;text-align:center;line-height:1;font-size:50px}.elementor-widget-text-editor .elementor-drop-cap-letter{display:inline-block}<\/style>\t\t\t\t<p>La piedra gris es una elecci\u00f3n elegante y vers\u00e1til en el \u00e1mbito de la mamposter\u00eda debido a su aspecto sobrio y atemporal. Con su tonalidad neutra y su textura natural, esta piedra es ideal para crear espacios sofisticados y modernos, as\u00ed como para complementar una amplia variedad de estilos arquitect\u00f3nicos.<\/p><p>La piedra gris se caracteriza por sus tonos grises que var\u00edan desde tonalidades m\u00e1s claras y suaves hasta tonos m\u00e1s oscuros y profundos. Su color neutro y vers\u00e1til se adapta a una amplia gama de paletas de colores y permite crear ambientes serenos y equilibrados.<\/p><p>Adem\u00e1s de su apariencia est\u00e9tica, la piedra gris destaca por su durabilidad y resistencia. Es capaz de resistir las inclemencias del tiempo y el desgaste diario sin perder su integridad. Por lo tanto, es una opci\u00f3n popular para revestimientos de paredes, suelos, fachadas y otros elementos de mamposter\u00eda tanto en interiores como en exteriores.<\/p><p>Dentro de las piedras Grises podemos encontrar varios tipos de piedras seg\u00fan su forma\u00a0<\/p>\t\t\t\t\t\t<\/div>\n\t\t\t\t<\/div>\n\t\t\t\t\t<\/div>\n\t\t<\/div>\n\t\t\t\t\t\t\t<\/div>\n\t\t<\/section>\n\t\t\t\t<section class=\"elementor-section elementor-top-section elementor-element elementor-element-5684680 elementor-reverse-mobile elementor-section-boxed elementor-section-height-default elementor-section-height-default\" data-id=\"5684680\" data-element_type=\"section\">\n\t\t\t\t\t\t<div class=\"elementor-container elementor-column-gap-default\">\n\t\t\t\t\t<div class=\"elementor-column elementor-col-50 elementor-top-column elementor-element elementor-element-e5246ef ot-column-items-center ot-flex-column-vertical\" data-id=\"e5246ef\" data-element_type=\"column\">\n\t\t\t<div class=\"elementor-widget-wrap elementor-element-populated\">\n\t\t\t\t\t\t\t\t<div class=\"elementor-element elementor-element-9778242 elementor-widget elementor-widget-heading\" data-id=\"9778242\" data-element_type=\"widget\" data-widget_type=\"heading.default\">\n\t\t\t\t<div class=\"elementor-widget-container\">\n\t\t\t<h2 class=\"elementor-heading-title elementor-size-default\">TRESBOLILLO<\/h2>\t\t<\/div>\n\t\t\t\t<\/div>\n\t\t\t\t<div class=\"elementor-element elementor-element-6cc8d5e elementor-widget elementor-widget-text-editor\" data-id=\"6cc8d5e\" data-element_type=\"widget\" data-widget_type=\"text-editor.default\">\n\t\t\t\t<div class=\"elementor-widget-container\">\n\t\t\t\t\t\t\t<p>El \u00abtresbolillo\u00bb es un patr\u00f3n de mamposter\u00eda en el que las piedras se colocan formando grupos de tres en forma de tr\u00e9bol. Esta disposici\u00f3n ofrece una est\u00e9tica distintiva al muro. Dentro del patr\u00f3n tresbolillo, se pueden encontrar diferentes ajustes, como el ajuste ajustado, muy ajustado, a mano levantada con junta sin tapar y a mano levantada con junta tapada. Estos ajustes ofrecen variedad est\u00e9tica y se adaptan a diferentes preferencias en la construcci\u00f3n de muros de mamposter\u00eda. El patr\u00f3n tresbolillo es una elecci\u00f3n popular que brinda un aspecto \u00fanico y atractivo a los muros.<\/p>\t\t\t\t\t\t<\/div>\n\t\t\t\t<\/div>\n\t\t\t\t<div class=\"elementor-element elementor-element-51f21a7 elementor-align-center elementor-widget elementor-widget-ibutton\" data-id=\"51f21a7\" data-element_type=\"widget\" id=\"botonGrisTresbolillo\" data-widget_type=\"ibutton.default\">\n\t\t\t\t<div class=\"elementor-widget-container\">\n\t\t\t\t\t<div class=\"ot-button\">\r\n\t\t\t<a class=\"octf-btn octf-btn-dark\">Ver ajustes<\/a>\r\n\t    <\/div>\r\n\t    \t\t<\/div>\n\t\t\t\t<\/div>\n\t\t\t\t\t<\/div>\n\t\t<\/div>\n\t\t\t\t<div class=\"elementor-column elementor-col-50 elementor-top-column elementor-element elementor-element-70fc8fd ot-flex-column-vertical\" data-id=\"70fc8fd\" data-element_type=\"column\">\n\t\t\t<div class=\"elementor-widget-wrap elementor-element-populated\">\n\t\t\t\t\t\t\t\t<div class=\"elementor-element elementor-element-a8188f6 elementor-widget elementor-widget-image\" data-id=\"a8188f6\" data-element_type=\"widget\" data-widget_type=\"image.default\">\n\t\t\t\t<div class=\"elementor-widget-container\">\n\t\t\t<style>\/*! elementor - v3.13.3 - 28-05-2023 *\/\n.elementor-widget-image{text-align:center}.elementor-widget-image a{display:inline-block}.elementor-widget-image a img[src$=\".svg\"]{width:48px}.elementor-widget-image img{vertical-align:middle;display:inline-block}<\/style>\t\t\t\t\t\t\t\t\t\t\t\t<img loading=\"lazy\" decoding=\"async\" width=\"720\" height=\"720\" src=\"https:\/\/mamposteriacarrascoy.es\/wp-content\/uploads\/2023\/05\/muro-gris-carrascoy-ajustado-tresbolillo-multicolor.jpg\" class=\"attachment-theratio-portfolio-thumbnail-grid size-theratio-portfolio-thumbnail-grid wp-image-10107\" alt=\"\" srcset=\"https:\/\/mamposteriacarrascoy.es\/wp-content\/uploads\/2023\/05\/muro-gris-carrascoy-ajustado-tresbolillo-multicolor.jpg 720w, https:\/\/mamposteriacarrascoy.es\/wp-content\/uploads\/2023\/05\/muro-gris-carrascoy-ajustado-tresbolillo-multicolor-300x300.jpg 300w, https:\/\/mamposteriacarrascoy.es\/wp-content\/uploads\/2023\/05\/muro-gris-carrascoy-ajustado-tresbolillo-multicolor-150x150.jpg 150w\" sizes=\"(max-width: 720px) 100vw, 720px\" \/>\t\t\t\t\t\t\t\t\t\t\t\t\t\t\t<\/div>\n\t\t\t\t<\/div>\n\t\t\t\t\t<\/div>\n\t\t<\/div>\n\t\t\t\t\t\t\t<\/div>\n\t\t<\/section>\n\t\t\t\t<section class=\"elementor-section elementor-top-section elementor-element elementor-element-6b76a6c elementor-section-boxed elementor-section-height-default elementor-section-height-default\" data-id=\"6b76a6c\" data-element_type=\"section\" id=\"seccionGrisTresbolillo\">\n\t\t\t\t\t\t<div class=\"elementor-container elementor-column-gap-wide\">\n\t\t\t\t\t<div class=\"elementor-column elementor-col-33 elementor-top-column elementor-element elementor-element-34314a1 ot-flex-column-vertical\" data-id=\"34314a1\" data-element_type=\"column\">\n\t\t\t<div class=\"elementor-widget-wrap\">\n\t\t\t\t\t\t\t\t\t<\/div>\n\t\t<\/div>\n\t\t\t\t<div class=\"elementor-column elementor-col-33 elementor-top-column elementor-element elementor-element-182c843 ot-flex-column-vertical\" data-id=\"182c843\" data-element_type=\"column\">\n\t\t\t<div class=\"elementor-widget-wrap elementor-element-populated\">\n\t\t\t\t\t\t\t\t<div class=\"elementor-element elementor-element-011d0dd elementor-widget elementor-widget-theratio-service-box\" data-id=\"011d0dd\" data-element_type=\"widget\" data-widget_type=\"theratio-service-box.default\">\n\t\t\t\t<div class=\"elementor-widget-container\">\n\t\t\t\t\t<div class=\"service-box\">\r\n\t        <div class=\"box-content\">\r\n\t       \t\t\t       \t\t<div class=\"image-box img-lgpopup\">\r\n\t       \t\t\t<div data-src=\"https:\/\/mamposteriacarrascoy.es\/wp-content\/uploads\/2023\/05\/muro-gris-carrascoy-ajustado-tresbolillo-multicolor.jpg\"><img loading=\"lazy\" decoding=\"async\" width=\"720\" height=\"720\" src=\"https:\/\/mamposteriacarrascoy.es\/wp-content\/uploads\/2023\/05\/muro-gris-carrascoy-ajustado-tresbolillo-multicolor.jpg\" class=\"attachment-full size-full wp-image-10107\" alt=\"\" srcset=\"https:\/\/mamposteriacarrascoy.es\/wp-content\/uploads\/2023\/05\/muro-gris-carrascoy-ajustado-tresbolillo-multicolor.jpg 720w, https:\/\/mamposteriacarrascoy.es\/wp-content\/uploads\/2023\/05\/muro-gris-carrascoy-ajustado-tresbolillo-multicolor-300x300.jpg 300w, https:\/\/mamposteriacarrascoy.es\/wp-content\/uploads\/2023\/05\/muro-gris-carrascoy-ajustado-tresbolillo-multicolor-150x150.jpg 150w\" sizes=\"(max-width: 720px) 100vw, 720px\" \/>\t       \t\t\t\t<span class=\"overlay\"><i class=\"ot-flaticon-add\"><\/i><\/span>\r\n\t       \t\t\t<\/div>\r\n\t\t\t\t<\/div>\r\n\t\t\t\t\t\t\t\t<div class=\"info-box\">\r\n\t\t\t\t\t<h4>Ajustado<\/h4>\t\t\t\t\t<p>Preciso y uniforme, el ajuste ajustado en el patr\u00f3n tresbolillo ofrece una apariencia ordenada y sim\u00e9trica.<\/p>\r\n\t\t\t\t\t\t\t\t\t<\/div>\r\n\t\t\t<\/div>\r\n\t    <\/div>\r\n\t    \t\t<\/div>\n\t\t\t\t<\/div>\n\t\t\t\t\t<\/div>\n\t\t<\/div>\n\t\t\t\t<div class=\"elementor-column elementor-col-33 elementor-top-column elementor-element elementor-element-70ddb0a ot-flex-column-vertical\" data-id=\"70ddb0a\" data-element_type=\"column\">\n\t\t\t<div class=\"elementor-widget-wrap\">\n\t\t\t\t\t\t\t\t\t<\/div>\n\t\t<\/div>\n\t\t\t\t\t\t\t<\/div>\n\t\t<\/section>\n\t\t\t\t\t\t\t<\/div>\n\t\t","protected":false},"excerpt":{"rendered":"<p>Las piedras Grises La piedra gris es una elecci\u00f3n elegante y vers\u00e1til en el \u00e1mbito de la mamposter\u00eda debido a su aspecto sobrio y atemporal. Con su tonalidad neutra y su textura natural, esta piedra es ideal para crear espacios sofisticados y modernos, as\u00ed como para complementar una amplia variedad de estilos arquitect\u00f3nicos. La piedra [&hellip;]<\/p>\n","protected":false},"author":1,"featured_media":0,"parent":0,"menu_order":0,"comment_status":"closed","ping_status":"closed","template":"","meta":{"footnotes":""},"yoast_head":"<!-- This site is optimized with the Yoast SEO plugin v20.6 - https:\/\/yoast.com\/wordpress\/plugins\/seo\/ -->\n<title>Piedra Gris - Mamposteria Carrascoy<\/title>\n<meta name=\"robots\" content=\"index, follow, max-snippet:-1, max-image-preview:large, max-video-preview:-1\" \/>\n<link rel=\"canonical\" href=\"https:\/\/mamposteriacarrascoy.es\/index.php\/gris\/\" \/>\n<meta property=\"og:locale\" content=\"es_ES\" \/>\n<meta property=\"og:type\" content=\"article\" \/>\n<meta property=\"og:title\" content=\"Piedra Gris - Mamposteria Carrascoy\" \/>\n<meta property=\"og:description\" content=\"Las piedras Grises La piedra gris es una elecci\u00f3n elegante y vers\u00e1til en el \u00e1mbito de la mamposter\u00eda debido a su aspecto sobrio y atemporal. Con su tonalidad neutra y su textura natural, esta piedra es ideal para crear espacios sofisticados y modernos, as\u00ed como para complementar una amplia variedad de estilos arquitect\u00f3nicos. La piedra [&hellip;]\" \/>\n<meta property=\"og:url\" content=\"https:\/\/mamposteriacarrascoy.es\/index.php\/gris\/\" \/>\n<meta property=\"og:site_name\" content=\"Mamposteria Carrascoy\" \/>\n<meta property=\"article:modified_time\" content=\"2023-06-05T14:18:43+00:00\" \/>\n<meta property=\"og:image\" content=\"https:\/\/mamposteriacarrascoy.es\/wp-content\/uploads\/2023\/05\/muro-gris-carrascoy-ajustado-tresbolillo-multicolor.jpg\" \/>\n<meta name=\"twitter:card\" content=\"summary_large_image\" \/>\n<meta name=\"twitter:label1\" content=\"Tiempo de lectura\" \/>\n\t<meta name=\"twitter:data1\" content=\"2 minutos\" \/>\n<script type=\"application\/ld+json\" class=\"yoast-schema-graph\">{\"@context\":\"https:\/\/schema.org\",\"@graph\":[{\"@type\":\"WebPage\",\"@id\":\"https:\/\/mamposteriacarrascoy.es\/index.php\/gris\/\",\"url\":\"https:\/\/mamposteriacarrascoy.es\/index.php\/gris\/\",\"name\":\"Piedra Gris - Mamposteria Carrascoy\",\"isPartOf\":{\"@id\":\"https:\/\/mamposteriacarrascoy.es\/#website\"},\"datePublished\":\"2023-05-15T14:05:45+00:00\",\"dateModified\":\"2023-06-05T14:18:43+00:00\",\"breadcrumb\":{\"@id\":\"https:\/\/mamposteriacarrascoy.es\/index.php\/gris\/#breadcrumb\"},\"inLanguage\":\"es\",\"potentialAction\":[{\"@type\":\"ReadAction\",\"target\":[\"https:\/\/mamposteriacarrascoy.es\/index.php\/gris\/\"]}]},{\"@type\":\"BreadcrumbList\",\"@id\":\"https:\/\/mamposteriacarrascoy.es\/index.php\/gris\/#breadcrumb\",\"itemListElement\":[{\"@type\":\"ListItem\",\"position\":1,\"name\":\"Portada\",\"item\":\"https:\/\/mamposteriacarrascoy.es\/\"},{\"@type\":\"ListItem\",\"position\":2,\"name\":\"Piedra Gris\"}]},{\"@type\":\"WebSite\",\"@id\":\"https:\/\/mamposteriacarrascoy.es\/#website\",\"url\":\"https:\/\/mamposteriacarrascoy.es\/\",\"name\":\"Mamposteria Carrascoy\",\"description\":\"Mamposteria\",\"potentialAction\":[{\"@type\":\"SearchAction\",\"target\":{\"@type\":\"EntryPoint\",\"urlTemplate\":\"https:\/\/mamposteriacarrascoy.es\/?s={search_term_string}\"},\"query-input\":\"required name=search_term_string\"}],\"inLanguage\":\"es\"}]}<\/script>\n<!-- \/ Yoast SEO plugin. -->","yoast_head_json":{"title":"Piedra Gris - Mamposteria Carrascoy","robots":{"index":"index","follow":"follow","max-snippet":"max-snippet:-1","max-image-preview":"max-image-preview:large","max-video-preview":"max-video-preview:-1"},"canonical":"https:\/\/mamposteriacarrascoy.es\/index.php\/gris\/","og_locale":"es_ES","og_type":"article","og_title":"Piedra Gris - Mamposteria Carrascoy","og_description":"Las piedras Grises La piedra gris es una elecci\u00f3n elegante y vers\u00e1til en el \u00e1mbito de la mamposter\u00eda debido a su aspecto sobrio y atemporal. Con su tonalidad neutra y su textura natural, esta piedra es ideal para crear espacios sofisticados y modernos, as\u00ed como para complementar una amplia variedad de estilos arquitect\u00f3nicos. La piedra [&hellip;]","og_url":"https:\/\/mamposteriacarrascoy.es\/index.php\/gris\/","og_site_name":"Mamposteria Carrascoy","article_modified_time":"2023-06-05T14:18:43+00:00","og_image":[{"url":"https:\/\/mamposteriacarrascoy.es\/wp-content\/uploads\/2023\/05\/muro-gris-carrascoy-ajustado-tresbolillo-multicolor.jpg"}],"twitter_card":"summary_large_image","twitter_misc":{"Tiempo de lectura":"2 minutos"},"schema":{"@context":"https:\/\/schema.org","@graph":[{"@type":"WebPage","@id":"https:\/\/mamposteriacarrascoy.es\/index.php\/gris\/","url":"https:\/\/mamposteriacarrascoy.es\/index.php\/gris\/","name":"Piedra Gris - Mamposteria Carrascoy","isPartOf":{"@id":"https:\/\/mamposteriacarrascoy.es\/#website"},"datePublished":"2023-05-15T14:05:45+00:00","dateModified":"2023-06-05T14:18:43+00:00","breadcrumb":{"@id":"https:\/\/mamposteriacarrascoy.es\/index.php\/gris\/#breadcrumb"},"inLanguage":"es","potentialAction":[{"@type":"ReadAction","target":["https:\/\/mamposteriacarrascoy.es\/index.php\/gris\/"]}]},{"@type":"BreadcrumbList","@id":"https:\/\/mamposteriacarrascoy.es\/index.php\/gris\/#breadcrumb","itemListElement":[{"@type":"ListItem","position":1,"name":"Portada","item":"https:\/\/mamposteriacarrascoy.es\/"},{"@type":"ListItem","position":2,"name":"Piedra Gris"}]},{"@type":"WebSite","@id":"https:\/\/mamposteriacarrascoy.es\/#website","url":"https:\/\/mamposteriacarrascoy.es\/","name":"Mamposteria Carrascoy","description":"Mamposteria","potentialAction":[{"@type":"SearchAction","target":{"@type":"EntryPoint","urlTemplate":"https:\/\/mamposteriacarrascoy.es\/?s={search_term_string}"},"query-input":"required name=search_term_string"}],"inLanguage":"es"}]}},"_links":{"self":[{"href":"https:\/\/mamposteriacarrascoy.es\/index.php\/wp-json\/wp\/v2\/pages\/9926"}],"collection":[{"href":"https:\/\/mamposteriacarrascoy.es\/index.php\/wp-json\/wp\/v2\/pages"}],"about":[{"href":"https:\/\/mamposteriacarrascoy.es\/index.php\/wp-json\/wp\/v2\/types\/page"}],"author":[{"embeddable":true,"href":"https:\/\/mamposteriacarrascoy.es\/index.php\/wp-json\/wp\/v2\/users\/1"}],"replies":[{"embeddable":true,"href":"https:\/\/mamposteriacarrascoy.es\/index.php\/wp-json\/wp\/v2\/comments?post=9926"}],"version-history":[{"count":71,"href":"https:\/\/mamposteriacarrascoy.es\/index.php\/wp-json\/wp\/v2\/pages\/9926\/revisions"}],"predecessor-version":[{"id":11739,"href":"https:\/\/mamposteriacarrascoy.es\/index.php\/wp-json\/wp\/v2\/pages\/9926\/revisions\/11739"}],"wp:attachment":[{"href":"https:\/\/mamposteriacarrascoy.es\/index.php\/wp-json\/wp\/v2\/media?parent=9926"}],"curies":[{"name":"wp","href":"https:\/\/api.w.org\/{rel}","templated":true}]}}