{"id":9925,"date":"2023-05-15T14:05:45","date_gmt":"2023-05-15T14:05:45","guid":{"rendered":"https:\/\/mamposteriacarrascoy.es\/?page_id=9925"},"modified":"2023-06-05T14:16:00","modified_gmt":"2023-06-05T14:16:00","slug":"ambar","status":"publish","type":"page","link":"https:\/\/mamposteriacarrascoy.es\/index.php\/ambar\/","title":{"rendered":"Piedra Ambar"},"content":{"rendered":"\t\t<div data-elementor-type=\"wp-page\" data-elementor-id=\"9925\" class=\"elementor elementor-9925\">\n\t\t\t\t\t\t\t\t\t<section class=\"elementor-section elementor-top-section elementor-element elementor-element-a5f5000 elementor-section-boxed elementor-section-height-default elementor-section-height-default\" data-id=\"a5f5000\" data-element_type=\"section\">\n\t\t\t\t\t\t<div class=\"elementor-container elementor-column-gap-default\">\n\t\t\t\t\t<div class=\"elementor-column elementor-col-100 elementor-top-column elementor-element elementor-element-aa0710f ot-flex-column-vertical\" data-id=\"aa0710f\" data-element_type=\"column\">\n\t\t\t<div class=\"elementor-widget-wrap elementor-element-populated\">\n\t\t\t\t\t\t\t\t<div class=\"elementor-element elementor-element-74643f3 elementor-widget elementor-widget-heading\" data-id=\"74643f3\" data-element_type=\"widget\" data-widget_type=\"heading.default\">\n\t\t\t\t<div class=\"elementor-widget-container\">\n\t\t\t<style>\/*! elementor - v3.13.3 - 28-05-2023 *\/\n.elementor-heading-title{padding:0;margin:0;line-height:1}.elementor-widget-heading .elementor-heading-title[class*=elementor-size-]>a{color:inherit;font-size:inherit;line-height:inherit}.elementor-widget-heading .elementor-heading-title.elementor-size-small{font-size:15px}.elementor-widget-heading .elementor-heading-title.elementor-size-medium{font-size:19px}.elementor-widget-heading .elementor-heading-title.elementor-size-large{font-size:29px}.elementor-widget-heading .elementor-heading-title.elementor-size-xl{font-size:39px}.elementor-widget-heading .elementor-heading-title.elementor-size-xxl{font-size:59px}<\/style><h2 class=\"elementor-heading-title elementor-size-default\">Las piedras Ambar<\/h2>\t\t<\/div>\n\t\t\t\t<\/div>\n\t\t\t\t<div class=\"elementor-element elementor-element-004ab0c elementor-widget elementor-widget-text-editor\" data-id=\"004ab0c\" data-element_type=\"widget\" data-widget_type=\"text-editor.default\">\n\t\t\t\t<div class=\"elementor-widget-container\">\n\t\t\t<style>\/*! elementor - v3.13.3 - 28-05-2023 *\/\n.elementor-widget-text-editor.elementor-drop-cap-view-stacked .elementor-drop-cap{background-color:#69727d;color:#fff}.elementor-widget-text-editor.elementor-drop-cap-view-framed .elementor-drop-cap{color:#69727d;border:3px solid;background-color:transparent}.elementor-widget-text-editor:not(.elementor-drop-cap-view-default) .elementor-drop-cap{margin-top:8px}.elementor-widget-text-editor:not(.elementor-drop-cap-view-default) .elementor-drop-cap-letter{width:1em;height:1em}.elementor-widget-text-editor .elementor-drop-cap{float:left;text-align:center;line-height:1;font-size:50px}.elementor-widget-text-editor .elementor-drop-cap-letter{display:inline-block}<\/style>\t\t\t\t<p>La piedra \u00e1mbar es una elecci\u00f3n \u00fanica y cautivadora en el \u00e1mbito de la mamposter\u00eda debido a su color dorado y su belleza natural. Con su tonalidad c\u00e1lida y brillante, esta piedra aporta una sensaci\u00f3n de calidez y luminosidad a cualquier espacio en el que se utilice.<\/p><p>La piedra \u00e1mbar se caracteriza por su tono dorado que var\u00eda desde tonos m\u00e1s suaves y claros hasta tonos m\u00e1s intensos y profundos. Su color \u00fanico se deriva de la presencia de minerales y elementos naturales en su composici\u00f3n, lo que le confiere su caracter\u00edstica apariencia c\u00e1lida y soleada.<\/p><p>Adem\u00e1s de su aspecto est\u00e9tico, la piedra \u00e1mbar destaca por su durabilidad y resistencia. Es capaz de soportar el desgaste diario y los elementos clim\u00e1ticos sin comprometer su integridad. Por lo tanto, es una opci\u00f3n ideal para revestimientos de paredes, suelos, encimeras y otros elementos de mamposter\u00eda tanto en interiores como en exteriores.<\/p><p>La piedra \u00e1mbar tambi\u00e9n ofrece una gran versatilidad en el dise\u00f1o, ya que puede presentar diferentes acabados y texturas. Desde superficies pulidas que reflejan la luz y crean un aspecto elegante, hasta superficies rugosas que aportan un toque m\u00e1s r\u00fastico y natural, la piedra \u00e1mbar se adapta a diferentes preferencias y estilos.<\/p><p>Dentro de las piedras Ambar podemos encontrar varios tipos de piedras seg\u00fan su forma\u00a0<\/p>\t\t\t\t\t\t<\/div>\n\t\t\t\t<\/div>\n\t\t\t\t\t<\/div>\n\t\t<\/div>\n\t\t\t\t\t\t\t<\/div>\n\t\t<\/section>\n\t\t\t\t<section class=\"elementor-section elementor-top-section elementor-element elementor-element-73b2c0f elementor-reverse-mobile elementor-section-boxed elementor-section-height-default elementor-section-height-default\" data-id=\"73b2c0f\" data-element_type=\"section\">\n\t\t\t\t\t\t<div class=\"elementor-container elementor-column-gap-default\">\n\t\t\t\t\t<div class=\"elementor-column elementor-col-50 elementor-top-column elementor-element elementor-element-bc1d074 ot-column-items-center ot-flex-column-vertical\" data-id=\"bc1d074\" data-element_type=\"column\">\n\t\t\t<div class=\"elementor-widget-wrap elementor-element-populated\">\n\t\t\t\t\t\t\t\t<div class=\"elementor-element elementor-element-b1fe6ca elementor-widget elementor-widget-heading\" data-id=\"b1fe6ca\" data-element_type=\"widget\" data-widget_type=\"heading.default\">\n\t\t\t\t<div class=\"elementor-widget-container\">\n\t\t\t<h2 class=\"elementor-heading-title elementor-size-default\">Tresbolillo<\/h2>\t\t<\/div>\n\t\t\t\t<\/div>\n\t\t\t\t<div class=\"elementor-element elementor-element-63ce5d3 elementor-widget elementor-widget-text-editor\" data-id=\"63ce5d3\" data-element_type=\"widget\" data-widget_type=\"text-editor.default\">\n\t\t\t\t<div class=\"elementor-widget-container\">\n\t\t\t\t\t\t\t<p>El \u00abtresbolillo\u00bb es un patr\u00f3n de mamposter\u00eda en el que las piedras se colocan formando grupos de tres en forma de tr\u00e9bol. Esta disposici\u00f3n ofrece una est\u00e9tica distintiva al muro. Dentro del patr\u00f3n tresbolillo, se pueden encontrar diferentes ajustes, como el ajuste ajustado, muy ajustado, a mano levantada con junta sin tapar y a mano levantada con junta tapada. Estos ajustes ofrecen variedad est\u00e9tica y se adaptan a diferentes preferencias en la construcci\u00f3n de muros de mamposter\u00eda. El patr\u00f3n tresbolillo es una elecci\u00f3n popular que brinda un aspecto \u00fanico y atractivo a los muros.<\/p>\t\t\t\t\t\t<\/div>\n\t\t\t\t<\/div>\n\t\t\t\t<div class=\"elementor-element elementor-element-d9f39c5 elementor-align-center elementor-widget elementor-widget-ibutton\" data-id=\"d9f39c5\" data-element_type=\"widget\" id=\"botonAmbarTresbolillo\" data-widget_type=\"ibutton.default\">\n\t\t\t\t<div class=\"elementor-widget-container\">\n\t\t\t\t\t<div class=\"ot-button\">\r\n\t\t\t<a class=\"octf-btn octf-btn-dark\">Ver ajustes<\/a>\r\n\t    <\/div>\r\n\t    \t\t<\/div>\n\t\t\t\t<\/div>\n\t\t\t\t\t<\/div>\n\t\t<\/div>\n\t\t\t\t<div class=\"elementor-column elementor-col-50 elementor-top-column elementor-element elementor-element-40d6553 ot-flex-column-vertical\" data-id=\"40d6553\" data-element_type=\"column\">\n\t\t\t<div class=\"elementor-widget-wrap elementor-element-populated\">\n\t\t\t\t\t\t\t\t<div class=\"elementor-element elementor-element-3c2deba elementor-widget elementor-widget-image\" data-id=\"3c2deba\" data-element_type=\"widget\" data-widget_type=\"image.default\">\n\t\t\t\t<div class=\"elementor-widget-container\">\n\t\t\t<style>\/*! elementor - v3.13.3 - 28-05-2023 *\/\n.elementor-widget-image{text-align:center}.elementor-widget-image a{display:inline-block}.elementor-widget-image a img[src$=\".svg\"]{width:48px}.elementor-widget-image img{vertical-align:middle;display:inline-block}<\/style>\t\t\t\t\t\t\t\t\t\t\t\t<img loading=\"lazy\" decoding=\"async\" width=\"664\" height=\"515\" src=\"https:\/\/mamposteriacarrascoy.es\/wp-content\/uploads\/2023\/05\/muro-ambar-carrascoy-ajustado-tresbolillo.jpg\" class=\"attachment-theratio-portfolio-thumbnail-grid size-theratio-portfolio-thumbnail-grid wp-image-9902\" alt=\"\" srcset=\"https:\/\/mamposteriacarrascoy.es\/wp-content\/uploads\/2023\/05\/muro-ambar-carrascoy-ajustado-tresbolillo.jpg 664w, https:\/\/mamposteriacarrascoy.es\/wp-content\/uploads\/2023\/05\/muro-ambar-carrascoy-ajustado-tresbolillo-300x233.jpg 300w\" sizes=\"(max-width: 664px) 100vw, 664px\" \/>\t\t\t\t\t\t\t\t\t\t\t\t\t\t\t<\/div>\n\t\t\t\t<\/div>\n\t\t\t\t\t<\/div>\n\t\t<\/div>\n\t\t\t\t\t\t\t<\/div>\n\t\t<\/section>\n\t\t\t\t<section class=\"elementor-section elementor-top-section elementor-element elementor-element-f60b5ba elementor-section-boxed elementor-section-height-default elementor-section-height-default\" data-id=\"f60b5ba\" data-element_type=\"section\" id=\"seccionAmbarTresbolillo1\">\n\t\t\t\t\t\t<div class=\"elementor-container elementor-column-gap-wide\">\n\t\t\t\t\t<div class=\"elementor-column elementor-col-25 elementor-top-column elementor-element elementor-element-40dc67f ot-flex-column-horizontal\" data-id=\"40dc67f\" data-element_type=\"column\">\n\t\t\t<div class=\"elementor-widget-wrap elementor-element-populated\">\n\t\t\t\t\t\t\t\t<div class=\"elementor-element elementor-element-34ca9fe elementor-widget elementor-widget-theratio-service-box\" data-id=\"34ca9fe\" data-element_type=\"widget\" data-widget_type=\"theratio-service-box.default\">\n\t\t\t\t<div class=\"elementor-widget-container\">\n\t\t\t\t\t<div class=\"service-box\">\r\n\t        <div class=\"box-content\">\r\n\t       \t\t\t       \t\t<div class=\"image-box img-lgpopup\">\r\n\t       \t\t\t<div data-src=\"https:\/\/mamposteriacarrascoy.es\/wp-content\/uploads\/2023\/05\/muro-ambar-carrascoy-ajustado-tresbolillo-2.jpg\"><img loading=\"lazy\" decoding=\"async\" width=\"720\" height=\"720\" src=\"https:\/\/mamposteriacarrascoy.es\/wp-content\/uploads\/2023\/05\/muro-ambar-carrascoy-ajustado-tresbolillo-2.jpg\" class=\"attachment-theratio-portfolio-thumbnail-grid size-theratio-portfolio-thumbnail-grid wp-image-10063\" alt=\"\" srcset=\"https:\/\/mamposteriacarrascoy.es\/wp-content\/uploads\/2023\/05\/muro-ambar-carrascoy-ajustado-tresbolillo-2.jpg 720w, https:\/\/mamposteriacarrascoy.es\/wp-content\/uploads\/2023\/05\/muro-ambar-carrascoy-ajustado-tresbolillo-2-300x300.jpg 300w, https:\/\/mamposteriacarrascoy.es\/wp-content\/uploads\/2023\/05\/muro-ambar-carrascoy-ajustado-tresbolillo-2-150x150.jpg 150w\" sizes=\"(max-width: 720px) 100vw, 720px\" \/>\t       \t\t\t\t<span class=\"overlay\"><i class=\"ot-flaticon-add\"><\/i><\/span>\r\n\t       \t\t\t<\/div>\r\n\t\t\t\t<\/div>\r\n\t\t\t\t\t\t\t\t<div class=\"info-box\">\r\n\t\t\t\t\t<h4> Ajustado<\/h4>\t\t\t\t\t<p>Preciso y uniforme, el ajuste ajustado en el patr\u00f3n tresbolillo ofrece una apariencia ordenada y sim\u00e9trica.<\/p>\r\n\t\t\t\t\t\t\t\t\t<\/div>\r\n\t\t\t<\/div>\r\n\t    <\/div>\r\n\t    \t\t<\/div>\n\t\t\t\t<\/div>\n\t\t\t\t\t<\/div>\n\t\t<\/div>\n\t\t\t\t<div class=\"elementor-column elementor-col-25 elementor-top-column elementor-element elementor-element-6d4ed29 ot-flex-column-horizontal\" data-id=\"6d4ed29\" data-element_type=\"column\">\n\t\t\t<div class=\"elementor-widget-wrap elementor-element-populated\">\n\t\t\t\t\t\t\t\t<div class=\"elementor-element elementor-element-5656722 elementor-widget elementor-widget-theratio-service-box\" data-id=\"5656722\" data-element_type=\"widget\" data-widget_type=\"theratio-service-box.default\">\n\t\t\t\t<div class=\"elementor-widget-container\">\n\t\t\t\t\t<div class=\"service-box\">\r\n\t        <div class=\"box-content\">\r\n\t       \t\t\t       \t\t<div class=\"image-box img-lgpopup\">\r\n\t       \t\t\t<div data-src=\"https:\/\/mamposteriacarrascoy.es\/wp-content\/uploads\/2023\/05\/muro-ambar-carrascoy-muy-ajustado-tresbolillo-1.jpg\"><img loading=\"lazy\" decoding=\"async\" width=\"720\" height=\"720\" src=\"https:\/\/mamposteriacarrascoy.es\/wp-content\/uploads\/2023\/05\/muro-ambar-carrascoy-muy-ajustado-tresbolillo-1.jpg\" class=\"attachment-full size-full wp-image-10064\" alt=\"\" srcset=\"https:\/\/mamposteriacarrascoy.es\/wp-content\/uploads\/2023\/05\/muro-ambar-carrascoy-muy-ajustado-tresbolillo-1.jpg 720w, https:\/\/mamposteriacarrascoy.es\/wp-content\/uploads\/2023\/05\/muro-ambar-carrascoy-muy-ajustado-tresbolillo-1-300x300.jpg 300w, https:\/\/mamposteriacarrascoy.es\/wp-content\/uploads\/2023\/05\/muro-ambar-carrascoy-muy-ajustado-tresbolillo-1-150x150.jpg 150w\" sizes=\"(max-width: 720px) 100vw, 720px\" \/>\t       \t\t\t\t<span class=\"overlay\"><i class=\"ot-flaticon-add\"><\/i><\/span>\r\n\t       \t\t\t<\/div>\r\n\t\t\t\t<\/div>\r\n\t\t\t\t\t\t\t\t<div class=\"info-box\">\r\n\t\t\t\t\t<h4>Muy Ajustado<\/h4>\t\t\t\t\t<p>Con una precisi\u00f3n excepcional el ajuste muy ajustado en el patr\u00f3n tresbolillo crea una apariencia uniforme sin juntas visibles.<\/p>\r\n\t\t\t\t\t\t\t\t\t<\/div>\r\n\t\t\t<\/div>\r\n\t    <\/div>\r\n\t    \t\t<\/div>\n\t\t\t\t<\/div>\n\t\t\t\t\t<\/div>\n\t\t<\/div>\n\t\t\t\t<div class=\"elementor-column elementor-col-25 elementor-top-column elementor-element elementor-element-6e759a3 ot-flex-column-horizontal\" data-id=\"6e759a3\" data-element_type=\"column\">\n\t\t\t<div class=\"elementor-widget-wrap elementor-element-populated\">\n\t\t\t\t\t\t\t\t<div class=\"elementor-element elementor-element-0bb4fa6 elementor-widget elementor-widget-theratio-service-box\" data-id=\"0bb4fa6\" data-element_type=\"widget\" data-widget_type=\"theratio-service-box.default\">\n\t\t\t\t<div class=\"elementor-widget-container\">\n\t\t\t\t\t<div class=\"service-box\">\r\n\t        <div class=\"box-content\">\r\n\t       \t\t\t       \t\t<div class=\"image-box img-lgpopup\">\r\n\t       \t\t\t<div data-src=\"https:\/\/mamposteriacarrascoy.es\/wp-content\/uploads\/2023\/05\/muro-ambar-carrascoy-a-mano-levantada-junta-sin-tapar-tresbolillo-1.jpg\"><img loading=\"lazy\" decoding=\"async\" width=\"720\" height=\"720\" src=\"https:\/\/mamposteriacarrascoy.es\/wp-content\/uploads\/2023\/05\/muro-ambar-carrascoy-a-mano-levantada-junta-sin-tapar-tresbolillo-1.jpg\" class=\"attachment-full size-full wp-image-10065\" alt=\"\" srcset=\"https:\/\/mamposteriacarrascoy.es\/wp-content\/uploads\/2023\/05\/muro-ambar-carrascoy-a-mano-levantada-junta-sin-tapar-tresbolillo-1.jpg 720w, https:\/\/mamposteriacarrascoy.es\/wp-content\/uploads\/2023\/05\/muro-ambar-carrascoy-a-mano-levantada-junta-sin-tapar-tresbolillo-1-300x300.jpg 300w, https:\/\/mamposteriacarrascoy.es\/wp-content\/uploads\/2023\/05\/muro-ambar-carrascoy-a-mano-levantada-junta-sin-tapar-tresbolillo-1-150x150.jpg 150w\" sizes=\"(max-width: 720px) 100vw, 720px\" \/>\t       \t\t\t\t<span class=\"overlay\"><i class=\"ot-flaticon-add\"><\/i><\/span>\r\n\t       \t\t\t<\/div>\r\n\t\t\t\t<\/div>\r\n\t\t\t\t\t\t\t\t<div class=\"info-box\">\r\n\t\t\t\t\t<h4>A Mano Levantada Junta Sin Tapar<\/h4>\t\t\t\t\t<p>Un enfoque artesanal y r\u00fastico, en este ajuste las piedras se colocan a mano sin cubrir las juntas, ofreciendo una sensaci\u00f3n natural.<\/p>\r\n\t\t\t\t\t\t\t\t\t<\/div>\r\n\t\t\t<\/div>\r\n\t    <\/div>\r\n\t    \t\t<\/div>\n\t\t\t\t<\/div>\n\t\t\t\t\t<\/div>\n\t\t<\/div>\n\t\t\t\t<div class=\"elementor-column elementor-col-25 elementor-top-column elementor-element elementor-element-8eab3bc ot-flex-column-horizontal\" data-id=\"8eab3bc\" data-element_type=\"column\">\n\t\t\t<div class=\"elementor-widget-wrap elementor-element-populated\">\n\t\t\t\t\t\t\t\t<div class=\"elementor-element elementor-element-d0adab4 elementor-widget elementor-widget-theratio-service-box\" data-id=\"d0adab4\" data-element_type=\"widget\" data-widget_type=\"theratio-service-box.default\">\n\t\t\t\t<div class=\"elementor-widget-container\">\n\t\t\t\t\t<div class=\"service-box\">\r\n\t        <div class=\"box-content\">\r\n\t       \t\t\t       \t\t<div class=\"image-box img-lgpopup\">\r\n\t       \t\t\t<div data-src=\"https:\/\/mamposteriacarrascoy.es\/wp-content\/uploads\/2023\/05\/muro-ambar-carrascoy-a-mano-levantada-junta-tapada-tresbolillo.jpg\"><img loading=\"lazy\" decoding=\"async\" width=\"720\" height=\"720\" src=\"https:\/\/mamposteriacarrascoy.es\/wp-content\/uploads\/2023\/05\/muro-ambar-carrascoy-a-mano-levantada-junta-tapada-tresbolillo.jpg\" class=\"attachment-full size-full wp-image-10066\" alt=\"\" srcset=\"https:\/\/mamposteriacarrascoy.es\/wp-content\/uploads\/2023\/05\/muro-ambar-carrascoy-a-mano-levantada-junta-tapada-tresbolillo.jpg 720w, https:\/\/mamposteriacarrascoy.es\/wp-content\/uploads\/2023\/05\/muro-ambar-carrascoy-a-mano-levantada-junta-tapada-tresbolillo-300x300.jpg 300w, https:\/\/mamposteriacarrascoy.es\/wp-content\/uploads\/2023\/05\/muro-ambar-carrascoy-a-mano-levantada-junta-tapada-tresbolillo-150x150.jpg 150w\" sizes=\"(max-width: 720px) 100vw, 720px\" \/>\t       \t\t\t\t<span class=\"overlay\"><i class=\"ot-flaticon-add\"><\/i><\/span>\r\n\t       \t\t\t<\/div>\r\n\t\t\t\t<\/div>\r\n\t\t\t\t\t\t\t\t<div class=\"info-box\">\r\n\t\t\t\t\t<h4>A Mano Levantada Junta Tapada<\/h4>\t\t\t\t\t<p>Un estilo artesanal con un acabado m\u00e1s refinado, en este ajuste las piedras se colocan a mano y se cubren las juntas para un aspecto uniforme.<\/p>\r\n\t\t\t\t\t\t\t\t\t<\/div>\r\n\t\t\t<\/div>\r\n\t    <\/div>\r\n\t    \t\t<\/div>\n\t\t\t\t<\/div>\n\t\t\t\t\t<\/div>\n\t\t<\/div>\n\t\t\t\t\t\t\t<\/div>\n\t\t<\/section>\n\t\t\t\t\t\t\t<\/div>\n\t\t","protected":false},"excerpt":{"rendered":"<p>Las piedras Ambar La piedra \u00e1mbar es una elecci\u00f3n \u00fanica y cautivadora en el \u00e1mbito de la mamposter\u00eda debido a su color dorado y su belleza natural. Con su tonalidad c\u00e1lida y brillante, esta piedra aporta una sensaci\u00f3n de calidez y luminosidad a cualquier espacio en el que se utilice. La piedra \u00e1mbar se caracteriza [&hellip;]<\/p>\n","protected":false},"author":1,"featured_media":0,"parent":0,"menu_order":0,"comment_status":"closed","ping_status":"closed","template":"","meta":{"footnotes":""},"yoast_head":"<!-- This site is optimized with the Yoast SEO plugin v20.6 - https:\/\/yoast.com\/wordpress\/plugins\/seo\/ -->\n<title>Piedra Ambar - Mamposteria Carrascoy<\/title>\n<meta name=\"robots\" content=\"index, follow, max-snippet:-1, max-image-preview:large, max-video-preview:-1\" \/>\n<link rel=\"canonical\" href=\"https:\/\/mamposteriacarrascoy.es\/index.php\/ambar\/\" \/>\n<meta property=\"og:locale\" content=\"es_ES\" \/>\n<meta property=\"og:type\" content=\"article\" \/>\n<meta property=\"og:title\" content=\"Piedra Ambar - Mamposteria Carrascoy\" \/>\n<meta property=\"og:description\" content=\"Las piedras Ambar La piedra \u00e1mbar es una elecci\u00f3n \u00fanica y cautivadora en el \u00e1mbito de la mamposter\u00eda debido a su color dorado y su belleza natural. Con su tonalidad c\u00e1lida y brillante, esta piedra aporta una sensaci\u00f3n de calidez y luminosidad a cualquier espacio en el que se utilice. La piedra \u00e1mbar se caracteriza [&hellip;]\" \/>\n<meta property=\"og:url\" content=\"https:\/\/mamposteriacarrascoy.es\/index.php\/ambar\/\" \/>\n<meta property=\"og:site_name\" content=\"Mamposteria Carrascoy\" \/>\n<meta property=\"article:modified_time\" content=\"2023-06-05T14:16:00+00:00\" \/>\n<meta property=\"og:image\" content=\"https:\/\/mamposteriacarrascoy.es\/wp-content\/uploads\/2023\/05\/muro-ambar-carrascoy-ajustado-tresbolillo.jpg\" \/>\n<meta name=\"twitter:card\" content=\"summary_large_image\" \/>\n<meta name=\"twitter:label1\" content=\"Tiempo de lectura\" \/>\n\t<meta name=\"twitter:data1\" content=\"3 minutos\" \/>\n<script type=\"application\/ld+json\" class=\"yoast-schema-graph\">{\"@context\":\"https:\/\/schema.org\",\"@graph\":[{\"@type\":\"WebPage\",\"@id\":\"https:\/\/mamposteriacarrascoy.es\/index.php\/ambar\/\",\"url\":\"https:\/\/mamposteriacarrascoy.es\/index.php\/ambar\/\",\"name\":\"Piedra Ambar - Mamposteria Carrascoy\",\"isPartOf\":{\"@id\":\"https:\/\/mamposteriacarrascoy.es\/#website\"},\"datePublished\":\"2023-05-15T14:05:45+00:00\",\"dateModified\":\"2023-06-05T14:16:00+00:00\",\"breadcrumb\":{\"@id\":\"https:\/\/mamposteriacarrascoy.es\/index.php\/ambar\/#breadcrumb\"},\"inLanguage\":\"es\",\"potentialAction\":[{\"@type\":\"ReadAction\",\"target\":[\"https:\/\/mamposteriacarrascoy.es\/index.php\/ambar\/\"]}]},{\"@type\":\"BreadcrumbList\",\"@id\":\"https:\/\/mamposteriacarrascoy.es\/index.php\/ambar\/#breadcrumb\",\"itemListElement\":[{\"@type\":\"ListItem\",\"position\":1,\"name\":\"Portada\",\"item\":\"https:\/\/mamposteriacarrascoy.es\/\"},{\"@type\":\"ListItem\",\"position\":2,\"name\":\"Piedra Ambar\"}]},{\"@type\":\"WebSite\",\"@id\":\"https:\/\/mamposteriacarrascoy.es\/#website\",\"url\":\"https:\/\/mamposteriacarrascoy.es\/\",\"name\":\"Mamposteria Carrascoy\",\"description\":\"Mamposteria\",\"potentialAction\":[{\"@type\":\"SearchAction\",\"target\":{\"@type\":\"EntryPoint\",\"urlTemplate\":\"https:\/\/mamposteriacarrascoy.es\/?s={search_term_string}\"},\"query-input\":\"required name=search_term_string\"}],\"inLanguage\":\"es\"}]}<\/script>\n<!-- \/ Yoast SEO plugin. -->","yoast_head_json":{"title":"Piedra Ambar - Mamposteria Carrascoy","robots":{"index":"index","follow":"follow","max-snippet":"max-snippet:-1","max-image-preview":"max-image-preview:large","max-video-preview":"max-video-preview:-1"},"canonical":"https:\/\/mamposteriacarrascoy.es\/index.php\/ambar\/","og_locale":"es_ES","og_type":"article","og_title":"Piedra Ambar - Mamposteria Carrascoy","og_description":"Las piedras Ambar La piedra \u00e1mbar es una elecci\u00f3n \u00fanica y cautivadora en el \u00e1mbito de la mamposter\u00eda debido a su color dorado y su belleza natural. Con su tonalidad c\u00e1lida y brillante, esta piedra aporta una sensaci\u00f3n de calidez y luminosidad a cualquier espacio en el que se utilice. La piedra \u00e1mbar se caracteriza [&hellip;]","og_url":"https:\/\/mamposteriacarrascoy.es\/index.php\/ambar\/","og_site_name":"Mamposteria Carrascoy","article_modified_time":"2023-06-05T14:16:00+00:00","og_image":[{"url":"https:\/\/mamposteriacarrascoy.es\/wp-content\/uploads\/2023\/05\/muro-ambar-carrascoy-ajustado-tresbolillo.jpg"}],"twitter_card":"summary_large_image","twitter_misc":{"Tiempo de lectura":"3 minutos"},"schema":{"@context":"https:\/\/schema.org","@graph":[{"@type":"WebPage","@id":"https:\/\/mamposteriacarrascoy.es\/index.php\/ambar\/","url":"https:\/\/mamposteriacarrascoy.es\/index.php\/ambar\/","name":"Piedra Ambar - Mamposteria Carrascoy","isPartOf":{"@id":"https:\/\/mamposteriacarrascoy.es\/#website"},"datePublished":"2023-05-15T14:05:45+00:00","dateModified":"2023-06-05T14:16:00+00:00","breadcrumb":{"@id":"https:\/\/mamposteriacarrascoy.es\/index.php\/ambar\/#breadcrumb"},"inLanguage":"es","potentialAction":[{"@type":"ReadAction","target":["https:\/\/mamposteriacarrascoy.es\/index.php\/ambar\/"]}]},{"@type":"BreadcrumbList","@id":"https:\/\/mamposteriacarrascoy.es\/index.php\/ambar\/#breadcrumb","itemListElement":[{"@type":"ListItem","position":1,"name":"Portada","item":"https:\/\/mamposteriacarrascoy.es\/"},{"@type":"ListItem","position":2,"name":"Piedra Ambar"}]},{"@type":"WebSite","@id":"https:\/\/mamposteriacarrascoy.es\/#website","url":"https:\/\/mamposteriacarrascoy.es\/","name":"Mamposteria Carrascoy","description":"Mamposteria","potentialAction":[{"@type":"SearchAction","target":{"@type":"EntryPoint","urlTemplate":"https:\/\/mamposteriacarrascoy.es\/?s={search_term_string}"},"query-input":"required name=search_term_string"}],"inLanguage":"es"}]}},"_links":{"self":[{"href":"https:\/\/mamposteriacarrascoy.es\/index.php\/wp-json\/wp\/v2\/pages\/9925"}],"collection":[{"href":"https:\/\/mamposteriacarrascoy.es\/index.php\/wp-json\/wp\/v2\/pages"}],"about":[{"href":"https:\/\/mamposteriacarrascoy.es\/index.php\/wp-json\/wp\/v2\/types\/page"}],"author":[{"embeddable":true,"href":"https:\/\/mamposteriacarrascoy.es\/index.php\/wp-json\/wp\/v2\/users\/1"}],"replies":[{"embeddable":true,"href":"https:\/\/mamposteriacarrascoy.es\/index.php\/wp-json\/wp\/v2\/comments?post=9925"}],"version-history":[{"count":207,"href":"https:\/\/mamposteriacarrascoy.es\/index.php\/wp-json\/wp\/v2\/pages\/9925\/revisions"}],"predecessor-version":[{"id":11735,"href":"https:\/\/mamposteriacarrascoy.es\/index.php\/wp-json\/wp\/v2\/pages\/9925\/revisions\/11735"}],"wp:attachment":[{"href":"https:\/\/mamposteriacarrascoy.es\/index.php\/wp-json\/wp\/v2\/media?parent=9925"}],"curies":[{"name":"wp","href":"https:\/\/api.w.org\/{rel}","templated":true}]}}