{"id":4545,"date":"2020-05-15T11:00:01","date_gmt":"2020-05-15T11:00:01","guid":{"rendered":"http:\/\/localhost\/theratio\/?page_id=2539"},"modified":"2023-06-05T09:25:17","modified_gmt":"2023-06-05T09:25:17","slug":"diseno-exterior","status":"publish","type":"page","link":"https:\/\/mamposteriacarrascoy.es\/index.php\/nuestros-servicios\/diseno-exterior\/","title":{"rendered":"Dise\u00f1o Exterior"},"content":{"rendered":"\t\t<div data-elementor-type=\"wp-page\" data-elementor-id=\"4545\" class=\"elementor elementor-4545\">\n\t\t\t\t\t\t\t\t\t<section class=\"elementor-section elementor-top-section elementor-element elementor-element-c2960ff elementor-section-height-min-height elementor-section-boxed elementor-section-height-default elementor-section-items-middle\" data-id=\"c2960ff\" data-element_type=\"section\" data-settings=\"{&quot;background_background&quot;:&quot;classic&quot;}\">\n\t\t\t\t\t\t<div class=\"elementor-container elementor-column-gap-default\">\n\t\t\t\t\t<div class=\"elementor-column elementor-col-100 elementor-top-column elementor-element elementor-element-0cacd77 ot-flex-column-vertical\" data-id=\"0cacd77\" data-element_type=\"column\">\n\t\t\t<div class=\"elementor-widget-wrap elementor-element-populated\">\n\t\t\t\t\t\t\t\t<div class=\"elementor-element elementor-element-adef8bb theratio-align-center elementor-widget elementor-widget-iheading\" data-id=\"adef8bb\" data-element_type=\"widget\" data-widget_type=\"iheading.default\">\n\t\t\t\t<div class=\"elementor-widget-container\">\n\t\t\t\t\t<div class=\"ot-heading \">\r\n\t        \t        <h2 class=\"main-heading\">DISE\u00d1O EXTERIOR<\/h2>\r\n\t        \t    <\/div>\r\n\t    \t\t<\/div>\n\t\t\t\t<\/div>\n\t\t\t\t\t<\/div>\n\t\t<\/div>\n\t\t\t\t\t\t\t<\/div>\n\t\t<\/section>\n\t\t\t\t<section class=\"elementor-section elementor-top-section elementor-element elementor-element-4680d83 elementor-section-boxed elementor-section-height-default elementor-section-height-default\" data-id=\"4680d83\" data-element_type=\"section\">\n\t\t\t\t\t\t<div class=\"elementor-container elementor-column-gap-extended\">\n\t\t\t\t\t<div class=\"elementor-column elementor-col-100 elementor-top-column elementor-element elementor-element-ce47c48 ot-flex-column-vertical\" data-id=\"ce47c48\" data-element_type=\"column\">\n\t\t\t<div class=\"elementor-widget-wrap elementor-element-populated\">\n\t\t\t\t\t\t\t\t<div class=\"elementor-element elementor-element-9c19471 theratio-align-center elementor-widget elementor-widget-iheading\" data-id=\"9c19471\" data-element_type=\"widget\" data-widget_type=\"iheading.default\">\n\t\t\t\t<div class=\"elementor-widget-container\">\n\t\t\t\t\t<div class=\"ot-heading \">\r\n\t        \t            <span>[ QUE OFRECEMOS ]<\/span>\r\n\t        \t        <h2 class=\"main-heading\">Todo tipo de edificios en dise\u00f1o qu\u00edmico o funcional <\/h2>\r\n\t        \t    <\/div>\r\n\t    \t\t<\/div>\n\t\t\t\t<\/div>\n\t\t\t\t<section class=\"elementor-section elementor-inner-section elementor-element elementor-element-c1d4586 elementor-section-content-space-around elementor-section-boxed elementor-section-height-default elementor-section-height-default\" data-id=\"c1d4586\" data-element_type=\"section\">\n\t\t\t\t\t\t<div class=\"elementor-container elementor-column-gap-narrow\">\n\t\t\t\t\t<div class=\"elementor-column elementor-col-50 elementor-inner-column elementor-element elementor-element-68e6619 ot-flex-column-vertical\" data-id=\"68e6619\" data-element_type=\"column\">\n\t\t\t<div class=\"elementor-widget-wrap elementor-element-populated\">\n\t\t\t\t\t\t\t\t<div class=\"elementor-element elementor-element-9326ad9 elementor-widget elementor-widget-icounter\" data-id=\"9326ad9\" data-element_type=\"widget\" data-widget_type=\"icounter.default\">\n\t\t\t\t<div class=\"elementor-widget-container\">\n\t\t\t    \t<div class=\"ot-counter\" data-counter=\"200\">\r\n        \t<div>\r\n        \t\t<span>[+<\/span>\r\n        \t\t<span class=\"num\" data-to=\"200\" data-time= \"4000\"><\/span>\r\n        \t\t<span>m<sup>2<\/sup>]<\/span>\r\n        \t<\/div>\r\n        \t<h6>Pared construida<\/h6>      \t\t\t\t        \r\n\t    <\/div>\r\n\t    \t\t<\/div>\n\t\t\t\t<\/div>\n\t\t\t\t\t<\/div>\n\t\t<\/div>\n\t\t\t\t<div class=\"elementor-column elementor-col-50 elementor-inner-column elementor-element elementor-element-b8b9e3e ot-flex-column-vertical\" data-id=\"b8b9e3e\" data-element_type=\"column\">\n\t\t\t<div class=\"elementor-widget-wrap elementor-element-populated\">\n\t\t\t\t\t\t\t\t<div class=\"elementor-element elementor-element-9e6de80 elementor-widget elementor-widget-icounter\" data-id=\"9e6de80\" data-element_type=\"widget\" data-widget_type=\"icounter.default\">\n\t\t\t\t<div class=\"elementor-widget-container\">\n\t\t\t    \t<div class=\"ot-counter\" data-counter=\"5200\">\r\n        \t<div>\r\n        \t\t<span>[+<\/span>\r\n        \t\t<span class=\"num\" data-to=\"5200\" data-time= \"4000\"><\/span>\r\n        \t\t<span>m<sup>2<\/sup>]<\/span>\r\n        \t<\/div>\r\n        \t<h6>Piedras utilizadas<\/h6>      \t\t\t\t        \r\n\t    <\/div>\r\n\t    \t\t<\/div>\n\t\t\t\t<\/div>\n\t\t\t\t\t<\/div>\n\t\t<\/div>\n\t\t\t\t\t\t\t<\/div>\n\t\t<\/section>\n\t\t\t\t<div class=\"elementor-element elementor-element-6e38ca7 elementor-widget elementor-widget-text-editor\" data-id=\"6e38ca7\" data-element_type=\"widget\" data-widget_type=\"text-editor.default\">\n\t\t\t\t<div class=\"elementor-widget-container\">\n\t\t\t<style>\/*! elementor - v3.13.3 - 28-05-2023 *\/\n.elementor-widget-text-editor.elementor-drop-cap-view-stacked .elementor-drop-cap{background-color:#69727d;color:#fff}.elementor-widget-text-editor.elementor-drop-cap-view-framed .elementor-drop-cap{color:#69727d;border:3px solid;background-color:transparent}.elementor-widget-text-editor:not(.elementor-drop-cap-view-default) .elementor-drop-cap{margin-top:8px}.elementor-widget-text-editor:not(.elementor-drop-cap-view-default) .elementor-drop-cap-letter{width:1em;height:1em}.elementor-widget-text-editor .elementor-drop-cap{float:left;text-align:center;line-height:1;font-size:50px}.elementor-widget-text-editor .elementor-drop-cap-letter{display:inline-block}<\/style>\t\t\t\t<p>Nuestro equipo de expertos en mamposter\u00eda est\u00e1 altamente capacitado y cuenta con una amplia experiencia en el dise\u00f1o y la construcci\u00f3n de estructuras exteriores de calidad. Trabajamos estrechamente contigo para comprender tus necesidades y objetivos, y colaboramos en cada etapa del proceso para asegurarnos de que el resultado final refleje tu visi\u00f3n y se adapte perfectamente a tu estilo de vida.<\/p>\t\t\t\t\t\t<\/div>\n\t\t\t\t<\/div>\n\t\t\t\t<section class=\"elementor-section elementor-inner-section elementor-element elementor-element-167f355 elementor-section-boxed elementor-section-height-default elementor-section-height-default\" data-id=\"167f355\" data-element_type=\"section\">\n\t\t\t\t\t\t<div class=\"elementor-container elementor-column-gap-default\">\n\t\t\t\t\t<div class=\"elementor-column elementor-col-50 elementor-inner-column elementor-element elementor-element-66b5269 ot-flex-column-vertical\" data-id=\"66b5269\" data-element_type=\"column\">\n\t\t\t<div class=\"elementor-widget-wrap elementor-element-populated\">\n\t\t\t\t\t\t\t\t<div class=\"elementor-element elementor-element-259ad09 elementor-widget elementor-widget-image\" data-id=\"259ad09\" data-element_type=\"widget\" data-widget_type=\"image.default\">\n\t\t\t\t<div class=\"elementor-widget-container\">\n\t\t\t<style>\/*! elementor - v3.13.3 - 28-05-2023 *\/\n.elementor-widget-image{text-align:center}.elementor-widget-image a{display:inline-block}.elementor-widget-image a img[src$=\".svg\"]{width:48px}.elementor-widget-image img{vertical-align:middle;display:inline-block}<\/style>\t\t\t\t\t\t\t\t\t\t\t\t<img decoding=\"async\" src=\"https:\/\/mcarrasco.10y6interiorismo.com\/wp-content\/uploads\/2023\/04\/construir-pared.jpg\" title=\"\" alt=\"\" loading=\"lazy\" \/>\t\t\t\t\t\t\t\t\t\t\t\t\t\t\t<\/div>\n\t\t\t\t<\/div>\n\t\t\t\t\t<\/div>\n\t\t<\/div>\n\t\t\t\t<div class=\"elementor-column elementor-col-50 elementor-inner-column elementor-element elementor-element-cbf175c ot-flex-column-vertical\" data-id=\"cbf175c\" data-element_type=\"column\">\n\t\t\t<div class=\"elementor-widget-wrap elementor-element-populated\">\n\t\t\t\t\t\t\t\t<div class=\"elementor-element elementor-element-8a5aa36 elementor-widget elementor-widget-image\" data-id=\"8a5aa36\" data-element_type=\"widget\" data-widget_type=\"image.default\">\n\t\t\t\t<div class=\"elementor-widget-container\">\n\t\t\t\t\t\t\t\t\t\t\t\t\t\t\t<img decoding=\"async\" src=\"https:\/\/mcarrasco.10y6interiorismo.com\/wp-content\/uploads\/2023\/04\/construir-pared.jpg\" title=\"\" alt=\"\" loading=\"lazy\" \/>\t\t\t\t\t\t\t\t\t\t\t\t\t\t\t<\/div>\n\t\t\t\t<\/div>\n\t\t\t\t\t<\/div>\n\t\t<\/div>\n\t\t\t\t\t\t\t<\/div>\n\t\t<\/section>\n\t\t\t\t<div class=\"elementor-element elementor-element-9dba111 elementor-widget elementor-widget-text-editor\" data-id=\"9dba111\" data-element_type=\"widget\" data-widget_type=\"text-editor.default\">\n\t\t\t\t<div class=\"elementor-widget-container\">\n\t\t\t\t\t\t\t<p>Cuando se trata de dise\u00f1o exterior, nos enorgullece ofrecerte soluciones \u00fanicas y personalizadas. Nos especializamos en el uso de piedra natural de alta calidad para crear elementos impresionantes, como muros de contenci\u00f3n, terrazas, senderos, chimeneas al aire libre y mucho m\u00e1s. Nuestro equipo de expertos se encargar\u00e1 de seleccionar cuidadosamente las piedras y utilizar t\u00e9cnicas de colocaci\u00f3n precisas para lograr resultados espectaculares.<\/p><p>En Mamposter\u00eda Carrascoy, nos preocupamos por la calidad de nuestros trabajos. Utilizamos piedras naturales duraderas y resistentes a la intemperie, asegur\u00e1ndonos de que cada elemento construido se mantenga en excelentes condiciones a lo largo del tiempo. Adem\u00e1s, nos aseguramos de que el dise\u00f1o y la estructura se integren armoniosamente con el entorno existente, creando un aspecto coherente y atractivo.<\/p>\t\t\t\t\t\t<\/div>\n\t\t\t\t<\/div>\n\t\t\t\t\t<\/div>\n\t\t<\/div>\n\t\t\t\t\t\t\t<\/div>\n\t\t<\/section>\n\t\t\t\t\t\t\t<\/div>\n\t\t","protected":false},"excerpt":{"rendered":"<p>DISE\u00d1O EXTERIOR [ QUE OFRECEMOS ] Todo tipo de edificios en dise\u00f1o qu\u00edmico o funcional [+ m2] Pared construida [+ m2] Piedras utilizadas Nuestro equipo de expertos en mamposter\u00eda est\u00e1 altamente capacitado y cuenta con una amplia experiencia en el dise\u00f1o y la construcci\u00f3n de estructuras exteriores de calidad. Trabajamos estrechamente contigo para comprender tus [&hellip;]<\/p>\n","protected":false},"author":1,"featured_media":0,"parent":2405,"menu_order":0,"comment_status":"closed","ping_status":"closed","template":"","meta":{"footnotes":""},"yoast_head":"<!-- This site is optimized with the Yoast SEO plugin v20.6 - https:\/\/yoast.com\/wordpress\/plugins\/seo\/ -->\n<title>Dise\u00f1o Exterior - Mamposteria Carrascoy<\/title>\n<meta name=\"robots\" content=\"index, follow, max-snippet:-1, max-image-preview:large, max-video-preview:-1\" \/>\n<link rel=\"canonical\" href=\"https:\/\/mamposteriacarrascoy.es\/index.php\/nuestros-servicios\/diseno-exterior\/\" \/>\n<meta property=\"og:locale\" content=\"es_ES\" \/>\n<meta property=\"og:type\" content=\"article\" \/>\n<meta property=\"og:title\" content=\"Dise\u00f1o Exterior - Mamposteria Carrascoy\" \/>\n<meta property=\"og:description\" content=\"DISE\u00d1O EXTERIOR [ QUE OFRECEMOS ] Todo tipo de edificios en dise\u00f1o qu\u00edmico o funcional [+ m2] Pared construida [+ m2] Piedras utilizadas Nuestro equipo de expertos en mamposter\u00eda est\u00e1 altamente capacitado y cuenta con una amplia experiencia en el dise\u00f1o y la construcci\u00f3n de estructuras exteriores de calidad. Trabajamos estrechamente contigo para comprender tus [&hellip;]\" \/>\n<meta property=\"og:url\" content=\"https:\/\/mamposteriacarrascoy.es\/index.php\/nuestros-servicios\/diseno-exterior\/\" \/>\n<meta property=\"og:site_name\" content=\"Mamposteria Carrascoy\" \/>\n<meta property=\"article:modified_time\" content=\"2023-06-05T09:25:17+00:00\" \/>\n<meta property=\"og:image\" content=\"https:\/\/mcarrasco.10y6interiorismo.com\/wp-content\/uploads\/2023\/04\/construir-pared.jpg\" \/>\n<meta name=\"twitter:card\" content=\"summary_large_image\" \/>\n<meta name=\"twitter:label1\" content=\"Tiempo de lectura\" \/>\n\t<meta name=\"twitter:data1\" content=\"2 minutos\" \/>\n<script type=\"application\/ld+json\" class=\"yoast-schema-graph\">{\"@context\":\"https:\/\/schema.org\",\"@graph\":[{\"@type\":\"WebPage\",\"@id\":\"https:\/\/mamposteriacarrascoy.es\/index.php\/nuestros-servicios\/diseno-exterior\/\",\"url\":\"https:\/\/mamposteriacarrascoy.es\/index.php\/nuestros-servicios\/diseno-exterior\/\",\"name\":\"Dise\u00f1o Exterior - Mamposteria Carrascoy\",\"isPartOf\":{\"@id\":\"https:\/\/mamposteriacarrascoy.es\/#website\"},\"datePublished\":\"2020-05-15T11:00:01+00:00\",\"dateModified\":\"2023-06-05T09:25:17+00:00\",\"breadcrumb\":{\"@id\":\"https:\/\/mamposteriacarrascoy.es\/index.php\/nuestros-servicios\/diseno-exterior\/#breadcrumb\"},\"inLanguage\":\"es\",\"potentialAction\":[{\"@type\":\"ReadAction\",\"target\":[\"https:\/\/mamposteriacarrascoy.es\/index.php\/nuestros-servicios\/diseno-exterior\/\"]}]},{\"@type\":\"BreadcrumbList\",\"@id\":\"https:\/\/mamposteriacarrascoy.es\/index.php\/nuestros-servicios\/diseno-exterior\/#breadcrumb\",\"itemListElement\":[{\"@type\":\"ListItem\",\"position\":1,\"name\":\"Portada\",\"item\":\"https:\/\/mamposteriacarrascoy.es\/\"},{\"@type\":\"ListItem\",\"position\":2,\"name\":\"Nuestros Servicios\",\"item\":\"https:\/\/mamposteriacarrascoy.es\/index.php\/nuestros-servicios\/\"},{\"@type\":\"ListItem\",\"position\":3,\"name\":\"Dise\u00f1o Exterior\"}]},{\"@type\":\"WebSite\",\"@id\":\"https:\/\/mamposteriacarrascoy.es\/#website\",\"url\":\"https:\/\/mamposteriacarrascoy.es\/\",\"name\":\"Mamposteria Carrascoy\",\"description\":\"Mamposteria\",\"potentialAction\":[{\"@type\":\"SearchAction\",\"target\":{\"@type\":\"EntryPoint\",\"urlTemplate\":\"https:\/\/mamposteriacarrascoy.es\/?s={search_term_string}\"},\"query-input\":\"required name=search_term_string\"}],\"inLanguage\":\"es\"}]}<\/script>\n<!-- \/ Yoast SEO plugin. -->","yoast_head_json":{"title":"Dise\u00f1o Exterior - Mamposteria Carrascoy","robots":{"index":"index","follow":"follow","max-snippet":"max-snippet:-1","max-image-preview":"max-image-preview:large","max-video-preview":"max-video-preview:-1"},"canonical":"https:\/\/mamposteriacarrascoy.es\/index.php\/nuestros-servicios\/diseno-exterior\/","og_locale":"es_ES","og_type":"article","og_title":"Dise\u00f1o Exterior - Mamposteria Carrascoy","og_description":"DISE\u00d1O EXTERIOR [ QUE OFRECEMOS ] Todo tipo de edificios en dise\u00f1o qu\u00edmico o funcional [+ m2] Pared construida [+ m2] Piedras utilizadas Nuestro equipo de expertos en mamposter\u00eda est\u00e1 altamente capacitado y cuenta con una amplia experiencia en el dise\u00f1o y la construcci\u00f3n de estructuras exteriores de calidad. Trabajamos estrechamente contigo para comprender tus [&hellip;]","og_url":"https:\/\/mamposteriacarrascoy.es\/index.php\/nuestros-servicios\/diseno-exterior\/","og_site_name":"Mamposteria Carrascoy","article_modified_time":"2023-06-05T09:25:17+00:00","og_image":[{"url":"https:\/\/mcarrasco.10y6interiorismo.com\/wp-content\/uploads\/2023\/04\/construir-pared.jpg"}],"twitter_card":"summary_large_image","twitter_misc":{"Tiempo de lectura":"2 minutos"},"schema":{"@context":"https:\/\/schema.org","@graph":[{"@type":"WebPage","@id":"https:\/\/mamposteriacarrascoy.es\/index.php\/nuestros-servicios\/diseno-exterior\/","url":"https:\/\/mamposteriacarrascoy.es\/index.php\/nuestros-servicios\/diseno-exterior\/","name":"Dise\u00f1o Exterior - Mamposteria Carrascoy","isPartOf":{"@id":"https:\/\/mamposteriacarrascoy.es\/#website"},"datePublished":"2020-05-15T11:00:01+00:00","dateModified":"2023-06-05T09:25:17+00:00","breadcrumb":{"@id":"https:\/\/mamposteriacarrascoy.es\/index.php\/nuestros-servicios\/diseno-exterior\/#breadcrumb"},"inLanguage":"es","potentialAction":[{"@type":"ReadAction","target":["https:\/\/mamposteriacarrascoy.es\/index.php\/nuestros-servicios\/diseno-exterior\/"]}]},{"@type":"BreadcrumbList","@id":"https:\/\/mamposteriacarrascoy.es\/index.php\/nuestros-servicios\/diseno-exterior\/#breadcrumb","itemListElement":[{"@type":"ListItem","position":1,"name":"Portada","item":"https:\/\/mamposteriacarrascoy.es\/"},{"@type":"ListItem","position":2,"name":"Nuestros Servicios","item":"https:\/\/mamposteriacarrascoy.es\/index.php\/nuestros-servicios\/"},{"@type":"ListItem","position":3,"name":"Dise\u00f1o Exterior"}]},{"@type":"WebSite","@id":"https:\/\/mamposteriacarrascoy.es\/#website","url":"https:\/\/mamposteriacarrascoy.es\/","name":"Mamposteria Carrascoy","description":"Mamposteria","potentialAction":[{"@type":"SearchAction","target":{"@type":"EntryPoint","urlTemplate":"https:\/\/mamposteriacarrascoy.es\/?s={search_term_string}"},"query-input":"required name=search_term_string"}],"inLanguage":"es"}]}},"_links":{"self":[{"href":"https:\/\/mamposteriacarrascoy.es\/index.php\/wp-json\/wp\/v2\/pages\/4545"}],"collection":[{"href":"https:\/\/mamposteriacarrascoy.es\/index.php\/wp-json\/wp\/v2\/pages"}],"about":[{"href":"https:\/\/mamposteriacarrascoy.es\/index.php\/wp-json\/wp\/v2\/types\/page"}],"author":[{"embeddable":true,"href":"https:\/\/mamposteriacarrascoy.es\/index.php\/wp-json\/wp\/v2\/users\/1"}],"replies":[{"embeddable":true,"href":"https:\/\/mamposteriacarrascoy.es\/index.php\/wp-json\/wp\/v2\/comments?post=4545"}],"version-history":[{"count":55,"href":"https:\/\/mamposteriacarrascoy.es\/index.php\/wp-json\/wp\/v2\/pages\/4545\/revisions"}],"predecessor-version":[{"id":11677,"href":"https:\/\/mamposteriacarrascoy.es\/index.php\/wp-json\/wp\/v2\/pages\/4545\/revisions\/11677"}],"up":[{"embeddable":true,"href":"https:\/\/mamposteriacarrascoy.es\/index.php\/wp-json\/wp\/v2\/pages\/2405"}],"wp:attachment":[{"href":"https:\/\/mamposteriacarrascoy.es\/index.php\/wp-json\/wp\/v2\/media?parent=4545"}],"curies":[{"name":"wp","href":"https:\/\/api.w.org\/{rel}","templated":true}]}}