{"id":3985,"date":"2020-07-07T04:14:44","date_gmt":"2020-07-07T04:14:44","guid":{"rendered":"http:\/\/wpdemo.archiwp.com\/theratio\/?page_id=3985"},"modified":"2024-05-09T06:21:36","modified_gmt":"2024-05-09T06:21:36","slug":"noticias-construccion-piedra","status":"publish","type":"page","link":"https:\/\/mamposteriacarrascoy.es\/index.php\/noticias-construccion-piedra\/","title":{"rendered":"Noticias"},"content":{"rendered":"\t\t<div data-elementor-type=\"wp-page\" data-elementor-id=\"3985\" class=\"elementor elementor-3985\">\n\t\t\t\t\t\t\t\t\t<section class=\"elementor-section elementor-top-section elementor-element elementor-element-3d510d1 elementor-section-boxed elementor-section-height-default elementor-section-height-default\" data-id=\"3d510d1\" data-element_type=\"section\" data-settings=\"{&quot;background_background&quot;:&quot;classic&quot;}\">\n\t\t\t\t\t\t<div class=\"elementor-container elementor-column-gap-default\">\n\t\t\t\t\t<div class=\"elementor-column elementor-col-100 elementor-top-column elementor-element elementor-element-a53f8c2 ot-flex-column-vertical\" data-id=\"a53f8c2\" data-element_type=\"column\" data-settings=\"{&quot;background_background&quot;:&quot;classic&quot;}\">\n\t\t\t<div class=\"elementor-widget-wrap elementor-element-populated\">\n\t\t\t\t\t\t\t\t<div class=\"elementor-element elementor-element-357e5e8 elementor-widget elementor-widget-heading\" data-id=\"357e5e8\" data-element_type=\"widget\" data-widget_type=\"heading.default\">\n\t\t\t\t<div class=\"elementor-widget-container\">\n\t\t\t<style>\/*! elementor - v3.13.3 - 28-05-2023 *\/\n.elementor-heading-title{padding:0;margin:0;line-height:1}.elementor-widget-heading .elementor-heading-title[class*=elementor-size-]>a{color:inherit;font-size:inherit;line-height:inherit}.elementor-widget-heading .elementor-heading-title.elementor-size-small{font-size:15px}.elementor-widget-heading .elementor-heading-title.elementor-size-medium{font-size:19px}.elementor-widget-heading .elementor-heading-title.elementor-size-large{font-size:29px}.elementor-widget-heading .elementor-heading-title.elementor-size-xl{font-size:39px}.elementor-widget-heading .elementor-heading-title.elementor-size-xxl{font-size:59px}<\/style><h5 class=\"elementor-heading-title elementor-size-default\">Descubre las noticias de Mamposteria Carrascoy:<\/h5>\t\t<\/div>\n\t\t\t\t<\/div>\n\t\t\t\t\t<\/div>\n\t\t<\/div>\n\t\t\t\t\t\t\t<\/div>\n\t\t<\/section>\n\t\t\t\t<section class=\"elementor-section elementor-top-section elementor-element elementor-element-05b964b elementor-section-boxed elementor-section-height-default elementor-section-height-default\" data-id=\"05b964b\" data-element_type=\"section\">\n\t\t\t\t\t\t<div class=\"elementor-container elementor-column-gap-no\">\n\t\t\t\t\t<div class=\"elementor-column elementor-col-100 elementor-top-column elementor-element elementor-element-e093e53 ot-flex-column-vertical\" data-id=\"e093e53\" data-element_type=\"column\">\n\t\t\t<div class=\"elementor-widget-wrap elementor-element-populated\">\n\t\t\t\t\t\t\t\t<div class=\"elementor-element elementor-element-5ae1b83 elementor-widget elementor-widget-ipost_grid\" data-id=\"5ae1b83\" data-element_type=\"widget\" data-widget_type=\"ipost_grid.default\">\n\t\t\t\t<div class=\"elementor-widget-container\">\n\t\t\t\t\t<div class=\"blog-grid pf_2_cols v-light\">\r\n        \t \r\n<article id=\"post-4964\" class=\"post-box masonry-post-item post-4964 post type-post status-publish format-standard has-post-thumbnail hentry category-novedades\">\r\n\t<div class=\"post-inner\">\r\n\t    \r\n\t        <div class=\"entry-media post-cat-abs\">\r\n\t            <a href=\"https:\/\/mamposteriacarrascoy.es\/index.php\/2021\/04\/06\/nueva-maquinaria\/\">\r\n\t                <img loading=\"lazy\" decoding=\"async\" width=\"1440\" height=\"1440\" src=\"https:\/\/mamposteriacarrascoy.es\/wp-content\/uploads\/2021\/04\/maquinaria-nueva.jpg\" class=\"attachment-post-thumbnail size-post-thumbnail wp-post-image\" alt=\"\" srcset=\"https:\/\/mamposteriacarrascoy.es\/wp-content\/uploads\/2021\/04\/maquinaria-nueva.jpg 1440w, https:\/\/mamposteriacarrascoy.es\/wp-content\/uploads\/2021\/04\/maquinaria-nueva-300x300.jpg 300w, https:\/\/mamposteriacarrascoy.es\/wp-content\/uploads\/2021\/04\/maquinaria-nueva-1024x1024.jpg 1024w, https:\/\/mamposteriacarrascoy.es\/wp-content\/uploads\/2021\/04\/maquinaria-nueva-150x150.jpg 150w, https:\/\/mamposteriacarrascoy.es\/wp-content\/uploads\/2021\/04\/maquinaria-nueva-768x768.jpg 768w, https:\/\/mamposteriacarrascoy.es\/wp-content\/uploads\/2021\/04\/maquinaria-nueva-720x720.jpg 720w\" sizes=\"(max-width: 1440px) 100vw, 1440px\" \/>\t            <\/a>\r\n\t            <div class=\"post-cat\"><div class=\"posted-in\"><a href=\"https:\/\/mamposteriacarrascoy.es\/index.php\/category\/novedades\/\" rel=\"category tag\">Novedades<\/a><\/div><\/div>\t        <\/div>\r\n\t        \r\n\t    \r\n\t    <div class=\"inner-post\">\r\n\t        <div class=\"entry-header\">\r\n\r\n\t            \t            <div class=\"entry-meta\">\r\n\t            \t\t            <\/div><!-- .entry-meta -->\r\n\t            \r\n\t            <h4 class=\"entry-title\"><a class=\"title-link\" href=\"https:\/\/mamposteriacarrascoy.es\/index.php\/2021\/04\/06\/nueva-maquinaria\/\" rel=\"bookmark\">Nueva Adquisici\u00f3n<\/a><\/h4>\r\n\t        <\/div><!-- .entry-header -->\r\n\r\n\t        <div class=\"entry-summary the-excerpt\">\r\n\r\n\t            <p>Murcia. 14\/01\/2023\u00a0 Nos complace compartir con todos ustedes la noticia de que hemos dado un gran paso hacia la eficiencia y la excelencia en la construcci\u00f3n con la adquisici\u00f3n de nuestra innovadora maquinaria de manipuladores telesc\u00f3picos para mamposter\u00eda. \u00a1Es un hito importante para nuestro negocio! Esta nueva adquisici\u00f3n nos permitir\u00e1 transformar por completo nuestra forma [&hellip;]<\/p>\n\r\n\t        <\/div><!-- .entry-content -->\r\n\t        <div class=\"entry-footer\">\r\n\t        \t<a href=\"https:\/\/mamposteriacarrascoy.es\/index.php\/2021\/04\/06\/nueva-maquinaria\/\" class=\"btn-details\"> Leer m\u00e1s<\/a>\t        <\/div>\r\n\t    <\/div>\r\n\t<\/div>\r\n<\/article> \r\n<article id=\"post-102\" class=\"post-box masonry-post-item post-102 post type-post status-publish format-standard has-post-thumbnail hentry category-cantera\">\r\n\t<div class=\"post-inner\">\r\n\t    \r\n\t        <div class=\"entry-media post-cat-abs\">\r\n\t            <a href=\"https:\/\/mamposteriacarrascoy.es\/index.php\/2020\/03\/20\/piedras-con-fosiles\/\">\r\n\t                <img loading=\"lazy\" decoding=\"async\" width=\"1440\" height=\"1440\" src=\"https:\/\/mamposteriacarrascoy.es\/wp-content\/uploads\/2020\/03\/piedras-con-folsiles-2.jpg\" class=\"attachment-post-thumbnail size-post-thumbnail wp-post-image\" alt=\"\" srcset=\"https:\/\/mamposteriacarrascoy.es\/wp-content\/uploads\/2020\/03\/piedras-con-folsiles-2.jpg 1440w, https:\/\/mamposteriacarrascoy.es\/wp-content\/uploads\/2020\/03\/piedras-con-folsiles-2-300x300.jpg 300w, https:\/\/mamposteriacarrascoy.es\/wp-content\/uploads\/2020\/03\/piedras-con-folsiles-2-1024x1024.jpg 1024w, https:\/\/mamposteriacarrascoy.es\/wp-content\/uploads\/2020\/03\/piedras-con-folsiles-2-150x150.jpg 150w, https:\/\/mamposteriacarrascoy.es\/wp-content\/uploads\/2020\/03\/piedras-con-folsiles-2-768x768.jpg 768w, https:\/\/mamposteriacarrascoy.es\/wp-content\/uploads\/2020\/03\/piedras-con-folsiles-2-720x720.jpg 720w\" sizes=\"(max-width: 1440px) 100vw, 1440px\" \/>\t            <\/a>\r\n\t            <div class=\"post-cat\"><div class=\"posted-in\"><a href=\"https:\/\/mamposteriacarrascoy.es\/index.php\/category\/cantera\/\" rel=\"category tag\">Cantera<\/a><\/div><\/div>\t        <\/div>\r\n\t        \r\n\t    \r\n\t    <div class=\"inner-post\">\r\n\t        <div class=\"entry-header\">\r\n\r\n\t            \t            <div class=\"entry-meta\">\r\n\t            \t\t            <\/div><!-- .entry-meta -->\r\n\t            \r\n\t            <h4 class=\"entry-title\"><a class=\"title-link\" href=\"https:\/\/mamposteriacarrascoy.es\/index.php\/2020\/03\/20\/piedras-con-fosiles\/\" rel=\"bookmark\">Piedras con f\u00f3siles<\/a><\/h4>\r\n\t        <\/div><!-- .entry-header -->\r\n\r\n\t        <div class=\"entry-summary the-excerpt\">\r\n\r\n\t            <p>Murcia. 10\/05\/2023 Nos complace compartir con todos ustedes un hallazgo fascinante en nuestras canteras de extracci\u00f3n de piedra. Durante nuestras operaciones, hemos encontrado algunas piedras que contienen sorprendentes f\u00f3siles. \u00a1Es como retroceder en el tiempo! Estos f\u00f3siles son aut\u00e9nticos tesoros que nos conectan directamente con la historia de nuestro planeta. Algunas de las piedras extra\u00eddas [&hellip;]<\/p>\n\r\n\t        <\/div><!-- .entry-content -->\r\n\t        <div class=\"entry-footer\">\r\n\t        \t<a href=\"https:\/\/mamposteriacarrascoy.es\/index.php\/2020\/03\/20\/piedras-con-fosiles\/\" class=\"btn-details\"> Leer m\u00e1s<\/a>\t        <\/div>\r\n\t    <\/div>\r\n\t<\/div>\r\n<\/article> \r\n<article id=\"post-99\" class=\"post-box masonry-post-item post-99 post type-post status-publish format-standard has-post-thumbnail hentry category-cursos\">\r\n\t<div class=\"post-inner\">\r\n\t    \r\n\t        <div class=\"entry-media post-cat-abs\">\r\n\t            <a href=\"https:\/\/mamposteriacarrascoy.es\/index.php\/2020\/03\/20\/curso-en-altura\/\">\r\n\t                <img loading=\"lazy\" decoding=\"async\" width=\"1280\" height=\"720\" src=\"https:\/\/mamposteriacarrascoy.es\/wp-content\/uploads\/2020\/03\/trabajo-en-alturas.jpg\" class=\"attachment-post-thumbnail size-post-thumbnail wp-post-image\" alt=\"\" srcset=\"https:\/\/mamposteriacarrascoy.es\/wp-content\/uploads\/2020\/03\/trabajo-en-alturas.jpg 1280w, https:\/\/mamposteriacarrascoy.es\/wp-content\/uploads\/2020\/03\/trabajo-en-alturas-300x169.jpg 300w, https:\/\/mamposteriacarrascoy.es\/wp-content\/uploads\/2020\/03\/trabajo-en-alturas-1024x576.jpg 1024w, https:\/\/mamposteriacarrascoy.es\/wp-content\/uploads\/2020\/03\/trabajo-en-alturas-768x432.jpg 768w\" sizes=\"(max-width: 1280px) 100vw, 1280px\" \/>\t            <\/a>\r\n\t            <div class=\"post-cat\"><div class=\"posted-in\"><a href=\"https:\/\/mamposteriacarrascoy.es\/index.php\/category\/cursos\/\" rel=\"category tag\">Cursos<\/a><\/div><\/div>\t        <\/div>\r\n\t        \r\n\t    \r\n\t    <div class=\"inner-post\">\r\n\t        <div class=\"entry-header\">\r\n\r\n\t            \t            <div class=\"entry-meta\">\r\n\t            \t\t            <\/div><!-- .entry-meta -->\r\n\t            \r\n\t            <h4 class=\"entry-title\"><a class=\"title-link\" href=\"https:\/\/mamposteriacarrascoy.es\/index.php\/2020\/03\/20\/curso-en-altura\/\" rel=\"bookmark\">Curso en altura<\/a><\/h4>\r\n\t        <\/div><!-- .entry-header -->\r\n\r\n\t        <div class=\"entry-summary the-excerpt\">\r\n\r\n\t            <p>Murcia. 25\/03\/2023&nbsp;&nbsp; \u00a1En Carrascoy, priorizamos la seguridad y el bienestar de nuestros valiosos trabajadores! https:\/\/mcarrasco.10y6interiorismo.com\/wp-content\/uploads\/2020\/03\/video-curso.mp4 Estamos comprometidos en crear un entorno laboral seguro y protegido para nuestro equipo, por lo que nos complace anunciar que hemos implementado una serie de cursos especializados en seguridad para la construcci\u00f3n. Entre ellos, destacamos nuestro curso de seguridad en [&hellip;]<\/p>\n\r\n\t        <\/div><!-- .entry-content -->\r\n\t        <div class=\"entry-footer\">\r\n\t        \t<a href=\"https:\/\/mamposteriacarrascoy.es\/index.php\/2020\/03\/20\/curso-en-altura\/\" class=\"btn-details\"> Leer m\u00e1s<\/a>\t        <\/div>\r\n\t    <\/div>\r\n\t<\/div>\r\n<\/article> \r\n<article id=\"post-82\" class=\"post-box masonry-post-item post-82 post type-post status-publish format-standard has-post-thumbnail hentry category-cantera\">\r\n\t<div class=\"post-inner\">\r\n\t    \r\n\t        <div class=\"entry-media post-cat-abs\">\r\n\t            <a href=\"https:\/\/mamposteriacarrascoy.es\/index.php\/2020\/03\/19\/piedras-de-nuestra-cantera\/\">\r\n\t                <img loading=\"lazy\" decoding=\"async\" width=\"1440\" height=\"1440\" src=\"https:\/\/mamposteriacarrascoy.es\/wp-content\/uploads\/2020\/03\/274696337_358268422971419_773979138199918476_n.jpg\" class=\"attachment-post-thumbnail size-post-thumbnail wp-post-image\" alt=\"\" srcset=\"https:\/\/mamposteriacarrascoy.es\/wp-content\/uploads\/2020\/03\/274696337_358268422971419_773979138199918476_n.jpg 1440w, https:\/\/mamposteriacarrascoy.es\/wp-content\/uploads\/2020\/03\/274696337_358268422971419_773979138199918476_n-300x300.jpg 300w, https:\/\/mamposteriacarrascoy.es\/wp-content\/uploads\/2020\/03\/274696337_358268422971419_773979138199918476_n-1024x1024.jpg 1024w, https:\/\/mamposteriacarrascoy.es\/wp-content\/uploads\/2020\/03\/274696337_358268422971419_773979138199918476_n-150x150.jpg 150w, https:\/\/mamposteriacarrascoy.es\/wp-content\/uploads\/2020\/03\/274696337_358268422971419_773979138199918476_n-768x768.jpg 768w, https:\/\/mamposteriacarrascoy.es\/wp-content\/uploads\/2020\/03\/274696337_358268422971419_773979138199918476_n-720x720.jpg 720w\" sizes=\"(max-width: 1440px) 100vw, 1440px\" \/>\t            <\/a>\r\n\t            <div class=\"post-cat\"><div class=\"posted-in\"><a href=\"https:\/\/mamposteriacarrascoy.es\/index.php\/category\/cantera\/\" rel=\"category tag\">Cantera<\/a><\/div><\/div>\t        <\/div>\r\n\t        \r\n\t    \r\n\t    <div class=\"inner-post\">\r\n\t        <div class=\"entry-header\">\r\n\r\n\t            \t            <div class=\"entry-meta\">\r\n\t            \t\t            <\/div><!-- .entry-meta -->\r\n\t            \r\n\t            <h4 class=\"entry-title\"><a class=\"title-link\" href=\"https:\/\/mamposteriacarrascoy.es\/index.php\/2020\/03\/19\/piedras-de-nuestra-cantera\/\" rel=\"bookmark\">Piedras de nuestra cantera<\/a><\/h4>\r\n\t        <\/div><!-- .entry-header -->\r\n\r\n\t        <div class=\"entry-summary the-excerpt\">\r\n\r\n\t            <p>Murcia. 07\/10\/2020\u00a0 En nuestra empresa, estamos orgullosos de extraer las piedras m\u00e1s impresionantes directamente de nuestras canteras. Cada una de ellas es un tesoro \u00fanico, con una historia y una belleza propia que nos maravilla. Nuestras piedras de cantera son aut\u00e9nticas obras de arte de la naturaleza. Desde tonos terrosos y c\u00e1lidos hasta colores vibrantes [&hellip;]<\/p>\n\r\n\t        <\/div><!-- .entry-content -->\r\n\t        <div class=\"entry-footer\">\r\n\t        \t<a href=\"https:\/\/mamposteriacarrascoy.es\/index.php\/2020\/03\/19\/piedras-de-nuestra-cantera\/\" class=\"btn-details\"> Leer m\u00e1s<\/a>\t        <\/div>\r\n\t    <\/div>\r\n\t<\/div>\r\n<\/article>\t    <\/div>\r\n\t    \t    \r\n\t\t\t\t<\/div>\n\t\t\t\t<\/div>\n\t\t\t\t\t<\/div>\n\t\t<\/div>\n\t\t\t\t\t\t\t<\/div>\n\t\t<\/section>\n\t\t\t\t\t\t\t<\/div>\n\t\t","protected":false},"excerpt":{"rendered":"<p>Descubre las noticias de Mamposteria Carrascoy: Novedades Nueva Adquisici\u00f3n Murcia. 14\/01\/2023\u00a0 Nos complace compartir con todos ustedes la noticia de que hemos dado un gran paso hacia la eficiencia y la excelencia en la construcci\u00f3n con la adquisici\u00f3n de nuestra innovadora maquinaria de manipuladores telesc\u00f3picos para mamposter\u00eda. \u00a1Es un hito importante para nuestro negocio! Esta [&hellip;]<\/p>\n","protected":false},"author":1,"featured_media":0,"parent":0,"menu_order":0,"comment_status":"closed","ping_status":"closed","template":"","meta":{"footnotes":""},"yoast_head":"<!-- This site is optimized with the Yoast SEO plugin v20.6 - https:\/\/yoast.com\/wordpress\/plugins\/seo\/ -->\n<title>Noticias en construcci\u00f3n con piedra - Mamposteria Carrascoy<\/title>\n<meta name=\"description\" content=\"Mant\u00e9ngase actualizado con las \u00faltimas noticias en construcci\u00f3n con piedra. Descubra las tendencias, novedades y proyectos de la empresa.\" \/>\n<meta name=\"robots\" content=\"index, follow, max-snippet:-1, max-image-preview:large, max-video-preview:-1\" \/>\n<link rel=\"canonical\" href=\"https:\/\/mamposteriacarrascoy.es\/index.php\/noticias-construccion-piedra\/\" \/>\n<meta property=\"og:locale\" content=\"es_ES\" \/>\n<meta property=\"og:type\" content=\"article\" \/>\n<meta property=\"og:title\" content=\"Noticias en construcci\u00f3n con piedra - Mamposteria Carrascoy\" \/>\n<meta property=\"og:description\" content=\"Mant\u00e9ngase actualizado con las \u00faltimas noticias en construcci\u00f3n con piedra. Descubra las tendencias, novedades y proyectos de la empresa.\" \/>\n<meta property=\"og:url\" content=\"https:\/\/mamposteriacarrascoy.es\/index.php\/noticias-construccion-piedra\/\" \/>\n<meta property=\"og:site_name\" content=\"Mamposteria Carrascoy\" \/>\n<meta property=\"article:modified_time\" content=\"2024-05-09T06:21:36+00:00\" \/>\n<meta property=\"og:image\" content=\"https:\/\/mamposteriacarrascoy.es\/wp-content\/uploads\/2021\/04\/maquinaria-nueva.jpg\" \/>\n<meta name=\"twitter:card\" content=\"summary_large_image\" \/>\n<meta name=\"twitter:label1\" content=\"Tiempo de lectura\" \/>\n\t<meta name=\"twitter:data1\" content=\"2 minutos\" \/>\n<script type=\"application\/ld+json\" class=\"yoast-schema-graph\">{\"@context\":\"https:\/\/schema.org\",\"@graph\":[{\"@type\":\"WebPage\",\"@id\":\"https:\/\/mamposteriacarrascoy.es\/index.php\/noticias-construccion-piedra\/\",\"url\":\"https:\/\/mamposteriacarrascoy.es\/index.php\/noticias-construccion-piedra\/\",\"name\":\"Noticias en construcci\u00f3n con piedra - Mamposteria Carrascoy\",\"isPartOf\":{\"@id\":\"https:\/\/mamposteriacarrascoy.es\/#website\"},\"datePublished\":\"2020-07-07T04:14:44+00:00\",\"dateModified\":\"2024-05-09T06:21:36+00:00\",\"description\":\"Mant\u00e9ngase actualizado con las \u00faltimas noticias en construcci\u00f3n con piedra. Descubra las tendencias, novedades y proyectos de la empresa.\",\"breadcrumb\":{\"@id\":\"https:\/\/mamposteriacarrascoy.es\/index.php\/noticias-construccion-piedra\/#breadcrumb\"},\"inLanguage\":\"es\",\"potentialAction\":[{\"@type\":\"ReadAction\",\"target\":[\"https:\/\/mamposteriacarrascoy.es\/index.php\/noticias-construccion-piedra\/\"]}]},{\"@type\":\"BreadcrumbList\",\"@id\":\"https:\/\/mamposteriacarrascoy.es\/index.php\/noticias-construccion-piedra\/#breadcrumb\",\"itemListElement\":[{\"@type\":\"ListItem\",\"position\":1,\"name\":\"Portada\",\"item\":\"https:\/\/mamposteriacarrascoy.es\/\"},{\"@type\":\"ListItem\",\"position\":2,\"name\":\"Noticias\"}]},{\"@type\":\"WebSite\",\"@id\":\"https:\/\/mamposteriacarrascoy.es\/#website\",\"url\":\"https:\/\/mamposteriacarrascoy.es\/\",\"name\":\"Mamposteria Carrascoy\",\"description\":\"Mamposteria\",\"potentialAction\":[{\"@type\":\"SearchAction\",\"target\":{\"@type\":\"EntryPoint\",\"urlTemplate\":\"https:\/\/mamposteriacarrascoy.es\/?s={search_term_string}\"},\"query-input\":\"required name=search_term_string\"}],\"inLanguage\":\"es\"}]}<\/script>\n<!-- \/ Yoast SEO plugin. -->","yoast_head_json":{"title":"Noticias en construcci\u00f3n con piedra - Mamposteria Carrascoy","description":"Mant\u00e9ngase actualizado con las \u00faltimas noticias en construcci\u00f3n con piedra. Descubra las tendencias, novedades y proyectos de la empresa.","robots":{"index":"index","follow":"follow","max-snippet":"max-snippet:-1","max-image-preview":"max-image-preview:large","max-video-preview":"max-video-preview:-1"},"canonical":"https:\/\/mamposteriacarrascoy.es\/index.php\/noticias-construccion-piedra\/","og_locale":"es_ES","og_type":"article","og_title":"Noticias en construcci\u00f3n con piedra - Mamposteria Carrascoy","og_description":"Mant\u00e9ngase actualizado con las \u00faltimas noticias en construcci\u00f3n con piedra. Descubra las tendencias, novedades y proyectos de la empresa.","og_url":"https:\/\/mamposteriacarrascoy.es\/index.php\/noticias-construccion-piedra\/","og_site_name":"Mamposteria Carrascoy","article_modified_time":"2024-05-09T06:21:36+00:00","og_image":[{"url":"https:\/\/mamposteriacarrascoy.es\/wp-content\/uploads\/2021\/04\/maquinaria-nueva.jpg"}],"twitter_card":"summary_large_image","twitter_misc":{"Tiempo de lectura":"2 minutos"},"schema":{"@context":"https:\/\/schema.org","@graph":[{"@type":"WebPage","@id":"https:\/\/mamposteriacarrascoy.es\/index.php\/noticias-construccion-piedra\/","url":"https:\/\/mamposteriacarrascoy.es\/index.php\/noticias-construccion-piedra\/","name":"Noticias en construcci\u00f3n con piedra - Mamposteria Carrascoy","isPartOf":{"@id":"https:\/\/mamposteriacarrascoy.es\/#website"},"datePublished":"2020-07-07T04:14:44+00:00","dateModified":"2024-05-09T06:21:36+00:00","description":"Mant\u00e9ngase actualizado con las \u00faltimas noticias en construcci\u00f3n con piedra. Descubra las tendencias, novedades y proyectos de la empresa.","breadcrumb":{"@id":"https:\/\/mamposteriacarrascoy.es\/index.php\/noticias-construccion-piedra\/#breadcrumb"},"inLanguage":"es","potentialAction":[{"@type":"ReadAction","target":["https:\/\/mamposteriacarrascoy.es\/index.php\/noticias-construccion-piedra\/"]}]},{"@type":"BreadcrumbList","@id":"https:\/\/mamposteriacarrascoy.es\/index.php\/noticias-construccion-piedra\/#breadcrumb","itemListElement":[{"@type":"ListItem","position":1,"name":"Portada","item":"https:\/\/mamposteriacarrascoy.es\/"},{"@type":"ListItem","position":2,"name":"Noticias"}]},{"@type":"WebSite","@id":"https:\/\/mamposteriacarrascoy.es\/#website","url":"https:\/\/mamposteriacarrascoy.es\/","name":"Mamposteria Carrascoy","description":"Mamposteria","potentialAction":[{"@type":"SearchAction","target":{"@type":"EntryPoint","urlTemplate":"https:\/\/mamposteriacarrascoy.es\/?s={search_term_string}"},"query-input":"required name=search_term_string"}],"inLanguage":"es"}]}},"_links":{"self":[{"href":"https:\/\/mamposteriacarrascoy.es\/index.php\/wp-json\/wp\/v2\/pages\/3985"}],"collection":[{"href":"https:\/\/mamposteriacarrascoy.es\/index.php\/wp-json\/wp\/v2\/pages"}],"about":[{"href":"https:\/\/mamposteriacarrascoy.es\/index.php\/wp-json\/wp\/v2\/types\/page"}],"author":[{"embeddable":true,"href":"https:\/\/mamposteriacarrascoy.es\/index.php\/wp-json\/wp\/v2\/users\/1"}],"replies":[{"embeddable":true,"href":"https:\/\/mamposteriacarrascoy.es\/index.php\/wp-json\/wp\/v2\/comments?post=3985"}],"version-history":[{"count":46,"href":"https:\/\/mamposteriacarrascoy.es\/index.php\/wp-json\/wp\/v2\/pages\/3985\/revisions"}],"predecessor-version":[{"id":11670,"href":"https:\/\/mamposteriacarrascoy.es\/index.php\/wp-json\/wp\/v2\/pages\/3985\/revisions\/11670"}],"wp:attachment":[{"href":"https:\/\/mamposteriacarrascoy.es\/index.php\/wp-json\/wp\/v2\/media?parent=3985"}],"curies":[{"name":"wp","href":"https:\/\/api.w.org\/{rel}","templated":true}]}}