{"id":2582,"date":"2020-05-18T04:43:59","date_gmt":"2020-05-18T04:43:59","guid":{"rendered":"http:\/\/localhost\/theratio\/?page_id=2582"},"modified":"2024-05-09T06:23:58","modified_gmt":"2024-05-09T06:23:58","slug":"galeria","status":"publish","type":"page","link":"https:\/\/mamposteriacarrascoy.es\/index.php\/galeria\/","title":{"rendered":"Galeria"},"content":{"rendered":"\t\t<div data-elementor-type=\"wp-page\" data-elementor-id=\"2582\" class=\"elementor elementor-2582\">\n\t\t\t\t\t\t\t\t\t<section class=\"elementor-section elementor-top-section elementor-element elementor-element-b29e3dd elementor-section-boxed elementor-section-height-default elementor-section-height-default\" data-id=\"b29e3dd\" data-element_type=\"section\">\n\t\t\t\t\t\t<div class=\"elementor-container elementor-column-gap-default\">\n\t\t\t\t\t<div class=\"elementor-column elementor-col-100 elementor-top-column elementor-element elementor-element-d6303c8 ot-flex-column-vertical\" data-id=\"d6303c8\" data-element_type=\"column\">\n\t\t\t<div class=\"elementor-widget-wrap elementor-element-populated\">\n\t\t\t\t\t\t\t\t<div class=\"elementor-element elementor-element-e09abd0 theratio-align-center elementor-widget elementor-widget-iheading\" data-id=\"e09abd0\" data-element_type=\"widget\" data-widget_type=\"iheading.default\">\n\t\t\t\t<div class=\"elementor-widget-container\">\n\t\t\t\t\t<div class=\"ot-heading \">\r\n\t        \t        <h2 class=\"main-heading\">Algunas de Nuestras Obras<br> y estudios de caso para clientes<\/h2>\r\n\t        \t    <\/div>\r\n\t    \t\t<\/div>\n\t\t\t\t<\/div>\n\t\t\t\t<div class=\"elementor-element elementor-element-1089088 elementor-widget elementor-widget-ipfilter\" data-id=\"1089088\" data-element_type=\"widget\" data-widget_type=\"ipfilter.default\">\n\t\t\t\t<div class=\"elementor-widget-container\">\n\t\t\t\r\n\t\t<div class=\"project-filter-wrapper\">\r\n\t\t\t\t        \t<div class=\"container\">\r\n\t        \t\t<ul class=\"project_filters\">\r\n\t        \t\t\t\t        \t\t\t \t<li><a href=\"#\" data-filter=\"*\" class=\"selected btn-details\">TODO<span class=\"filter-count\"><\/span><\/a><\/li>\r\n\t        \t\t\t\t\t                \t\t                \t<li>\r\n\t\t\t\t\t\t\t\t<a class=\"btn-details\" href='#' data-filter='.category-20'>Apartamentos<span class=\"filter-count\"><\/span><\/a>\r\n\t\t\t\t\t\t\t<\/li>\t                   \r\n\t\t                \t\t                \t<li>\r\n\t\t\t\t\t\t\t\t<a class=\"btn-details\" href='#' data-filter='.category-21'>Exteriores<span class=\"filter-count\"><\/span><\/a>\r\n\t\t\t\t\t\t\t<\/li>\t                   \r\n\t\t                \t\t                \t<li>\r\n\t\t\t\t\t\t\t\t<a class=\"btn-details\" href='#' data-filter='.category-22'>Unifamiliares<span class=\"filter-count\"><\/span><\/a>\r\n\t\t\t\t\t\t\t<\/li>\t                   \r\n\t\t                \t\t                \t<li>\r\n\t\t\t\t\t\t\t\t<a class=\"btn-details\" href='#' data-filter='.category-23'>Salones<span class=\"filter-count\"><\/span><\/a>\r\n\t\t\t\t\t\t\t<\/li>\t                   \r\n\t\t                \t\t                \t<li>\r\n\t\t\t\t\t\t\t\t<a class=\"btn-details\" href='#' data-filter='.category-24'>Jardines<span class=\"filter-count\"><\/span><\/a>\r\n\t\t\t\t\t\t\t<\/li>\t                   \r\n\t\t                \t\t                \t<li>\r\n\t\t\t\t\t\t\t\t<a class=\"btn-details\" href='#' data-filter='.category-'><span class=\"filter-count\"><\/span><\/a>\r\n\t\t\t\t\t\t\t<\/li>\t                   \r\n\t\t                \t\t                \t<li>\r\n\t\t\t\t\t\t\t\t<a class=\"btn-details\" href='#' data-filter='.category-30'>Encimeras cocina y ba\u00f1o<span class=\"filter-count\"><\/span><\/a>\r\n\t\t\t\t\t\t\t<\/li>\t                   \r\n\t\t                \t\t                \t<li>\r\n\t\t\t\t\t\t\t\t<a class=\"btn-details\" href='#' data-filter='.category-'><span class=\"filter-count\"><\/span><\/a>\r\n\t\t\t\t\t\t\t<\/li>\t                   \r\n\t\t                \t\t                \t<li>\r\n\t\t\t\t\t\t\t\t<a class=\"btn-details\" href='#' data-filter='.category-'><span class=\"filter-count\"><\/span><\/a>\r\n\t\t\t\t\t\t\t<\/li>\t                   \r\n\t\t                \t\t\t\t\t<\/ul>\r\n\t\t\t\t<\/div>\r\n\t        \t\t\t\t        <div class=\"projects-grid pf_3_cols style-4 img-popup popup-is-title img-scale w-auto no-cat\" data-load=\"6\" data-count=\"10\">\r\n\t\t\t<div class=\"grid-sizer\"><\/div>\r\n\t            \r\n<div class=\"project-item category-20 \">\r\n\t<div class=\"projects-box\">\r\n\t\t<div class=\"projects-thumbnail\" data-src=\"https:\/\/mamposteriacarrascoy.es\/wp-content\/uploads\/2023\/05\/jardin-2.jpg\" data-sub-html=\"Azara\">\r\n\t\t\t<a href=\"https:\/\/mamposteriacarrascoy.es\/index.php\/portfolio\/azara\/\">\r\n\t\t\t\t<img loading=\"lazy\" decoding=\"async\" width=\"720\" height=\"720\" src=\"https:\/\/mamposteriacarrascoy.es\/wp-content\/uploads\/2023\/05\/jardin-2-720x720.jpg\" class=\"attachment-theratio-portfolio-thumbnail-grid size-theratio-portfolio-thumbnail-grid wp-post-image\" alt=\"\" srcset=\"https:\/\/mamposteriacarrascoy.es\/wp-content\/uploads\/2023\/05\/jardin-2-720x720.jpg 720w, https:\/\/mamposteriacarrascoy.es\/wp-content\/uploads\/2023\/05\/jardin-2-300x300.jpg 300w, https:\/\/mamposteriacarrascoy.es\/wp-content\/uploads\/2023\/05\/jardin-2-1024x1024.jpg 1024w, https:\/\/mamposteriacarrascoy.es\/wp-content\/uploads\/2023\/05\/jardin-2-150x150.jpg 150w, https:\/\/mamposteriacarrascoy.es\/wp-content\/uploads\/2023\/05\/jardin-2-768x768.jpg 768w, https:\/\/mamposteriacarrascoy.es\/wp-content\/uploads\/2023\/05\/jardin-2.jpg 1440w\" sizes=\"(max-width: 720px) 100vw, 720px\" \/>\t\t\t<\/a>\r\n\t\t\t\r\n\t\t\t<span class=\"overlay\">\r\n\t\t\t\t<h5>Azara<\/h5>\r\n\t\t\t\t<i class=\"ot-flaticon-add\"><\/i>\r\n\t\t\t<\/span>\r\n\t\t<\/div>\r\n\t\t<div class=\"portfolio-info\">\r\n\t\t\t<div class=\"portfolio-info-inner\">\r\n\t\t\t\t<h5><a class=\"title-link\" href=\"https:\/\/mamposteriacarrascoy.es\/index.php\/portfolio\/azara\/\" data-src=\"https:\/\/mamposteriacarrascoy.es\/wp-content\/uploads\/2023\/05\/jardin-2.jpg\" data-sub-html=\"Azara\">Azara<\/a><\/h5>\r\n\t\t\t\t<p class=\"portfolio-cates\"><a href=\"https:\/\/mamposteriacarrascoy.es\/index.php\/portfolio-category\/apartamentos\/\">Apartamentos<\/a><\/p> \r\n\t\t\t<\/div>\r\n\t\t\t<a class=\"overlay\" href=\"https:\/\/mamposteriacarrascoy.es\/index.php\/portfolio\/azara\/\"><\/a>\r\n\t\t<\/div>\r\n\t<\/div>\r\n<\/div>\r\n<div class=\"project-item category-23 \">\r\n\t<div class=\"projects-box\">\r\n\t\t<div class=\"projects-thumbnail\" data-src=\"https:\/\/mamposteriacarrascoy.es\/wp-content\/uploads\/2023\/05\/header-servicios-1.jpg\" data-sub-html=\"Salon celebraciones Canario\">\r\n\t\t\t<a href=\"https:\/\/mamposteriacarrascoy.es\/index.php\/portfolio\/salon-celebraciones-canario\/\">\r\n\t\t\t\t<img loading=\"lazy\" decoding=\"async\" width=\"720\" height=\"720\" src=\"https:\/\/mamposteriacarrascoy.es\/wp-content\/uploads\/2023\/05\/header-servicios-1-720x720.jpg\" class=\"attachment-theratio-portfolio-thumbnail-grid size-theratio-portfolio-thumbnail-grid wp-post-image\" alt=\"\" srcset=\"https:\/\/mamposteriacarrascoy.es\/wp-content\/uploads\/2023\/05\/header-servicios-1-720x720.jpg 720w, https:\/\/mamposteriacarrascoy.es\/wp-content\/uploads\/2023\/05\/header-servicios-1-150x150.jpg 150w\" sizes=\"(max-width: 720px) 100vw, 720px\" \/>\t\t\t<\/a>\r\n\t\t\t\r\n\t\t\t<span class=\"overlay\">\r\n\t\t\t\t<h5>Salon celebraciones Canario<\/h5>\r\n\t\t\t\t<i class=\"ot-flaticon-add\"><\/i>\r\n\t\t\t<\/span>\r\n\t\t<\/div>\r\n\t\t<div class=\"portfolio-info\">\r\n\t\t\t<div class=\"portfolio-info-inner\">\r\n\t\t\t\t<h5><a class=\"title-link\" href=\"https:\/\/mamposteriacarrascoy.es\/index.php\/portfolio\/salon-celebraciones-canario\/\" data-src=\"https:\/\/mamposteriacarrascoy.es\/wp-content\/uploads\/2023\/05\/header-servicios-1.jpg\" data-sub-html=\"Salon celebraciones Canario\">Salon celebraciones Canario<\/a><\/h5>\r\n\t\t\t\t<p class=\"portfolio-cates\"><a href=\"https:\/\/mamposteriacarrascoy.es\/index.php\/portfolio-category\/salones\/\">Salones<\/a><\/p> \r\n\t\t\t<\/div>\r\n\t\t\t<a class=\"overlay\" href=\"https:\/\/mamposteriacarrascoy.es\/index.php\/portfolio\/salon-celebraciones-canario\/\"><\/a>\r\n\t\t<\/div>\r\n\t<\/div>\r\n<\/div>\r\n<div class=\"project-item category-22 \">\r\n\t<div class=\"projects-box\">\r\n\t\t<div class=\"projects-thumbnail\" data-src=\"https:\/\/mamposteriacarrascoy.es\/wp-content\/uploads\/2023\/05\/322735442_497433362477889_7025871729873923232_n.jpg\" data-sub-html=\"Villa Orquidea\">\r\n\t\t\t<a href=\"https:\/\/mamposteriacarrascoy.es\/index.php\/portfolio\/villa-orquidea\/\">\r\n\t\t\t\t<img loading=\"lazy\" decoding=\"async\" width=\"720\" height=\"720\" src=\"https:\/\/mamposteriacarrascoy.es\/wp-content\/uploads\/2023\/05\/322735442_497433362477889_7025871729873923232_n-720x720.jpg\" class=\"attachment-theratio-portfolio-thumbnail-grid size-theratio-portfolio-thumbnail-grid wp-post-image\" alt=\"Mamposteria Carrascoy proyecto suelo\" srcset=\"https:\/\/mamposteriacarrascoy.es\/wp-content\/uploads\/2023\/05\/322735442_497433362477889_7025871729873923232_n-720x720.jpg 720w, https:\/\/mamposteriacarrascoy.es\/wp-content\/uploads\/2023\/05\/322735442_497433362477889_7025871729873923232_n-300x300.jpg 300w, https:\/\/mamposteriacarrascoy.es\/wp-content\/uploads\/2023\/05\/322735442_497433362477889_7025871729873923232_n-1024x1024.jpg 1024w, https:\/\/mamposteriacarrascoy.es\/wp-content\/uploads\/2023\/05\/322735442_497433362477889_7025871729873923232_n-150x150.jpg 150w, https:\/\/mamposteriacarrascoy.es\/wp-content\/uploads\/2023\/05\/322735442_497433362477889_7025871729873923232_n-768x768.jpg 768w, https:\/\/mamposteriacarrascoy.es\/wp-content\/uploads\/2023\/05\/322735442_497433362477889_7025871729873923232_n.jpg 1440w\" sizes=\"(max-width: 720px) 100vw, 720px\" \/>\t\t\t<\/a>\r\n\t\t\t\r\n\t\t\t<span class=\"overlay\">\r\n\t\t\t\t<h5>Villa Orquidea<\/h5>\r\n\t\t\t\t<i class=\"ot-flaticon-add\"><\/i>\r\n\t\t\t<\/span>\r\n\t\t<\/div>\r\n\t\t<div class=\"portfolio-info\">\r\n\t\t\t<div class=\"portfolio-info-inner\">\r\n\t\t\t\t<h5><a class=\"title-link\" href=\"https:\/\/mamposteriacarrascoy.es\/index.php\/portfolio\/villa-orquidea\/\" data-src=\"https:\/\/mamposteriacarrascoy.es\/wp-content\/uploads\/2023\/05\/322735442_497433362477889_7025871729873923232_n.jpg\" data-sub-html=\"Villa Orquidea\">Villa Orquidea<\/a><\/h5>\r\n\t\t\t\t<p class=\"portfolio-cates\"><a href=\"https:\/\/mamposteriacarrascoy.es\/index.php\/portfolio-category\/unifamiliares\/\">Unifamiliares<\/a><\/p> \r\n\t\t\t<\/div>\r\n\t\t\t<a class=\"overlay\" href=\"https:\/\/mamposteriacarrascoy.es\/index.php\/portfolio\/villa-orquidea\/\"><\/a>\r\n\t\t<\/div>\r\n\t<\/div>\r\n<\/div>\r\n<div class=\"project-item category-22 \">\r\n\t<div class=\"projects-box\">\r\n\t\t<div class=\"projects-thumbnail\" data-src=\"https:\/\/mamposteriacarrascoy.es\/wp-content\/uploads\/2023\/05\/267565364_310610837737178_3546556105603496761_n.jpg\" data-sub-html=\"Villa mimosa\">\r\n\t\t\t<a href=\"https:\/\/mamposteriacarrascoy.es\/index.php\/portfolio\/villa-mimosa\/\">\r\n\t\t\t\t<img loading=\"lazy\" decoding=\"async\" width=\"720\" height=\"720\" src=\"https:\/\/mamposteriacarrascoy.es\/wp-content\/uploads\/2023\/05\/267565364_310610837737178_3546556105603496761_n-720x720.jpg\" class=\"attachment-theratio-portfolio-thumbnail-grid size-theratio-portfolio-thumbnail-grid wp-post-image\" alt=\"\" srcset=\"https:\/\/mamposteriacarrascoy.es\/wp-content\/uploads\/2023\/05\/267565364_310610837737178_3546556105603496761_n-720x720.jpg 720w, https:\/\/mamposteriacarrascoy.es\/wp-content\/uploads\/2023\/05\/267565364_310610837737178_3546556105603496761_n-300x300.jpg 300w, https:\/\/mamposteriacarrascoy.es\/wp-content\/uploads\/2023\/05\/267565364_310610837737178_3546556105603496761_n-1024x1024.jpg 1024w, https:\/\/mamposteriacarrascoy.es\/wp-content\/uploads\/2023\/05\/267565364_310610837737178_3546556105603496761_n-150x150.jpg 150w, https:\/\/mamposteriacarrascoy.es\/wp-content\/uploads\/2023\/05\/267565364_310610837737178_3546556105603496761_n-768x768.jpg 768w, https:\/\/mamposteriacarrascoy.es\/wp-content\/uploads\/2023\/05\/267565364_310610837737178_3546556105603496761_n.jpg 1440w\" sizes=\"(max-width: 720px) 100vw, 720px\" \/>\t\t\t<\/a>\r\n\t\t\t\r\n\t\t\t<span class=\"overlay\">\r\n\t\t\t\t<h5>Villa mimosa<\/h5>\r\n\t\t\t\t<i class=\"ot-flaticon-add\"><\/i>\r\n\t\t\t<\/span>\r\n\t\t<\/div>\r\n\t\t<div class=\"portfolio-info\">\r\n\t\t\t<div class=\"portfolio-info-inner\">\r\n\t\t\t\t<h5><a class=\"title-link\" href=\"https:\/\/mamposteriacarrascoy.es\/index.php\/portfolio\/villa-mimosa\/\" data-src=\"https:\/\/mamposteriacarrascoy.es\/wp-content\/uploads\/2023\/05\/267565364_310610837737178_3546556105603496761_n.jpg\" data-sub-html=\"Villa mimosa\">Villa mimosa<\/a><\/h5>\r\n\t\t\t\t<p class=\"portfolio-cates\"><a href=\"https:\/\/mamposteriacarrascoy.es\/index.php\/portfolio-category\/unifamiliares\/\">Unifamiliares<\/a><\/p> \r\n\t\t\t<\/div>\r\n\t\t\t<a class=\"overlay\" href=\"https:\/\/mamposteriacarrascoy.es\/index.php\/portfolio\/villa-mimosa\/\"><\/a>\r\n\t\t<\/div>\r\n\t<\/div>\r\n<\/div>\r\n<div class=\"project-item category-30 \">\r\n\t<div class=\"projects-box\">\r\n\t\t<div class=\"projects-thumbnail\" data-src=\"https:\/\/mamposteriacarrascoy.es\/wp-content\/uploads\/2023\/05\/124051246_152885569863889_5435617870663880142_n.jpg\" data-sub-html=\"Patio interior\">\r\n\t\t\t<a href=\"https:\/\/mamposteriacarrascoy.es\/index.php\/portfolio\/patio-interior\/\">\r\n\t\t\t\t<img loading=\"lazy\" decoding=\"async\" width=\"720\" height=\"720\" src=\"https:\/\/mamposteriacarrascoy.es\/wp-content\/uploads\/2023\/05\/124051246_152885569863889_5435617870663880142_n-720x720.jpg\" class=\"attachment-theratio-portfolio-thumbnail-grid size-theratio-portfolio-thumbnail-grid wp-post-image\" alt=\"\" srcset=\"https:\/\/mamposteriacarrascoy.es\/wp-content\/uploads\/2023\/05\/124051246_152885569863889_5435617870663880142_n-720x720.jpg 720w, https:\/\/mamposteriacarrascoy.es\/wp-content\/uploads\/2023\/05\/124051246_152885569863889_5435617870663880142_n-300x300.jpg 300w, https:\/\/mamposteriacarrascoy.es\/wp-content\/uploads\/2023\/05\/124051246_152885569863889_5435617870663880142_n-1024x1024.jpg 1024w, https:\/\/mamposteriacarrascoy.es\/wp-content\/uploads\/2023\/05\/124051246_152885569863889_5435617870663880142_n-150x150.jpg 150w, https:\/\/mamposteriacarrascoy.es\/wp-content\/uploads\/2023\/05\/124051246_152885569863889_5435617870663880142_n-768x768.jpg 768w, https:\/\/mamposteriacarrascoy.es\/wp-content\/uploads\/2023\/05\/124051246_152885569863889_5435617870663880142_n.jpg 1440w\" sizes=\"(max-width: 720px) 100vw, 720px\" \/>\t\t\t<\/a>\r\n\t\t\t\r\n\t\t\t<span class=\"overlay\">\r\n\t\t\t\t<h5>Patio interior<\/h5>\r\n\t\t\t\t<i class=\"ot-flaticon-add\"><\/i>\r\n\t\t\t<\/span>\r\n\t\t<\/div>\r\n\t\t<div class=\"portfolio-info\">\r\n\t\t\t<div class=\"portfolio-info-inner\">\r\n\t\t\t\t<h5><a class=\"title-link\" href=\"https:\/\/mamposteriacarrascoy.es\/index.php\/portfolio\/patio-interior\/\" data-src=\"https:\/\/mamposteriacarrascoy.es\/wp-content\/uploads\/2023\/05\/124051246_152885569863889_5435617870663880142_n.jpg\" data-sub-html=\"Patio interior\">Patio interior<\/a><\/h5>\r\n\t\t\t\t<p class=\"portfolio-cates\"><a href=\"https:\/\/mamposteriacarrascoy.es\/index.php\/portfolio-category\/encimeras-cocina-y-bano\/\">Encimeras cocina y ba\u00f1o<\/a><\/p> \r\n\t\t\t<\/div>\r\n\t\t\t<a class=\"overlay\" href=\"https:\/\/mamposteriacarrascoy.es\/index.php\/portfolio\/patio-interior\/\"><\/a>\r\n\t\t<\/div>\r\n\t<\/div>\r\n<\/div>\r\n<div class=\"project-item category-26 category-24 \">\r\n\t<div class=\"projects-box\">\r\n\t\t<div class=\"projects-thumbnail\" data-src=\"\" data-sub-html=\"Sal\u00f3n de eventos\">\r\n\t\t\t<a href=\"https:\/\/mamposteriacarrascoy.es\/index.php\/portfolio\/salon-de-eventos\/\">\r\n\t\t\t\t\t\t\t<\/a>\r\n\t\t\t\r\n\t\t\t<span class=\"overlay\">\r\n\t\t\t\t<h5>Sal\u00f3n de eventos<\/h5>\r\n\t\t\t\t<i class=\"ot-flaticon-add\"><\/i>\r\n\t\t\t<\/span>\r\n\t\t<\/div>\r\n\t\t<div class=\"portfolio-info\">\r\n\t\t\t<div class=\"portfolio-info-inner\">\r\n\t\t\t\t<h5><a class=\"title-link\" href=\"https:\/\/mamposteriacarrascoy.es\/index.php\/portfolio\/salon-de-eventos\/\" data-src=\"\" data-sub-html=\"Sal\u00f3n de eventos\">Sal\u00f3n de eventos<\/a><\/h5>\r\n\t\t\t\t<p class=\"portfolio-cates\"><a href=\"https:\/\/mamposteriacarrascoy.es\/index.php\/portfolio-category\/interiores\/\">Interiores<\/a><a href=\"https:\/\/mamposteriacarrascoy.es\/index.php\/portfolio-category\/jardines\/\">Jardines<\/a><\/p> \r\n\t\t\t<\/div>\r\n\t\t\t<a class=\"overlay\" href=\"https:\/\/mamposteriacarrascoy.es\/index.php\/portfolio\/salon-de-eventos\/\"><\/a>\r\n\t\t<\/div>\r\n\t<\/div>\r\n<\/div>\t\t\t<\/div>\r\n\r\n\t\t\t\t    <\/div>\r\n\t\t\t\t\t\t\t\t\t\t\r\n\t    \t\t<\/div>\n\t\t\t\t<\/div>\n\t\t\t\t\t<\/div>\n\t\t<\/div>\n\t\t\t\t\t\t\t<\/div>\n\t\t<\/section>\n\t\t\t\t\t\t\t<\/div>\n\t\t","protected":false},"excerpt":{"rendered":"<p>Algunas de Nuestras Obras y estudios de caso para clientes TODO Apartamentos Exteriores Unifamiliares Salones Jardines Encimeras cocina y ba\u00f1o Azara Azara Apartamentos Salon celebraciones Canario Salon celebraciones Canario Salones Villa Orquidea Villa Orquidea Unifamiliares Villa mimosa Villa mimosa Unifamiliares Patio interior Patio interior Encimeras cocina y ba\u00f1o Sal\u00f3n de eventos Sal\u00f3n de eventos InterioresJardines [&hellip;]<\/p>\n","protected":false},"author":1,"featured_media":0,"parent":0,"menu_order":0,"comment_status":"closed","ping_status":"closed","template":"","meta":{"footnotes":""},"yoast_head":"<!-- This site is optimized with the Yoast SEO plugin v20.6 - https:\/\/yoast.com\/wordpress\/plugins\/seo\/ -->\n<title>Galeria<\/title>\n<meta name=\"robots\" content=\"index, follow, max-snippet:-1, max-image-preview:large, max-video-preview:-1\" \/>\n<link rel=\"canonical\" href=\"https:\/\/mamposteriacarrascoy.es\/index.php\/galeria\/\" \/>\n<meta property=\"og:locale\" content=\"es_ES\" \/>\n<meta property=\"og:type\" content=\"article\" \/>\n<meta property=\"og:title\" content=\"Galeria\" \/>\n<meta property=\"og:description\" content=\"Algunas de Nuestras Obras y estudios de caso para clientes TODO Apartamentos Exteriores Unifamiliares Salones Jardines Encimeras cocina y ba\u00f1o Azara Azara Apartamentos Salon celebraciones Canario Salon celebraciones Canario Salones Villa Orquidea Villa Orquidea Unifamiliares Villa mimosa Villa mimosa Unifamiliares Patio interior Patio interior Encimeras cocina y ba\u00f1o Sal\u00f3n de eventos Sal\u00f3n de eventos InterioresJardines [&hellip;]\" \/>\n<meta property=\"og:url\" content=\"https:\/\/mamposteriacarrascoy.es\/index.php\/galeria\/\" \/>\n<meta property=\"og:site_name\" content=\"Mamposteria Carrascoy\" \/>\n<meta property=\"article:modified_time\" content=\"2024-05-09T06:23:58+00:00\" \/>\n<meta property=\"og:image\" content=\"https:\/\/mamposteriacarrascoy.es\/wp-content\/uploads\/2023\/05\/jardin-2-720x720.jpg\" \/>\n<meta name=\"twitter:card\" content=\"summary_large_image\" \/>\n<meta name=\"twitter:label1\" content=\"Tiempo de lectura\" \/>\n\t<meta name=\"twitter:data1\" content=\"2 minutos\" \/>\n<script type=\"application\/ld+json\" class=\"yoast-schema-graph\">{\"@context\":\"https:\/\/schema.org\",\"@graph\":[{\"@type\":\"WebPage\",\"@id\":\"https:\/\/mamposteriacarrascoy.es\/index.php\/galeria\/\",\"url\":\"https:\/\/mamposteriacarrascoy.es\/index.php\/galeria\/\",\"name\":\"Galeria\",\"isPartOf\":{\"@id\":\"https:\/\/mamposteriacarrascoy.es\/#website\"},\"datePublished\":\"2020-05-18T04:43:59+00:00\",\"dateModified\":\"2024-05-09T06:23:58+00:00\",\"breadcrumb\":{\"@id\":\"https:\/\/mamposteriacarrascoy.es\/index.php\/galeria\/#breadcrumb\"},\"inLanguage\":\"es\",\"potentialAction\":[{\"@type\":\"ReadAction\",\"target\":[\"https:\/\/mamposteriacarrascoy.es\/index.php\/galeria\/\"]}]},{\"@type\":\"BreadcrumbList\",\"@id\":\"https:\/\/mamposteriacarrascoy.es\/index.php\/galeria\/#breadcrumb\",\"itemListElement\":[{\"@type\":\"ListItem\",\"position\":1,\"name\":\"Portada\",\"item\":\"https:\/\/mamposteriacarrascoy.es\/\"},{\"@type\":\"ListItem\",\"position\":2,\"name\":\"Galeria\"}]},{\"@type\":\"WebSite\",\"@id\":\"https:\/\/mamposteriacarrascoy.es\/#website\",\"url\":\"https:\/\/mamposteriacarrascoy.es\/\",\"name\":\"Mamposteria Carrascoy\",\"description\":\"Mamposteria\",\"potentialAction\":[{\"@type\":\"SearchAction\",\"target\":{\"@type\":\"EntryPoint\",\"urlTemplate\":\"https:\/\/mamposteriacarrascoy.es\/?s={search_term_string}\"},\"query-input\":\"required name=search_term_string\"}],\"inLanguage\":\"es\"}]}<\/script>\n<!-- \/ Yoast SEO plugin. -->","yoast_head_json":{"title":"Galeria","robots":{"index":"index","follow":"follow","max-snippet":"max-snippet:-1","max-image-preview":"max-image-preview:large","max-video-preview":"max-video-preview:-1"},"canonical":"https:\/\/mamposteriacarrascoy.es\/index.php\/galeria\/","og_locale":"es_ES","og_type":"article","og_title":"Galeria","og_description":"Algunas de Nuestras Obras y estudios de caso para clientes TODO Apartamentos Exteriores Unifamiliares Salones Jardines Encimeras cocina y ba\u00f1o Azara Azara Apartamentos Salon celebraciones Canario Salon celebraciones Canario Salones Villa Orquidea Villa Orquidea Unifamiliares Villa mimosa Villa mimosa Unifamiliares Patio interior Patio interior Encimeras cocina y ba\u00f1o Sal\u00f3n de eventos Sal\u00f3n de eventos InterioresJardines [&hellip;]","og_url":"https:\/\/mamposteriacarrascoy.es\/index.php\/galeria\/","og_site_name":"Mamposteria Carrascoy","article_modified_time":"2024-05-09T06:23:58+00:00","og_image":[{"url":"https:\/\/mamposteriacarrascoy.es\/wp-content\/uploads\/2023\/05\/jardin-2-720x720.jpg"}],"twitter_card":"summary_large_image","twitter_misc":{"Tiempo de lectura":"2 minutos"},"schema":{"@context":"https:\/\/schema.org","@graph":[{"@type":"WebPage","@id":"https:\/\/mamposteriacarrascoy.es\/index.php\/galeria\/","url":"https:\/\/mamposteriacarrascoy.es\/index.php\/galeria\/","name":"Galeria","isPartOf":{"@id":"https:\/\/mamposteriacarrascoy.es\/#website"},"datePublished":"2020-05-18T04:43:59+00:00","dateModified":"2024-05-09T06:23:58+00:00","breadcrumb":{"@id":"https:\/\/mamposteriacarrascoy.es\/index.php\/galeria\/#breadcrumb"},"inLanguage":"es","potentialAction":[{"@type":"ReadAction","target":["https:\/\/mamposteriacarrascoy.es\/index.php\/galeria\/"]}]},{"@type":"BreadcrumbList","@id":"https:\/\/mamposteriacarrascoy.es\/index.php\/galeria\/#breadcrumb","itemListElement":[{"@type":"ListItem","position":1,"name":"Portada","item":"https:\/\/mamposteriacarrascoy.es\/"},{"@type":"ListItem","position":2,"name":"Galeria"}]},{"@type":"WebSite","@id":"https:\/\/mamposteriacarrascoy.es\/#website","url":"https:\/\/mamposteriacarrascoy.es\/","name":"Mamposteria Carrascoy","description":"Mamposteria","potentialAction":[{"@type":"SearchAction","target":{"@type":"EntryPoint","urlTemplate":"https:\/\/mamposteriacarrascoy.es\/?s={search_term_string}"},"query-input":"required name=search_term_string"}],"inLanguage":"es"}]}},"_links":{"self":[{"href":"https:\/\/mamposteriacarrascoy.es\/index.php\/wp-json\/wp\/v2\/pages\/2582"}],"collection":[{"href":"https:\/\/mamposteriacarrascoy.es\/index.php\/wp-json\/wp\/v2\/pages"}],"about":[{"href":"https:\/\/mamposteriacarrascoy.es\/index.php\/wp-json\/wp\/v2\/types\/page"}],"author":[{"embeddable":true,"href":"https:\/\/mamposteriacarrascoy.es\/index.php\/wp-json\/wp\/v2\/users\/1"}],"replies":[{"embeddable":true,"href":"https:\/\/mamposteriacarrascoy.es\/index.php\/wp-json\/wp\/v2\/comments?post=2582"}],"version-history":[{"count":86,"href":"https:\/\/mamposteriacarrascoy.es\/index.php\/wp-json\/wp\/v2\/pages\/2582\/revisions"}],"predecessor-version":[{"id":11774,"href":"https:\/\/mamposteriacarrascoy.es\/index.php\/wp-json\/wp\/v2\/pages\/2582\/revisions\/11774"}],"wp:attachment":[{"href":"https:\/\/mamposteriacarrascoy.es\/index.php\/wp-json\/wp\/v2\/media?parent=2582"}],"curies":[{"name":"wp","href":"https:\/\/api.w.org\/{rel}","templated":true}]}}