{"id":2485,"date":"2020-05-15T04:45:19","date_gmt":"2020-05-15T04:45:19","guid":{"rendered":"http:\/\/localhost\/theratio\/?page_id=2485"},"modified":"2023-05-30T14:49:13","modified_gmt":"2023-05-30T14:49:13","slug":"diseno-y-planificacion","status":"publish","type":"page","link":"https:\/\/mamposteriacarrascoy.es\/index.php\/nuestros-servicios\/diseno-y-planificacion\/","title":{"rendered":"Dise\u00f1o y Planificaci\u00f3n"},"content":{"rendered":"\t\t<div data-elementor-type=\"wp-page\" data-elementor-id=\"2485\" class=\"elementor elementor-2485\">\n\t\t\t\t\t\t\t\t\t<section class=\"elementor-section elementor-top-section elementor-element elementor-element-c365c25 elementor-section-height-min-height elementor-section-boxed elementor-section-height-default elementor-section-items-middle\" data-id=\"c365c25\" data-element_type=\"section\" data-settings=\"{&quot;background_background&quot;:&quot;classic&quot;}\">\n\t\t\t\t\t\t<div class=\"elementor-container elementor-column-gap-default\">\n\t\t\t\t\t<div class=\"elementor-column elementor-col-100 elementor-top-column elementor-element elementor-element-fd1520c ot-flex-column-vertical\" data-id=\"fd1520c\" data-element_type=\"column\">\n\t\t\t<div class=\"elementor-widget-wrap elementor-element-populated\">\n\t\t\t\t\t\t\t\t<div class=\"elementor-element elementor-element-4d53918 theratio-align-center elementor-widget elementor-widget-iheading\" data-id=\"4d53918\" data-element_type=\"widget\" data-widget_type=\"iheading.default\">\n\t\t\t\t<div class=\"elementor-widget-container\">\n\t\t\t\t\t<div class=\"ot-heading \">\r\n\t        \t        <h2 class=\"main-heading\">DISE\u00d1O Y PLANIFICACION<\/h2>\r\n\t        \t    <\/div>\r\n\t    \t\t<\/div>\n\t\t\t\t<\/div>\n\t\t\t\t\t<\/div>\n\t\t<\/div>\n\t\t\t\t\t\t\t<\/div>\n\t\t<\/section>\n\t\t\t\t<section class=\"elementor-section elementor-top-section elementor-element elementor-element-8807e2c elementor-section-boxed elementor-section-height-default elementor-section-height-default\" data-id=\"8807e2c\" data-element_type=\"section\">\n\t\t\t\t\t\t<div class=\"elementor-container elementor-column-gap-extended\">\n\t\t\t\t\t<div class=\"elementor-column elementor-col-100 elementor-top-column elementor-element elementor-element-5716d59 ot-flex-column-vertical\" data-id=\"5716d59\" data-element_type=\"column\">\n\t\t\t<div class=\"elementor-widget-wrap elementor-element-populated\">\n\t\t\t\t\t\t\t\t<div class=\"elementor-element elementor-element-3719cf2 theratio-align-center elementor-widget elementor-widget-iheading\" data-id=\"3719cf2\" data-element_type=\"widget\" data-widget_type=\"iheading.default\">\n\t\t\t\t<div class=\"elementor-widget-container\">\n\t\t\t\t\t<div class=\"ot-heading \">\r\n\t        \t        <h2 class=\"main-heading\">Nuestro objetivo es crear dise\u00f1os personalizados<\/h2>\r\n\t        \t    <\/div>\r\n\t    \t\t<\/div>\n\t\t\t\t<\/div>\n\t\t\t\t<div class=\"elementor-element elementor-element-e145324 elementor-widget elementor-widget-text-editor\" data-id=\"e145324\" data-element_type=\"widget\" data-widget_type=\"text-editor.default\">\n\t\t\t\t<div class=\"elementor-widget-container\">\n\t\t\t<style>\/*! elementor - v3.13.3 - 28-05-2023 *\/\n.elementor-widget-text-editor.elementor-drop-cap-view-stacked .elementor-drop-cap{background-color:#69727d;color:#fff}.elementor-widget-text-editor.elementor-drop-cap-view-framed .elementor-drop-cap{color:#69727d;border:3px solid;background-color:transparent}.elementor-widget-text-editor:not(.elementor-drop-cap-view-default) .elementor-drop-cap{margin-top:8px}.elementor-widget-text-editor:not(.elementor-drop-cap-view-default) .elementor-drop-cap-letter{width:1em;height:1em}.elementor-widget-text-editor .elementor-drop-cap{float:left;text-align:center;line-height:1;font-size:50px}.elementor-widget-text-editor .elementor-drop-cap-letter{display:inline-block}<\/style>\t\t\t\t<p>En Mamposter\u00eda Carrascoy nos apasiona crear dise\u00f1os personalizados que realcen la belleza de tu entorno. Nos dedicamos a ofrecerte servicios de mamposter\u00eda excepcionales, donde el dise\u00f1o y la planificaci\u00f3n son fundamentales para lograr resultados impresionantes.<\/p><p>Nuestro equipo de expertos en mamposter\u00eda est\u00e1 altamente capacitado y cuenta con una amplia experiencia en el dise\u00f1o y la construcci\u00f3n de estructuras de calidad. Nos esforzamos por comprender tus necesidades y objetivos, trabajando estrechamente contigo en cada etapa del proceso para asegurarnos de que el resultado final sea exactamente lo que tienes en mente.<\/p>\t\t\t\t\t\t<\/div>\n\t\t\t\t<\/div>\n\t\t\t\t<div class=\"elementor-element elementor-element-49fef5c elementor-pagination-position-outside elementor-widget elementor-widget-image-carousel\" data-id=\"49fef5c\" data-element_type=\"widget\" data-settings=\"{&quot;navigation&quot;:&quot;dots&quot;,&quot;lazyload&quot;:&quot;yes&quot;,&quot;autoplay&quot;:&quot;yes&quot;,&quot;pause_on_hover&quot;:&quot;yes&quot;,&quot;pause_on_interaction&quot;:&quot;yes&quot;,&quot;autoplay_speed&quot;:5000,&quot;infinite&quot;:&quot;yes&quot;,&quot;speed&quot;:500}\" data-widget_type=\"image-carousel.default\">\n\t\t\t\t<div class=\"elementor-widget-container\">\n\t\t\t<style>\/*! elementor - v3.13.3 - 28-05-2023 *\/\n.elementor-widget-image-carousel .swiper,.elementor-widget-image-carousel .swiper-container{position:static}.elementor-widget-image-carousel .swiper-container .swiper-slide figure,.elementor-widget-image-carousel .swiper .swiper-slide figure{line-height:inherit}.elementor-widget-image-carousel .swiper-slide{text-align:center}.elementor-image-carousel-wrapper:not(.swiper-container-initialized):not(.swiper-initialized) .swiper-slide{max-width:calc(100% \/ var(--e-image-carousel-slides-to-show, 3))}<\/style>\t\t<div class=\"elementor-image-carousel-wrapper swiper\" dir=\"ltr\">\n\t\t\t<div class=\"elementor-image-carousel swiper-wrapper\">\n\t\t\t\t\t\t\t\t<div class=\"swiper-slide\"><figure class=\"swiper-slide-inner\"><img class=\"swiper-slide-image swiper-lazy\" data-src=\"https:\/\/mcarrasco.10y6interiorismo.com\/wp-content\/uploads\/2023\/04\/construccion-bodega-1.jpg\" alt=\"\" \/><div class=\"swiper-lazy-preloader\"><\/div><\/figure><\/div><div class=\"swiper-slide\"><figure class=\"swiper-slide-inner\"><img class=\"swiper-slide-image swiper-lazy\" data-src=\"https:\/\/mcarrasco.10y6interiorismo.com\/wp-content\/uploads\/2023\/04\/construccion-bodega-2.jpg\" alt=\"\" \/><div class=\"swiper-lazy-preloader\"><\/div><\/figure><\/div><div class=\"swiper-slide\"><figure class=\"swiper-slide-inner\"><img class=\"swiper-slide-image swiper-lazy\" data-src=\"https:\/\/mcarrasco.10y6interiorismo.com\/wp-content\/uploads\/2023\/04\/pared-bodega.jpg\" alt=\"\" \/><div class=\"swiper-lazy-preloader\"><\/div><\/figure><\/div>\t\t\t<\/div>\n\t\t\t\t\t\t\t\t\t\t\t\t<div class=\"swiper-pagination\"><\/div>\n\t\t\t\t\t\t\t\t\t\t\t\t\t<\/div>\n\t\t\t\t<\/div>\n\t\t\t\t<\/div>\n\t\t\t\t<section class=\"elementor-section elementor-inner-section elementor-element elementor-element-3cf9ae3 elementor-section-boxed elementor-section-height-default elementor-section-height-default\" data-id=\"3cf9ae3\" data-element_type=\"section\">\n\t\t\t\t\t\t<div class=\"elementor-container elementor-column-gap-default\">\n\t\t\t\t\t<div class=\"elementor-column elementor-col-50 elementor-inner-column elementor-element elementor-element-c39a6db ot-flex-column-vertical\" data-id=\"c39a6db\" data-element_type=\"column\">\n\t\t\t<div class=\"elementor-widget-wrap elementor-element-populated\">\n\t\t\t\t\t\t\t\t<div class=\"elementor-element elementor-element-4fc6566 elementor-widget elementor-widget-text-editor\" data-id=\"4fc6566\" data-element_type=\"widget\" data-widget_type=\"text-editor.default\">\n\t\t\t\t<div class=\"elementor-widget-container\">\n\t\t\t\t\t\t\t<p>Cuando se trata de dise\u00f1o y planificaci\u00f3n, nos enorgullece ofrecerte soluciones \u00fanicas y personalizadas. Creemos que cada proyecto es \u00fanico, por lo que nos dedicamos a crear dise\u00f1os a medida que se adapten perfectamente a tus gustos y requisitos espec\u00edficos. Ya sea que est\u00e9s buscando una hermosa pared de piedra, un elegante camino empedrado o un impresionante patio de piedra, nuestro equipo de expertos se encargar\u00e1 de materializar tus ideas.<\/p><p>En Mamposter\u00eda Carrascoy, nos preocupamos por la calidad de nuestros trabajos. Utilizamos piedras de la m\u00e1s alta calidad y aplicamos t\u00e9cnicas de construcci\u00f3n s\u00f3lidas para garantizar que nuestras estructuras sean duraderas y resistentes. Nos aseguramos de que cada detalle sea cuidadosamente considerado, desde la selecci\u00f3n de las piedras hasta su colocaci\u00f3n precisa.<\/p><p>Explora nuestro sitio web para ver ejemplos de nuestros proyectos anteriores y c\u00f3mo hemos ayudado a nuestros clientes a crear espacios \u00fanicos y atractivos con piedra natural. Nuestro portafolio es un testimonio de nuestro compromiso con la excelencia y la satisfacci\u00f3n del cliente.<\/p>\t\t\t\t\t\t<\/div>\n\t\t\t\t<\/div>\n\t\t\t\t\t<\/div>\n\t\t<\/div>\n\t\t\t\t<div class=\"elementor-column elementor-col-50 elementor-inner-column elementor-element elementor-element-dcfe615 ot-column-items-center ot-flex-column-vertical\" data-id=\"dcfe615\" data-element_type=\"column\">\n\t\t\t<div class=\"elementor-widget-wrap elementor-element-populated\">\n\t\t\t\t\t\t\t\t<div class=\"elementor-element elementor-element-325c8a2 elementor-widget elementor-widget-image\" data-id=\"325c8a2\" data-element_type=\"widget\" data-widget_type=\"image.default\">\n\t\t\t\t<div class=\"elementor-widget-container\">\n\t\t\t<style>\/*! elementor - v3.13.3 - 28-05-2023 *\/\n.elementor-widget-image{text-align:center}.elementor-widget-image a{display:inline-block}.elementor-widget-image a img[src$=\".svg\"]{width:48px}.elementor-widget-image img{vertical-align:middle;display:inline-block}<\/style>\t\t\t\t\t\t\t\t\t\t\t\t<img decoding=\"async\" src=\"https:\/\/mcarrasco.10y6interiorismo.com\/wp-content\/uploads\/2023\/04\/construccion-bodega-3.jpg\" title=\"\" alt=\"\" loading=\"lazy\" \/>\t\t\t\t\t\t\t\t\t\t\t\t\t\t\t<\/div>\n\t\t\t\t<\/div>\n\t\t\t\t\t<\/div>\n\t\t<\/div>\n\t\t\t\t\t\t\t<\/div>\n\t\t<\/section>\n\t\t\t\t\t<\/div>\n\t\t<\/div>\n\t\t\t\t\t\t\t<\/div>\n\t\t<\/section>\n\t\t\t\t<section class=\"elementor-section elementor-top-section elementor-element elementor-element-9af593b elementor-section-boxed elementor-section-height-default elementor-section-height-default\" data-id=\"9af593b\" data-element_type=\"section\" data-settings=\"{&quot;background_background&quot;:&quot;classic&quot;}\">\n\t\t\t\t\t\t<div class=\"elementor-container elementor-column-gap-default\">\n\t\t\t\t\t<div class=\"elementor-column elementor-col-33 elementor-top-column elementor-element elementor-element-15fdbb4 ot-flex-column-vertical\" data-id=\"15fdbb4\" data-element_type=\"column\">\n\t\t\t<div class=\"elementor-widget-wrap elementor-element-populated\">\n\t\t\t\t\t\t\t\t<div class=\"elementor-element elementor-element-f29f282 elementor-widget elementor-widget-iprogress\" data-id=\"f29f282\" data-element_type=\"widget\" data-widget_type=\"iprogress.default\">\n\t\t\t\t<div class=\"elementor-widget-container\">\n\t\t\t\r\n\t\t\t\t<div class=\"circle-progress tbottom\" data-color=\"#FFFFFF\" data-height=\"2\" data-size=\"165\">\r\n\t\t\t<div class=\"inner-bar\" data-percent=\"90\">\r\n\t\t\t\t<span>\r\n\t\t\t\t\t<span class=\"percent\">90<\/span>\t\t\t\t<\/span>\r\n\t\t\t<\/div>\r\n\t\t\t<h4>Dise\u00f1o conceptual y desarrollo de ideas<\/h4>\t\t<\/div>\r\n\t\t\r\n\t    \t\t<\/div>\n\t\t\t\t<\/div>\n\t\t\t\t<div class=\"elementor-element elementor-element-41305f1 elementor-widget elementor-widget-text-editor\" data-id=\"41305f1\" data-element_type=\"widget\" data-widget_type=\"text-editor.default\">\n\t\t\t\t<div class=\"elementor-widget-container\">\n\t\t\t\t\t\t\t<p>Transformamos tus ideas en realidad.<\/p>\t\t\t\t\t\t<\/div>\n\t\t\t\t<\/div>\n\t\t\t\t\t<\/div>\n\t\t<\/div>\n\t\t\t\t<div class=\"elementor-column elementor-col-33 elementor-top-column elementor-element elementor-element-3414d5a ot-flex-column-vertical\" data-id=\"3414d5a\" data-element_type=\"column\">\n\t\t\t<div class=\"elementor-widget-wrap elementor-element-populated\">\n\t\t\t\t\t\t\t\t<div class=\"elementor-element elementor-element-7f55f08 elementor-widget elementor-widget-iprogress\" data-id=\"7f55f08\" data-element_type=\"widget\" data-widget_type=\"iprogress.default\">\n\t\t\t\t<div class=\"elementor-widget-container\">\n\t\t\t\r\n\t\t\t\t<div class=\"circle-progress tbottom\" data-color=\"#FFFFFF\" data-height=\"2\" data-size=\"165\">\r\n\t\t\t<div class=\"inner-bar\" data-percent=\"96\">\r\n\t\t\t\t<span>\r\n\t\t\t\t\t<span class=\"percent\">96<\/span>\t\t\t\t<\/span>\r\n\t\t\t<\/div>\r\n\t\t\t<h4>Selecci\u00f3n de materiales y acabados<\/h4>\t\t<\/div>\r\n\t\t\r\n\t    \t\t<\/div>\n\t\t\t\t<\/div>\n\t\t\t\t<div class=\"elementor-element elementor-element-7d22652 elementor-widget elementor-widget-text-editor\" data-id=\"7d22652\" data-element_type=\"widget\" data-widget_type=\"text-editor.default\">\n\t\t\t\t<div class=\"elementor-widget-container\">\n\t\t\t\t\t\t\t<p>Creamos espacios que te inspiran.<\/p>\t\t\t\t\t\t<\/div>\n\t\t\t\t<\/div>\n\t\t\t\t\t<\/div>\n\t\t<\/div>\n\t\t\t\t<div class=\"elementor-column elementor-col-33 elementor-top-column elementor-element elementor-element-b4ef56f ot-flex-column-vertical\" data-id=\"b4ef56f\" data-element_type=\"column\">\n\t\t\t<div class=\"elementor-widget-wrap elementor-element-populated\">\n\t\t\t\t\t\t\t\t<div class=\"elementor-element elementor-element-b042248 elementor-widget elementor-widget-iprogress\" data-id=\"b042248\" data-element_type=\"widget\" data-widget_type=\"iprogress.default\">\n\t\t\t\t<div class=\"elementor-widget-container\">\n\t\t\t\r\n\t\t\t\t<div class=\"circle-progress tbottom\" data-color=\"#FFFFFF\" data-height=\"2\" data-size=\"165\">\r\n\t\t\t<div class=\"inner-bar\" data-percent=\"94\">\r\n\t\t\t\t<span>\r\n\t\t\t\t\t<span class=\"percent\">94<\/span>\t\t\t\t<\/span>\r\n\t\t\t<\/div>\r\n\t\t\t<h4>Planificaci\u00f3n y coordinaci\u00f3n de la obra<\/h4>\t\t<\/div>\r\n\t\t\r\n\t    \t\t<\/div>\n\t\t\t\t<\/div>\n\t\t\t\t<div class=\"elementor-element elementor-element-7c914fe elementor-widget elementor-widget-text-editor\" data-id=\"7c914fe\" data-element_type=\"widget\" data-widget_type=\"text-editor.default\">\n\t\t\t\t<div class=\"elementor-widget-container\">\n\t\t\t\t\t\t\t<p>Gestionamos tu proyecto de principio a fin.<\/p>\t\t\t\t\t\t<\/div>\n\t\t\t\t<\/div>\n\t\t\t\t\t<\/div>\n\t\t<\/div>\n\t\t\t\t\t\t\t<\/div>\n\t\t<\/section>\n\t\t\t\t\t\t\t<\/div>\n\t\t","protected":false},"excerpt":{"rendered":"<p>DISE\u00d1O Y PLANIFICACION Nuestro objetivo es crear dise\u00f1os personalizados En Mamposter\u00eda Carrascoy nos apasiona crear dise\u00f1os personalizados que realcen la belleza de tu entorno. Nos dedicamos a ofrecerte servicios de mamposter\u00eda excepcionales, donde el dise\u00f1o y la planificaci\u00f3n son fundamentales para lograr resultados impresionantes. Nuestro equipo de expertos en mamposter\u00eda est\u00e1 altamente capacitado y cuenta [&hellip;]<\/p>\n","protected":false},"author":1,"featured_media":0,"parent":2405,"menu_order":0,"comment_status":"closed","ping_status":"closed","template":"","meta":{"footnotes":""},"yoast_head":"<!-- This site is optimized with the Yoast SEO plugin v20.6 - https:\/\/yoast.com\/wordpress\/plugins\/seo\/ -->\n<title>Dise\u00f1o y Planificaci\u00f3n - Mamposteria Carrascoy<\/title>\n<meta name=\"robots\" content=\"index, follow, max-snippet:-1, max-image-preview:large, max-video-preview:-1\" \/>\n<link rel=\"canonical\" href=\"https:\/\/mamposteriacarrascoy.es\/index.php\/nuestros-servicios\/diseno-y-planificacion\/\" \/>\n<meta property=\"og:locale\" content=\"es_ES\" \/>\n<meta property=\"og:type\" content=\"article\" \/>\n<meta property=\"og:title\" content=\"Dise\u00f1o y Planificaci\u00f3n - Mamposteria Carrascoy\" \/>\n<meta property=\"og:description\" content=\"DISE\u00d1O Y PLANIFICACION Nuestro objetivo es crear dise\u00f1os personalizados En Mamposter\u00eda Carrascoy nos apasiona crear dise\u00f1os personalizados que realcen la belleza de tu entorno. Nos dedicamos a ofrecerte servicios de mamposter\u00eda excepcionales, donde el dise\u00f1o y la planificaci\u00f3n son fundamentales para lograr resultados impresionantes. Nuestro equipo de expertos en mamposter\u00eda est\u00e1 altamente capacitado y cuenta [&hellip;]\" \/>\n<meta property=\"og:url\" content=\"https:\/\/mamposteriacarrascoy.es\/index.php\/nuestros-servicios\/diseno-y-planificacion\/\" \/>\n<meta property=\"og:site_name\" content=\"Mamposteria Carrascoy\" \/>\n<meta property=\"article:modified_time\" content=\"2023-05-30T14:49:13+00:00\" \/>\n<meta property=\"og:image\" content=\"https:\/\/mcarrasco.10y6interiorismo.com\/wp-content\/uploads\/2023\/04\/construccion-bodega-1.jpg\" \/>\n<meta name=\"twitter:card\" content=\"summary_large_image\" \/>\n<meta name=\"twitter:label1\" content=\"Tiempo de lectura\" \/>\n\t<meta name=\"twitter:data1\" content=\"4 minutos\" \/>\n<script type=\"application\/ld+json\" class=\"yoast-schema-graph\">{\"@context\":\"https:\/\/schema.org\",\"@graph\":[{\"@type\":\"WebPage\",\"@id\":\"https:\/\/mamposteriacarrascoy.es\/index.php\/nuestros-servicios\/diseno-y-planificacion\/\",\"url\":\"https:\/\/mamposteriacarrascoy.es\/index.php\/nuestros-servicios\/diseno-y-planificacion\/\",\"name\":\"Dise\u00f1o y Planificaci\u00f3n - Mamposteria Carrascoy\",\"isPartOf\":{\"@id\":\"https:\/\/mamposteriacarrascoy.es\/#website\"},\"datePublished\":\"2020-05-15T04:45:19+00:00\",\"dateModified\":\"2023-05-30T14:49:13+00:00\",\"breadcrumb\":{\"@id\":\"https:\/\/mamposteriacarrascoy.es\/index.php\/nuestros-servicios\/diseno-y-planificacion\/#breadcrumb\"},\"inLanguage\":\"es\",\"potentialAction\":[{\"@type\":\"ReadAction\",\"target\":[\"https:\/\/mamposteriacarrascoy.es\/index.php\/nuestros-servicios\/diseno-y-planificacion\/\"]}]},{\"@type\":\"BreadcrumbList\",\"@id\":\"https:\/\/mamposteriacarrascoy.es\/index.php\/nuestros-servicios\/diseno-y-planificacion\/#breadcrumb\",\"itemListElement\":[{\"@type\":\"ListItem\",\"position\":1,\"name\":\"Portada\",\"item\":\"https:\/\/mamposteriacarrascoy.es\/\"},{\"@type\":\"ListItem\",\"position\":2,\"name\":\"Nuestros Servicios\",\"item\":\"https:\/\/mamposteriacarrascoy.es\/index.php\/nuestros-servicios\/\"},{\"@type\":\"ListItem\",\"position\":3,\"name\":\"Dise\u00f1o y Planificaci\u00f3n\"}]},{\"@type\":\"WebSite\",\"@id\":\"https:\/\/mamposteriacarrascoy.es\/#website\",\"url\":\"https:\/\/mamposteriacarrascoy.es\/\",\"name\":\"Mamposteria Carrascoy\",\"description\":\"Mamposteria\",\"potentialAction\":[{\"@type\":\"SearchAction\",\"target\":{\"@type\":\"EntryPoint\",\"urlTemplate\":\"https:\/\/mamposteriacarrascoy.es\/?s={search_term_string}\"},\"query-input\":\"required name=search_term_string\"}],\"inLanguage\":\"es\"}]}<\/script>\n<!-- \/ Yoast SEO plugin. -->","yoast_head_json":{"title":"Dise\u00f1o y Planificaci\u00f3n - Mamposteria Carrascoy","robots":{"index":"index","follow":"follow","max-snippet":"max-snippet:-1","max-image-preview":"max-image-preview:large","max-video-preview":"max-video-preview:-1"},"canonical":"https:\/\/mamposteriacarrascoy.es\/index.php\/nuestros-servicios\/diseno-y-planificacion\/","og_locale":"es_ES","og_type":"article","og_title":"Dise\u00f1o y Planificaci\u00f3n - Mamposteria Carrascoy","og_description":"DISE\u00d1O Y PLANIFICACION Nuestro objetivo es crear dise\u00f1os personalizados En Mamposter\u00eda Carrascoy nos apasiona crear dise\u00f1os personalizados que realcen la belleza de tu entorno. Nos dedicamos a ofrecerte servicios de mamposter\u00eda excepcionales, donde el dise\u00f1o y la planificaci\u00f3n son fundamentales para lograr resultados impresionantes. Nuestro equipo de expertos en mamposter\u00eda est\u00e1 altamente capacitado y cuenta [&hellip;]","og_url":"https:\/\/mamposteriacarrascoy.es\/index.php\/nuestros-servicios\/diseno-y-planificacion\/","og_site_name":"Mamposteria Carrascoy","article_modified_time":"2023-05-30T14:49:13+00:00","og_image":[{"url":"https:\/\/mcarrasco.10y6interiorismo.com\/wp-content\/uploads\/2023\/04\/construccion-bodega-1.jpg"}],"twitter_card":"summary_large_image","twitter_misc":{"Tiempo de lectura":"4 minutos"},"schema":{"@context":"https:\/\/schema.org","@graph":[{"@type":"WebPage","@id":"https:\/\/mamposteriacarrascoy.es\/index.php\/nuestros-servicios\/diseno-y-planificacion\/","url":"https:\/\/mamposteriacarrascoy.es\/index.php\/nuestros-servicios\/diseno-y-planificacion\/","name":"Dise\u00f1o y Planificaci\u00f3n - Mamposteria Carrascoy","isPartOf":{"@id":"https:\/\/mamposteriacarrascoy.es\/#website"},"datePublished":"2020-05-15T04:45:19+00:00","dateModified":"2023-05-30T14:49:13+00:00","breadcrumb":{"@id":"https:\/\/mamposteriacarrascoy.es\/index.php\/nuestros-servicios\/diseno-y-planificacion\/#breadcrumb"},"inLanguage":"es","potentialAction":[{"@type":"ReadAction","target":["https:\/\/mamposteriacarrascoy.es\/index.php\/nuestros-servicios\/diseno-y-planificacion\/"]}]},{"@type":"BreadcrumbList","@id":"https:\/\/mamposteriacarrascoy.es\/index.php\/nuestros-servicios\/diseno-y-planificacion\/#breadcrumb","itemListElement":[{"@type":"ListItem","position":1,"name":"Portada","item":"https:\/\/mamposteriacarrascoy.es\/"},{"@type":"ListItem","position":2,"name":"Nuestros Servicios","item":"https:\/\/mamposteriacarrascoy.es\/index.php\/nuestros-servicios\/"},{"@type":"ListItem","position":3,"name":"Dise\u00f1o y Planificaci\u00f3n"}]},{"@type":"WebSite","@id":"https:\/\/mamposteriacarrascoy.es\/#website","url":"https:\/\/mamposteriacarrascoy.es\/","name":"Mamposteria Carrascoy","description":"Mamposteria","potentialAction":[{"@type":"SearchAction","target":{"@type":"EntryPoint","urlTemplate":"https:\/\/mamposteriacarrascoy.es\/?s={search_term_string}"},"query-input":"required name=search_term_string"}],"inLanguage":"es"}]}},"_links":{"self":[{"href":"https:\/\/mamposteriacarrascoy.es\/index.php\/wp-json\/wp\/v2\/pages\/2485"}],"collection":[{"href":"https:\/\/mamposteriacarrascoy.es\/index.php\/wp-json\/wp\/v2\/pages"}],"about":[{"href":"https:\/\/mamposteriacarrascoy.es\/index.php\/wp-json\/wp\/v2\/types\/page"}],"author":[{"embeddable":true,"href":"https:\/\/mamposteriacarrascoy.es\/index.php\/wp-json\/wp\/v2\/users\/1"}],"replies":[{"embeddable":true,"href":"https:\/\/mamposteriacarrascoy.es\/index.php\/wp-json\/wp\/v2\/comments?post=2485"}],"version-history":[{"count":76,"href":"https:\/\/mamposteriacarrascoy.es\/index.php\/wp-json\/wp\/v2\/pages\/2485\/revisions"}],"predecessor-version":[{"id":11335,"href":"https:\/\/mamposteriacarrascoy.es\/index.php\/wp-json\/wp\/v2\/pages\/2485\/revisions\/11335"}],"up":[{"embeddable":true,"href":"https:\/\/mamposteriacarrascoy.es\/index.php\/wp-json\/wp\/v2\/pages\/2405"}],"wp:attachment":[{"href":"https:\/\/mamposteriacarrascoy.es\/index.php\/wp-json\/wp\/v2\/media?parent=2485"}],"curies":[{"name":"wp","href":"https:\/\/api.w.org\/{rel}","templated":true}]}}