{"id":10767,"date":"2023-05-19T09:26:00","date_gmt":"2023-05-19T09:26:00","guid":{"rendered":"https:\/\/mamposteriacarrascoy.es\/?page_id=10767"},"modified":"2023-06-05T13:46:11","modified_gmt":"2023-06-05T13:46:11","slug":"piedra-bateig","status":"publish","type":"page","link":"https:\/\/mamposteriacarrascoy.es\/index.php\/piedra-bateig\/","title":{"rendered":"Piedra Bateig"},"content":{"rendered":"\t\t<div data-elementor-type=\"wp-page\" data-elementor-id=\"10767\" class=\"elementor elementor-10767\">\n\t\t\t\t\t\t\t\t\t<section class=\"elementor-section elementor-top-section elementor-element elementor-element-f816bec elementor-section-boxed elementor-section-height-default elementor-section-height-default\" data-id=\"f816bec\" data-element_type=\"section\">\n\t\t\t\t\t\t<div class=\"elementor-container elementor-column-gap-default\">\n\t\t\t\t\t<div class=\"elementor-column elementor-col-100 elementor-top-column elementor-element elementor-element-ca471a1 ot-flex-column-vertical\" data-id=\"ca471a1\" data-element_type=\"column\">\n\t\t\t<div class=\"elementor-widget-wrap elementor-element-populated\">\n\t\t\t\t\t\t\t\t<div class=\"elementor-element elementor-element-ee52ddb elementor-widget elementor-widget-heading\" data-id=\"ee52ddb\" data-element_type=\"widget\" data-widget_type=\"heading.default\">\n\t\t\t\t<div class=\"elementor-widget-container\">\n\t\t\t<style>\/*! elementor - v3.13.3 - 28-05-2023 *\/\n.elementor-heading-title{padding:0;margin:0;line-height:1}.elementor-widget-heading .elementor-heading-title[class*=elementor-size-]>a{color:inherit;font-size:inherit;line-height:inherit}.elementor-widget-heading .elementor-heading-title.elementor-size-small{font-size:15px}.elementor-widget-heading .elementor-heading-title.elementor-size-medium{font-size:19px}.elementor-widget-heading .elementor-heading-title.elementor-size-large{font-size:29px}.elementor-widget-heading .elementor-heading-title.elementor-size-xl{font-size:39px}.elementor-widget-heading .elementor-heading-title.elementor-size-xxl{font-size:59px}<\/style><h2 class=\"elementor-heading-title elementor-size-default\">Piedras Bateig<\/h2>\t\t<\/div>\n\t\t\t\t<\/div>\n\t\t\t\t<div class=\"elementor-element elementor-element-6bb6289 elementor-widget elementor-widget-text-editor\" data-id=\"6bb6289\" data-element_type=\"widget\" data-widget_type=\"text-editor.default\">\n\t\t\t\t<div class=\"elementor-widget-container\">\n\t\t\t<style>\/*! elementor - v3.13.3 - 28-05-2023 *\/\n.elementor-widget-text-editor.elementor-drop-cap-view-stacked .elementor-drop-cap{background-color:#69727d;color:#fff}.elementor-widget-text-editor.elementor-drop-cap-view-framed .elementor-drop-cap{color:#69727d;border:3px solid;background-color:transparent}.elementor-widget-text-editor:not(.elementor-drop-cap-view-default) .elementor-drop-cap{margin-top:8px}.elementor-widget-text-editor:not(.elementor-drop-cap-view-default) .elementor-drop-cap-letter{width:1em;height:1em}.elementor-widget-text-editor .elementor-drop-cap{float:left;text-align:center;line-height:1;font-size:50px}.elementor-widget-text-editor .elementor-drop-cap-letter{display:inline-block}<\/style>\t\t\t\t<p>\u00a0<\/p><p>La piedra Bateig se caracteriza por su tono gris\u00e1ceo y su textura uniforme y suave. Su apariencia vers\u00e1til y elegante se adapta perfectamente a una amplia gama de estilos arquitect\u00f3nicos, desde los m\u00e1s modernos y minimalistas hasta los m\u00e1s tradicionales y r\u00fasticos.<\/p><p>Adem\u00e1s de su atractivo est\u00e9tico, la piedra Bateig destaca por su durabilidad y resistencia. Es capaz de resistir las inclemencias del tiempo y el desgaste diario sin comprometer su integridad. Por lo tanto, es ideal para revestimientos de paredes, suelos, fachadas y otros elementos de mamposter\u00eda tanto en interiores como en exteriores.<\/p><p>La piedra Bateig tambi\u00e9n ofrece opciones de acabado vers\u00e1tiles, como pulido, apomazado y flameado, que permiten crear diferentes efectos y texturas seg\u00fan las necesidades del proyecto. Esto brinda flexibilidad en el dise\u00f1o y la capacidad de adaptarse a diferentes preferencias y estilos.<\/p><p>Dentro de las piedras Bateig podemos encontrar varios tipos de piedras seg\u00fan su forma\u00a0<\/p>\t\t\t\t\t\t<\/div>\n\t\t\t\t<\/div>\n\t\t\t\t\t<\/div>\n\t\t<\/div>\n\t\t\t\t\t\t\t<\/div>\n\t\t<\/section>\n\t\t\t\t<section class=\"elementor-section elementor-top-section elementor-element elementor-element-fc28687 elementor-reverse-mobile elementor-section-boxed elementor-section-height-default elementor-section-height-default\" data-id=\"fc28687\" data-element_type=\"section\">\n\t\t\t\t\t\t<div class=\"elementor-container elementor-column-gap-default\">\n\t\t\t\t\t<div class=\"elementor-column elementor-col-50 elementor-top-column elementor-element elementor-element-f943535 ot-column-items-center ot-flex-column-vertical\" data-id=\"f943535\" data-element_type=\"column\">\n\t\t\t<div class=\"elementor-widget-wrap elementor-element-populated\">\n\t\t\t\t\t\t\t\t<div class=\"elementor-element elementor-element-287d885 elementor-widget elementor-widget-heading\" data-id=\"287d885\" data-element_type=\"widget\" data-widget_type=\"heading.default\">\n\t\t\t\t<div class=\"elementor-widget-container\">\n\t\t\t<h2 class=\"elementor-heading-title elementor-size-default\">TRESBOLILLO<\/h2>\t\t<\/div>\n\t\t\t\t<\/div>\n\t\t\t\t<div class=\"elementor-element elementor-element-797e9b5 elementor-widget elementor-widget-text-editor\" data-id=\"797e9b5\" data-element_type=\"widget\" data-widget_type=\"text-editor.default\">\n\t\t\t\t<div class=\"elementor-widget-container\">\n\t\t\t\t\t\t\t<p>El \u00abtresbolillo\u00bb es un patr\u00f3n de mamposter\u00eda en el que las piedras se colocan formando grupos de tres en forma de tr\u00e9bol. Esta disposici\u00f3n ofrece una est\u00e9tica distintiva al muro. Dentro del patr\u00f3n tresbolillo, se pueden encontrar diferentes ajustes, como el ajuste ajustado, muy ajustado, a mano levantada con junta sin tapar y a mano levantada con junta tapada. Estos ajustes ofrecen variedad est\u00e9tica y se adaptan a diferentes preferencias en la construcci\u00f3n de muros de mamposter\u00eda. El patr\u00f3n tresbolillo es una elecci\u00f3n popular que brinda un aspecto \u00fanico y atractivo a los muros.<\/p>\t\t\t\t\t\t<\/div>\n\t\t\t\t<\/div>\n\t\t\t\t<div class=\"elementor-element elementor-element-1f67949 elementor-align-center elementor-widget elementor-widget-ibutton\" data-id=\"1f67949\" data-element_type=\"widget\" id=\"botonBateigTresbolillo\" data-widget_type=\"ibutton.default\">\n\t\t\t\t<div class=\"elementor-widget-container\">\n\t\t\t\t\t<div class=\"ot-button\">\r\n\t\t\t<a class=\"octf-btn octf-btn-dark\">Ver ajuste<\/a>\r\n\t    <\/div>\r\n\t    \t\t<\/div>\n\t\t\t\t<\/div>\n\t\t\t\t\t<\/div>\n\t\t<\/div>\n\t\t\t\t<div class=\"elementor-column elementor-col-50 elementor-top-column elementor-element elementor-element-4f65b85 ot-flex-column-vertical\" data-id=\"4f65b85\" data-element_type=\"column\">\n\t\t\t<div class=\"elementor-widget-wrap elementor-element-populated\">\n\t\t\t\t\t\t\t\t<div class=\"elementor-element elementor-element-e81a2f7 elementor-widget elementor-widget-image\" data-id=\"e81a2f7\" data-element_type=\"widget\" data-widget_type=\"image.default\">\n\t\t\t\t<div class=\"elementor-widget-container\">\n\t\t\t<style>\/*! elementor - v3.13.3 - 28-05-2023 *\/\n.elementor-widget-image{text-align:center}.elementor-widget-image a{display:inline-block}.elementor-widget-image a img[src$=\".svg\"]{width:48px}.elementor-widget-image img{vertical-align:middle;display:inline-block}<\/style>\t\t\t\t\t\t\t\t\t\t\t\t<img loading=\"lazy\" decoding=\"async\" width=\"720\" height=\"720\" src=\"https:\/\/mamposteriacarrascoy.es\/wp-content\/uploads\/2023\/05\/muro-bateig-ajustada-tresbolillo.jpg\" class=\"attachment-large size-large wp-image-10770\" alt=\"\" srcset=\"https:\/\/mamposteriacarrascoy.es\/wp-content\/uploads\/2023\/05\/muro-bateig-ajustada-tresbolillo.jpg 720w, https:\/\/mamposteriacarrascoy.es\/wp-content\/uploads\/2023\/05\/muro-bateig-ajustada-tresbolillo-300x300.jpg 300w, https:\/\/mamposteriacarrascoy.es\/wp-content\/uploads\/2023\/05\/muro-bateig-ajustada-tresbolillo-150x150.jpg 150w\" sizes=\"(max-width: 720px) 100vw, 720px\" \/>\t\t\t\t\t\t\t\t\t\t\t\t\t\t\t<\/div>\n\t\t\t\t<\/div>\n\t\t\t\t\t<\/div>\n\t\t<\/div>\n\t\t\t\t\t\t\t<\/div>\n\t\t<\/section>\n\t\t\t\t<section class=\"elementor-section elementor-top-section elementor-element elementor-element-bcc7f65 elementor-section-boxed elementor-section-height-default elementor-section-height-default\" data-id=\"bcc7f65\" data-element_type=\"section\" id=\"seccionBateigTresbolillo\">\n\t\t\t\t\t\t<div class=\"elementor-container elementor-column-gap-wide\">\n\t\t\t\t\t<div class=\"elementor-column elementor-col-25 elementor-top-column elementor-element elementor-element-05cf4b8 ot-flex-column-vertical\" data-id=\"05cf4b8\" data-element_type=\"column\">\n\t\t\t<div class=\"elementor-widget-wrap\">\n\t\t\t\t\t\t\t\t\t<\/div>\n\t\t<\/div>\n\t\t\t\t<div class=\"elementor-column elementor-col-25 elementor-top-column elementor-element elementor-element-2f79512 ot-flex-column-horizontal\" data-id=\"2f79512\" data-element_type=\"column\">\n\t\t\t<div class=\"elementor-widget-wrap elementor-element-populated\">\n\t\t\t\t\t\t\t\t<div class=\"elementor-element elementor-element-2ff1720 elementor-widget elementor-widget-theratio-service-box\" data-id=\"2ff1720\" data-element_type=\"widget\" data-widget_type=\"theratio-service-box.default\">\n\t\t\t\t<div class=\"elementor-widget-container\">\n\t\t\t\t\t<div class=\"service-box\">\r\n\t        <div class=\"box-content\">\r\n\t       \t\t\t       \t\t<div class=\"image-box img-lgpopup\">\r\n\t       \t\t\t<div data-src=\"https:\/\/mamposteriacarrascoy.es\/wp-content\/uploads\/2023\/05\/muro-bateig-ajustada-tresbolillo.jpg\"><img loading=\"lazy\" decoding=\"async\" width=\"720\" height=\"720\" src=\"https:\/\/mamposteriacarrascoy.es\/wp-content\/uploads\/2023\/05\/muro-bateig-ajustada-tresbolillo.jpg\" class=\"attachment-full size-full wp-image-10770\" alt=\"\" srcset=\"https:\/\/mamposteriacarrascoy.es\/wp-content\/uploads\/2023\/05\/muro-bateig-ajustada-tresbolillo.jpg 720w, https:\/\/mamposteriacarrascoy.es\/wp-content\/uploads\/2023\/05\/muro-bateig-ajustada-tresbolillo-300x300.jpg 300w, https:\/\/mamposteriacarrascoy.es\/wp-content\/uploads\/2023\/05\/muro-bateig-ajustada-tresbolillo-150x150.jpg 150w\" sizes=\"(max-width: 720px) 100vw, 720px\" \/>\t       \t\t\t\t<span class=\"overlay\"><i class=\"ot-flaticon-add\"><\/i><\/span>\r\n\t       \t\t\t<\/div>\r\n\t\t\t\t<\/div>\r\n\t\t\t\t\t\t\t\t<div class=\"info-box\">\r\n\t\t\t\t\t<h4>Ajustado<\/h4>\t\t\t\t\t<p>Colocaci\u00f3n precisa y uniforme de las piedras, creando un aspecto ordenado y sim\u00e9trico en el muro.<\/p>\r\n\t\t\t\t\t\t\t\t\t<\/div>\r\n\t\t\t<\/div>\r\n\t    <\/div>\r\n\t    \t\t<\/div>\n\t\t\t\t<\/div>\n\t\t\t\t\t<\/div>\n\t\t<\/div>\n\t\t\t\t<div class=\"elementor-column elementor-col-25 elementor-top-column elementor-element elementor-element-65559ac ot-flex-column-horizontal\" data-id=\"65559ac\" data-element_type=\"column\">\n\t\t\t<div class=\"elementor-widget-wrap elementor-element-populated\">\n\t\t\t\t\t\t\t\t<div class=\"elementor-element elementor-element-4a5ad80 elementor-widget elementor-widget-theratio-service-box\" data-id=\"4a5ad80\" data-element_type=\"widget\" data-widget_type=\"theratio-service-box.default\">\n\t\t\t\t<div class=\"elementor-widget-container\">\n\t\t\t\t\t<div class=\"service-box\">\r\n\t        <div class=\"box-content\">\r\n\t       \t\t\t       \t\t<div class=\"image-box img-lgpopup\">\r\n\t       \t\t\t<div data-src=\"https:\/\/mamposteriacarrascoy.es\/wp-content\/uploads\/2023\/05\/muro-bateig-a-mano-levantada-tresbolillo.jpg\"><img loading=\"lazy\" decoding=\"async\" width=\"720\" height=\"720\" src=\"https:\/\/mamposteriacarrascoy.es\/wp-content\/uploads\/2023\/05\/muro-bateig-a-mano-levantada-tresbolillo.jpg\" class=\"attachment-full size-full wp-image-10771\" alt=\"\" srcset=\"https:\/\/mamposteriacarrascoy.es\/wp-content\/uploads\/2023\/05\/muro-bateig-a-mano-levantada-tresbolillo.jpg 720w, https:\/\/mamposteriacarrascoy.es\/wp-content\/uploads\/2023\/05\/muro-bateig-a-mano-levantada-tresbolillo-300x300.jpg 300w, https:\/\/mamposteriacarrascoy.es\/wp-content\/uploads\/2023\/05\/muro-bateig-a-mano-levantada-tresbolillo-150x150.jpg 150w\" sizes=\"(max-width: 720px) 100vw, 720px\" \/>\t       \t\t\t\t<span class=\"overlay\"><i class=\"ot-flaticon-add\"><\/i><\/span>\r\n\t       \t\t\t<\/div>\r\n\t\t\t\t<\/div>\r\n\t\t\t\t\t\t\t\t<div class=\"info-box\">\r\n\t\t\t\t\t<h4>A Mano Levantada<\/h4>\t\t\t\t\t<p>Las piedras se colocan de forma artesanal y manual, brindando un aspecto r\u00fastico y natural al muro.<\/p>\r\n\t\t\t\t\t\t\t\t\t<\/div>\r\n\t\t\t<\/div>\r\n\t    <\/div>\r\n\t    \t\t<\/div>\n\t\t\t\t<\/div>\n\t\t\t\t\t<\/div>\n\t\t<\/div>\n\t\t\t\t<div class=\"elementor-column elementor-col-25 elementor-top-column elementor-element elementor-element-fb25b5a ot-flex-column-vertical\" data-id=\"fb25b5a\" data-element_type=\"column\">\n\t\t\t<div class=\"elementor-widget-wrap\">\n\t\t\t\t\t\t\t\t\t<\/div>\n\t\t<\/div>\n\t\t\t\t\t\t\t<\/div>\n\t\t<\/section>\n\t\t\t\t<section class=\"elementor-section elementor-top-section elementor-element elementor-element-0cbabc5 elementor-section-boxed elementor-section-height-default elementor-section-height-default\" data-id=\"0cbabc5\" data-element_type=\"section\">\n\t\t\t\t\t\t<div class=\"elementor-container elementor-column-gap-default\">\n\t\t\t\t\t<div class=\"elementor-column elementor-col-50 elementor-top-column elementor-element elementor-element-426c312 ot-flex-column-vertical\" data-id=\"426c312\" data-element_type=\"column\">\n\t\t\t<div class=\"elementor-widget-wrap elementor-element-populated\">\n\t\t\t\t\t\t\t\t<div class=\"elementor-element elementor-element-ca04d10 elementor-widget elementor-widget-image\" data-id=\"ca04d10\" data-element_type=\"widget\" data-widget_type=\"image.default\">\n\t\t\t\t<div class=\"elementor-widget-container\">\n\t\t\t\t\t\t\t\t\t\t\t\t\t\t\t<img loading=\"lazy\" decoding=\"async\" width=\"720\" height=\"720\" src=\"https:\/\/mamposteriacarrascoy.es\/wp-content\/uploads\/2023\/05\/muro-bateig-ajustada-taquedada.jpg\" class=\"attachment-large size-large wp-image-10772\" alt=\"\" srcset=\"https:\/\/mamposteriacarrascoy.es\/wp-content\/uploads\/2023\/05\/muro-bateig-ajustada-taquedada.jpg 720w, https:\/\/mamposteriacarrascoy.es\/wp-content\/uploads\/2023\/05\/muro-bateig-ajustada-taquedada-300x300.jpg 300w, https:\/\/mamposteriacarrascoy.es\/wp-content\/uploads\/2023\/05\/muro-bateig-ajustada-taquedada-150x150.jpg 150w\" sizes=\"(max-width: 720px) 100vw, 720px\" \/>\t\t\t\t\t\t\t\t\t\t\t\t\t\t\t<\/div>\n\t\t\t\t<\/div>\n\t\t\t\t\t<\/div>\n\t\t<\/div>\n\t\t\t\t<div class=\"elementor-column elementor-col-50 elementor-top-column elementor-element elementor-element-adb4164 ot-column-items-center ot-flex-column-vertical\" data-id=\"adb4164\" data-element_type=\"column\">\n\t\t\t<div class=\"elementor-widget-wrap elementor-element-populated\">\n\t\t\t\t\t\t\t\t<div class=\"elementor-element elementor-element-c8b5935 elementor-widget elementor-widget-heading\" data-id=\"c8b5935\" data-element_type=\"widget\" data-widget_type=\"heading.default\">\n\t\t\t\t<div class=\"elementor-widget-container\">\n\t\t\t<h2 class=\"elementor-heading-title elementor-size-default\">TAQUEADA<\/h2>\t\t<\/div>\n\t\t\t\t<\/div>\n\t\t\t\t<div class=\"elementor-element elementor-element-ae7ef99 elementor-widget elementor-widget-text-editor\" data-id=\"ae7ef99\" data-element_type=\"widget\" data-widget_type=\"text-editor.default\">\n\t\t\t\t<div class=\"elementor-widget-container\">\n\t\t\t\t\t\t\t<p>La forma \u00abtaqueada\u00bb es un patr\u00f3n ampliamente utilizado en la construcci\u00f3n de muros de mamposter\u00eda que ofrece un dise\u00f1o \u00fanico y distintivo. En este patr\u00f3n, las piedras se disponen de manera estrat\u00e9gica, creando peque\u00f1as \u00e1reas o taqueles en el muro.<\/p><p>La disposici\u00f3n taqueada de las piedras no solo brinda una apariencia visualmente atractiva, sino que tambi\u00e9n a\u00f1ade textura y profundidad al muro. Cada taquel se convierte en un elemento individual que se destaca dentro del conjunto, creando un patr\u00f3n que rompe con la uniformidad tradicional de los muros de mamposter\u00eda.<\/p>\t\t\t\t\t\t<\/div>\n\t\t\t\t<\/div>\n\t\t\t\t<div class=\"elementor-element elementor-element-0b7f0ed elementor-align-center elementor-widget elementor-widget-ibutton\" data-id=\"0b7f0ed\" data-element_type=\"widget\" id=\"botonBateigTaqueada\" data-widget_type=\"ibutton.default\">\n\t\t\t\t<div class=\"elementor-widget-container\">\n\t\t\t\t\t<div class=\"ot-button\">\r\n\t\t\t<a class=\"octf-btn octf-btn-dark\">Ver ajuste<\/a>\r\n\t    <\/div>\r\n\t    \t\t<\/div>\n\t\t\t\t<\/div>\n\t\t\t\t\t<\/div>\n\t\t<\/div>\n\t\t\t\t\t\t\t<\/div>\n\t\t<\/section>\n\t\t\t\t<section class=\"elementor-section elementor-top-section elementor-element elementor-element-425ff34 elementor-section-boxed elementor-section-height-default elementor-section-height-default\" data-id=\"425ff34\" data-element_type=\"section\" id=\"seccionBateigTaqueada\">\n\t\t\t\t\t\t<div class=\"elementor-container elementor-column-gap-wide\">\n\t\t\t\t\t<div class=\"elementor-column elementor-col-33 elementor-top-column elementor-element elementor-element-c25524d ot-flex-column-vertical\" data-id=\"c25524d\" data-element_type=\"column\">\n\t\t\t<div class=\"elementor-widget-wrap\">\n\t\t\t\t\t\t\t\t\t<\/div>\n\t\t<\/div>\n\t\t\t\t<div class=\"elementor-column elementor-col-33 elementor-top-column elementor-element elementor-element-b54f546 ot-flex-column-horizontal\" data-id=\"b54f546\" data-element_type=\"column\">\n\t\t\t<div class=\"elementor-widget-wrap elementor-element-populated\">\n\t\t\t\t\t\t\t\t<div class=\"elementor-element elementor-element-1cd4c8d elementor-widget elementor-widget-theratio-service-box\" data-id=\"1cd4c8d\" data-element_type=\"widget\" data-widget_type=\"theratio-service-box.default\">\n\t\t\t\t<div class=\"elementor-widget-container\">\n\t\t\t\t\t<div class=\"service-box\">\r\n\t        <div class=\"box-content\">\r\n\t       \t\t\t       \t\t<div class=\"image-box img-lgpopup\">\r\n\t       \t\t\t<div data-src=\"https:\/\/mamposteriacarrascoy.es\/wp-content\/uploads\/2023\/05\/muro-bateig-ajustada-taquedada.jpg\"><img loading=\"lazy\" decoding=\"async\" width=\"720\" height=\"720\" src=\"https:\/\/mamposteriacarrascoy.es\/wp-content\/uploads\/2023\/05\/muro-bateig-ajustada-taquedada.jpg\" class=\"attachment-full size-full wp-image-10772\" alt=\"\" srcset=\"https:\/\/mamposteriacarrascoy.es\/wp-content\/uploads\/2023\/05\/muro-bateig-ajustada-taquedada.jpg 720w, https:\/\/mamposteriacarrascoy.es\/wp-content\/uploads\/2023\/05\/muro-bateig-ajustada-taquedada-300x300.jpg 300w, https:\/\/mamposteriacarrascoy.es\/wp-content\/uploads\/2023\/05\/muro-bateig-ajustada-taquedada-150x150.jpg 150w\" sizes=\"(max-width: 720px) 100vw, 720px\" \/>\t       \t\t\t\t<span class=\"overlay\"><i class=\"ot-flaticon-add\"><\/i><\/span>\r\n\t       \t\t\t<\/div>\r\n\t\t\t\t<\/div>\r\n\t\t\t\t\t\t\t\t<div class=\"info-box\">\r\n\t\t\t\t\t<h4>Ajustada <\/h4>\t\t\t\t\t<p>Colocaci\u00f3n precisa y uniforme de las piedras, creando un aspecto ordenado y sim\u00e9trico en el muro.<\/p>\r\n\t\t\t\t\t\t\t\t\t<\/div>\r\n\t\t\t<\/div>\r\n\t    <\/div>\r\n\t    \t\t<\/div>\n\t\t\t\t<\/div>\n\t\t\t\t\t<\/div>\n\t\t<\/div>\n\t\t\t\t<div class=\"elementor-column elementor-col-33 elementor-top-column elementor-element elementor-element-c84a2e4 ot-flex-column-vertical\" data-id=\"c84a2e4\" data-element_type=\"column\">\n\t\t\t<div class=\"elementor-widget-wrap\">\n\t\t\t\t\t\t\t\t\t<\/div>\n\t\t<\/div>\n\t\t\t\t\t\t\t<\/div>\n\t\t<\/section>\n\t\t\t\t\t\t\t<\/div>\n\t\t","protected":false},"excerpt":{"rendered":"<p>Piedras Bateig \u00a0 La piedra Bateig se caracteriza por su tono gris\u00e1ceo y su textura uniforme y suave. Su apariencia vers\u00e1til y elegante se adapta perfectamente a una amplia gama de estilos arquitect\u00f3nicos, desde los m\u00e1s modernos y minimalistas hasta los m\u00e1s tradicionales y r\u00fasticos. Adem\u00e1s de su atractivo est\u00e9tico, la piedra Bateig destaca por [&hellip;]<\/p>\n","protected":false},"author":1,"featured_media":0,"parent":0,"menu_order":0,"comment_status":"closed","ping_status":"closed","template":"","meta":{"footnotes":""},"yoast_head":"<!-- This site is optimized with the Yoast SEO plugin v20.6 - https:\/\/yoast.com\/wordpress\/plugins\/seo\/ -->\n<title>Piedra Bateig - Mamposteria Carrascoy<\/title>\n<meta name=\"robots\" content=\"index, follow, max-snippet:-1, max-image-preview:large, max-video-preview:-1\" \/>\n<link rel=\"canonical\" href=\"https:\/\/mamposteriacarrascoy.es\/index.php\/piedra-bateig\/\" \/>\n<meta property=\"og:locale\" content=\"es_ES\" \/>\n<meta property=\"og:type\" content=\"article\" \/>\n<meta property=\"og:title\" content=\"Piedra Bateig - Mamposteria Carrascoy\" \/>\n<meta property=\"og:description\" content=\"Piedras Bateig \u00a0 La piedra Bateig se caracteriza por su tono gris\u00e1ceo y su textura uniforme y suave. Su apariencia vers\u00e1til y elegante se adapta perfectamente a una amplia gama de estilos arquitect\u00f3nicos, desde los m\u00e1s modernos y minimalistas hasta los m\u00e1s tradicionales y r\u00fasticos. Adem\u00e1s de su atractivo est\u00e9tico, la piedra Bateig destaca por [&hellip;]\" \/>\n<meta property=\"og:url\" content=\"https:\/\/mamposteriacarrascoy.es\/index.php\/piedra-bateig\/\" \/>\n<meta property=\"og:site_name\" content=\"Mamposteria Carrascoy\" \/>\n<meta property=\"article:modified_time\" content=\"2023-06-05T13:46:11+00:00\" \/>\n<meta property=\"og:image\" content=\"https:\/\/mamposteriacarrascoy.es\/wp-content\/uploads\/2023\/05\/muro-bateig-ajustada-tresbolillo.jpg\" \/>\n<meta name=\"twitter:card\" content=\"summary_large_image\" \/>\n<meta name=\"twitter:label1\" content=\"Tiempo de lectura\" \/>\n\t<meta name=\"twitter:data1\" content=\"3 minutos\" \/>\n<script type=\"application\/ld+json\" class=\"yoast-schema-graph\">{\"@context\":\"https:\/\/schema.org\",\"@graph\":[{\"@type\":\"WebPage\",\"@id\":\"https:\/\/mamposteriacarrascoy.es\/index.php\/piedra-bateig\/\",\"url\":\"https:\/\/mamposteriacarrascoy.es\/index.php\/piedra-bateig\/\",\"name\":\"Piedra Bateig - Mamposteria Carrascoy\",\"isPartOf\":{\"@id\":\"https:\/\/mamposteriacarrascoy.es\/#website\"},\"datePublished\":\"2023-05-19T09:26:00+00:00\",\"dateModified\":\"2023-06-05T13:46:11+00:00\",\"breadcrumb\":{\"@id\":\"https:\/\/mamposteriacarrascoy.es\/index.php\/piedra-bateig\/#breadcrumb\"},\"inLanguage\":\"es\",\"potentialAction\":[{\"@type\":\"ReadAction\",\"target\":[\"https:\/\/mamposteriacarrascoy.es\/index.php\/piedra-bateig\/\"]}]},{\"@type\":\"BreadcrumbList\",\"@id\":\"https:\/\/mamposteriacarrascoy.es\/index.php\/piedra-bateig\/#breadcrumb\",\"itemListElement\":[{\"@type\":\"ListItem\",\"position\":1,\"name\":\"Portada\",\"item\":\"https:\/\/mamposteriacarrascoy.es\/\"},{\"@type\":\"ListItem\",\"position\":2,\"name\":\"Piedra Bateig\"}]},{\"@type\":\"WebSite\",\"@id\":\"https:\/\/mamposteriacarrascoy.es\/#website\",\"url\":\"https:\/\/mamposteriacarrascoy.es\/\",\"name\":\"Mamposteria Carrascoy\",\"description\":\"Mamposteria\",\"potentialAction\":[{\"@type\":\"SearchAction\",\"target\":{\"@type\":\"EntryPoint\",\"urlTemplate\":\"https:\/\/mamposteriacarrascoy.es\/?s={search_term_string}\"},\"query-input\":\"required name=search_term_string\"}],\"inLanguage\":\"es\"}]}<\/script>\n<!-- \/ Yoast SEO plugin. -->","yoast_head_json":{"title":"Piedra Bateig - Mamposteria Carrascoy","robots":{"index":"index","follow":"follow","max-snippet":"max-snippet:-1","max-image-preview":"max-image-preview:large","max-video-preview":"max-video-preview:-1"},"canonical":"https:\/\/mamposteriacarrascoy.es\/index.php\/piedra-bateig\/","og_locale":"es_ES","og_type":"article","og_title":"Piedra Bateig - Mamposteria Carrascoy","og_description":"Piedras Bateig \u00a0 La piedra Bateig se caracteriza por su tono gris\u00e1ceo y su textura uniforme y suave. Su apariencia vers\u00e1til y elegante se adapta perfectamente a una amplia gama de estilos arquitect\u00f3nicos, desde los m\u00e1s modernos y minimalistas hasta los m\u00e1s tradicionales y r\u00fasticos. Adem\u00e1s de su atractivo est\u00e9tico, la piedra Bateig destaca por [&hellip;]","og_url":"https:\/\/mamposteriacarrascoy.es\/index.php\/piedra-bateig\/","og_site_name":"Mamposteria Carrascoy","article_modified_time":"2023-06-05T13:46:11+00:00","og_image":[{"url":"https:\/\/mamposteriacarrascoy.es\/wp-content\/uploads\/2023\/05\/muro-bateig-ajustada-tresbolillo.jpg"}],"twitter_card":"summary_large_image","twitter_misc":{"Tiempo de lectura":"3 minutos"},"schema":{"@context":"https:\/\/schema.org","@graph":[{"@type":"WebPage","@id":"https:\/\/mamposteriacarrascoy.es\/index.php\/piedra-bateig\/","url":"https:\/\/mamposteriacarrascoy.es\/index.php\/piedra-bateig\/","name":"Piedra Bateig - Mamposteria Carrascoy","isPartOf":{"@id":"https:\/\/mamposteriacarrascoy.es\/#website"},"datePublished":"2023-05-19T09:26:00+00:00","dateModified":"2023-06-05T13:46:11+00:00","breadcrumb":{"@id":"https:\/\/mamposteriacarrascoy.es\/index.php\/piedra-bateig\/#breadcrumb"},"inLanguage":"es","potentialAction":[{"@type":"ReadAction","target":["https:\/\/mamposteriacarrascoy.es\/index.php\/piedra-bateig\/"]}]},{"@type":"BreadcrumbList","@id":"https:\/\/mamposteriacarrascoy.es\/index.php\/piedra-bateig\/#breadcrumb","itemListElement":[{"@type":"ListItem","position":1,"name":"Portada","item":"https:\/\/mamposteriacarrascoy.es\/"},{"@type":"ListItem","position":2,"name":"Piedra Bateig"}]},{"@type":"WebSite","@id":"https:\/\/mamposteriacarrascoy.es\/#website","url":"https:\/\/mamposteriacarrascoy.es\/","name":"Mamposteria Carrascoy","description":"Mamposteria","potentialAction":[{"@type":"SearchAction","target":{"@type":"EntryPoint","urlTemplate":"https:\/\/mamposteriacarrascoy.es\/?s={search_term_string}"},"query-input":"required name=search_term_string"}],"inLanguage":"es"}]}},"_links":{"self":[{"href":"https:\/\/mamposteriacarrascoy.es\/index.php\/wp-json\/wp\/v2\/pages\/10767"}],"collection":[{"href":"https:\/\/mamposteriacarrascoy.es\/index.php\/wp-json\/wp\/v2\/pages"}],"about":[{"href":"https:\/\/mamposteriacarrascoy.es\/index.php\/wp-json\/wp\/v2\/types\/page"}],"author":[{"embeddable":true,"href":"https:\/\/mamposteriacarrascoy.es\/index.php\/wp-json\/wp\/v2\/users\/1"}],"replies":[{"embeddable":true,"href":"https:\/\/mamposteriacarrascoy.es\/index.php\/wp-json\/wp\/v2\/comments?post=10767"}],"version-history":[{"count":25,"href":"https:\/\/mamposteriacarrascoy.es\/index.php\/wp-json\/wp\/v2\/pages\/10767\/revisions"}],"predecessor-version":[{"id":11726,"href":"https:\/\/mamposteriacarrascoy.es\/index.php\/wp-json\/wp\/v2\/pages\/10767\/revisions\/11726"}],"wp:attachment":[{"href":"https:\/\/mamposteriacarrascoy.es\/index.php\/wp-json\/wp\/v2\/media?parent=10767"}],"curies":[{"name":"wp","href":"https:\/\/api.w.org\/{rel}","templated":true}]}}